{"id":58431,"date":"2023-09-12T15:09:34","date_gmt":"2023-09-12T13:09:34","guid":{"rendered":"http:\/\/www.libraria-occitana.org\/?post_type=product&#038;p=58431"},"modified":"2026-04-26T04:47:00","modified_gmt":"2026-04-26T02:47:00","slug":"lo-diari-la-cultura-en-occitan-75-la-traduccion-novela-creacion","status":"publish","type":"product","link":"https:\/\/www.libraria-occitana.org\/oc\/produch\/lo-diari-la-cultura-en-occitan-75-la-traduccion-novela-creacion\/","title":{"rendered":"Lo diari : La cultura, en occitan #75 \u2013 La traduccion : nov\u00e8la creacion ?"},"content":{"rendered":"<p>Lo Diari es lo magazine de la cultura, tota la cultura, mas en occitan. Literatura, musica, esp\u00f2rt, societat, audiovisual, nov\u00e8las tecnologias, i trobaretz de tot per cadun, servit per una c\u00f2la de redactors venguts de pertot.<\/p>\n","protected":false},"excerpt":{"rendered":"<p>Lo Diari es lo magazine de la cultura, tota la cultura, mas en occitan. Literatura, musica, esp\u00f2rt, societat, audiovisual, nov\u00e8las tecnologias, i trobaretz de tot per cadun, servit per una c\u00f2la de redactors venguts de pertot.<\/p>\n","protected":false},"featured_media":58437,"template":"","meta":{"_acf_changed":false,"_genesis_hide_title":false,"_genesis_hide_breadcrumbs":false,"_genesis_hide_singular_image":false,"_genesis_hide_footer_widgets":false,"_genesis_custom_body_class":"","_genesis_custom_post_class":"","_genesis_layout":""},"product_brand":[],"product_cat":[7133,7203],"product_tag":[],"class_list":{"0":"post-58431","1":"product","2":"type-product","3":"status-publish","4":"has-post-thumbnail","6":"product_cat-libres-oc","7":"product_cat-politica-sociologia-actualitat-oc","8":"pa_editeur-ieo-opm-oc","9":"pa_langue-occitan-oc","10":"entry","12":"first","13":"outofstock","14":"shipping-taxable","15":"purchasable","16":"product-type-simple"},"acf":[],"_links":{"self":[{"href":"https:\/\/www.libraria-occitana.org\/oc\/wp-json\/wp\/v2\/product\/58431","targetHints":{"allow":["GET"]}}],"collection":[{"href":"https:\/\/www.libraria-occitana.org\/oc\/wp-json\/wp\/v2\/product"}],"about":[{"href":"https:\/\/www.libraria-occitana.org\/oc\/wp-json\/wp\/v2\/types\/product"}],"wp:featuredmedia":[{"embeddable":true,"href":"https:\/\/www.libraria-occitana.org\/oc\/wp-json\/wp\/v2\/media\/58437"}],"wp:attachment":[{"href":"https:\/\/www.libraria-occitana.org\/oc\/wp-json\/wp\/v2\/media?parent=58431"}],"wp:term":[{"taxonomy":"product_brand","embeddable":true,"href":"https:\/\/www.libraria-occitana.org\/oc\/wp-json\/wp\/v2\/product_brand?post=58431"},{"taxonomy":"product_cat","embeddable":true,"href":"https:\/\/www.libraria-occitana.org\/oc\/wp-json\/wp\/v2\/product_cat?post=58431"},{"taxonomy":"product_tag","embeddable":true,"href":"https:\/\/www.libraria-occitana.org\/oc\/wp-json\/wp\/v2\/product_tag?post=58431"}],"curies":[{"name":"wp","href":"https:\/\/api.w.org\/{rel}","templated":true}]}}