{"id":58443,"date":"2023-09-13T19:06:50","date_gmt":"2023-09-13T17:06:50","guid":{"rendered":"http:\/\/www.libraria-occitana.org\/?post_type=product&#038;p=58443"},"modified":"2026-04-25T21:41:06","modified_gmt":"2026-04-25T19:41:06","slug":"mudadas","status":"publish","type":"product","link":"https:\/\/www.libraria-occitana.org\/oc\/produch\/mudadas\/","title":{"rendered":"Mudadas"},"content":{"rendered":"<p>Al long d\u2019un desenat de nov\u00e8las, l\u2019autor de <em>Mudadas<\/em> entremescla realitat e s\u00f2mi, de cara als trabucs de la vida e als trebol\u00e8ris de l\u2019Ist\u00f2ria.<\/p>\n<p>Las paurs, las amors, la viol\u00e9ncia, los sortil\u00e8gis o los malastres de la gu\u00e8rra desvelan \u00e7\u00f2 escondut al pus prigond dels c\u00f2rs e de las armas.<\/p>\n<p>Joan-P\u00e8ire Lacomba nos fa caminar pels sendi\u00e8rs de vida del monde, dins la lenga de son pa\u00eds de B\u00f2rt (Corresa).<\/p>\n<p>Amb un lexic occitan-franc\u00e9s.<\/p>\n<p>Joan-Peire Lacomba, escrivan de lenga d\u2019\u00f2c, es l\u2019autor d\u2019una \u00f2bra liter\u00e0ria que compta : nov\u00e8las, po\u00e8mas, traduccions\u2026<\/p>\n","protected":false},"excerpt":{"rendered":"<p>Al long d\u2019un desenat de nov\u00e8las, l\u2019autor de Mudadas entremescla realitat e s\u00f2mi, de cara als trabucs de la vida e als trebol\u00e8ris de l\u2019Ist\u00f2ria. Las paurs, las amors, la viol\u00e9ncia, los sortil\u00e8gis o los malastres de la gu\u00e8rra desvelan \u00e7\u00f2 escondut al pus prigond dels c\u00f2rs e de las armas. Joan-P\u00e8ire Lacomba nos fa [&hellip;]<\/p>\n","protected":false},"featured_media":58446,"template":"","meta":{"_acf_changed":false,"_genesis_hide_title":false,"_genesis_hide_breadcrumbs":false,"_genesis_hide_singular_image":false,"_genesis_hide_footer_widgets":false,"_genesis_custom_body_class":"","_genesis_custom_post_class":"","_genesis_layout":""},"product_brand":[],"product_cat":[7133,7175,7183],"product_tag":[],"class_list":{"0":"post-58443","1":"product","2":"type-product","3":"status-publish","4":"has-post-thumbnail","6":"product_cat-libres-oc","7":"product_cat-literatura-oc","8":"product_cat-romans-novelas-oc","9":"pa_auteur-lacombe-jean-pierre-fr-oc","10":"pa_editeur-letras-doc-oc","11":"pa_langue-occitan-oc","12":"pa_langue-occitan-lemosin-oc","13":"entry","15":"first","16":"instock","17":"shipping-taxable","18":"purchasable","19":"product-type-simple"},"acf":[],"_links":{"self":[{"href":"https:\/\/www.libraria-occitana.org\/oc\/wp-json\/wp\/v2\/product\/58443","targetHints":{"allow":["GET"]}}],"collection":[{"href":"https:\/\/www.libraria-occitana.org\/oc\/wp-json\/wp\/v2\/product"}],"about":[{"href":"https:\/\/www.libraria-occitana.org\/oc\/wp-json\/wp\/v2\/types\/product"}],"wp:featuredmedia":[{"embeddable":true,"href":"https:\/\/www.libraria-occitana.org\/oc\/wp-json\/wp\/v2\/media\/58446"}],"wp:attachment":[{"href":"https:\/\/www.libraria-occitana.org\/oc\/wp-json\/wp\/v2\/media?parent=58443"}],"wp:term":[{"taxonomy":"product_brand","embeddable":true,"href":"https:\/\/www.libraria-occitana.org\/oc\/wp-json\/wp\/v2\/product_brand?post=58443"},{"taxonomy":"product_cat","embeddable":true,"href":"https:\/\/www.libraria-occitana.org\/oc\/wp-json\/wp\/v2\/product_cat?post=58443"},{"taxonomy":"product_tag","embeddable":true,"href":"https:\/\/www.libraria-occitana.org\/oc\/wp-json\/wp\/v2\/product_tag?post=58443"}],"curies":[{"name":"wp","href":"https:\/\/api.w.org\/{rel}","templated":true}]}}