{"id":58452,"date":"2023-09-13T19:35:14","date_gmt":"2023-09-13T17:35:14","guid":{"rendered":"http:\/\/www.libraria-occitana.org\/?post_type=product&#038;p=58452"},"modified":"2026-04-12T20:56:33","modified_gmt":"2026-04-12T18:56:33","slug":"tu-libre-cd","status":"publish","type":"product","link":"https:\/\/www.libraria-occitana.org\/oc\/produch\/tu-libre-cd\/","title":{"rendered":"Tu &#8211; Toi (libre + CD)"},"content":{"rendered":"<p>Los 17 po\u00e8mas de <em>Tu<\/em> de Joan-Lo\u00eds Viguier son una sola \u00f2da arderosa a la femna aimada.<br \/>\nDins un j\u00f2c tostemps renovelat de mots e de sonoritats, lo cant del po\u00e8ta camina entre estramb\u00f2rd e incandesc\u00e9ncia.<br \/>\nLos sieus mots creman del f\u00f2c brandal de la passion, dins la celebracion de l\u2019amor.<\/p>\n<p>Traduccion francesa d\u2019Eric Fraj.<\/p>\n<p>Po\u00e8mas dits per Eric Fraj amb un acompanhament musical de Serge Lopez, J.-L. Amestoy, L. Navarro e I. Gonz\u00e1lez.<\/p>\n","protected":false},"excerpt":{"rendered":"<p>Los 17 po\u00e8mas de Tu de Joan-Lo\u00eds Viguier son una sola \u00f2da arderosa a la femna aimada. Dins un j\u00f2c tostemps renovelat de mots e de sonoritats, lo cant del po\u00e8ta camina entre estramb\u00f2rd e incandesc\u00e9ncia. Los sieus mots creman del f\u00f2c brandal de la passion, dins la celebracion de l\u2019amor. Traduccion francesa d\u2019Eric Fraj. [&hellip;]<\/p>\n","protected":false},"featured_media":58450,"template":"","meta":{"_acf_changed":false,"_genesis_hide_title":false,"_genesis_hide_breadcrumbs":false,"_genesis_hide_singular_image":false,"_genesis_hide_footer_widgets":false,"_genesis_custom_body_class":"","_genesis_custom_post_class":"","_genesis_layout":""},"product_brand":[],"product_cat":[7133,7175,7181],"product_tag":[],"class_list":{"0":"post-58452","1":"product","2":"type-product","3":"status-publish","4":"has-post-thumbnail","6":"product_cat-libres-oc","7":"product_cat-literatura-oc","8":"product_cat-poesia-oc","9":"pa_auteur-viguier-joan-lois-oc","10":"pa_editeur-letras-doc-oc","11":"pa_illustrateur-fraj-eric-1-oc","12":"pa_langue-occitan-lengadocian-oc","13":"pa_langue-occitan-francais-oc","14":"entry","16":"first","17":"instock","18":"shipping-taxable","19":"purchasable","20":"product-type-simple"},"acf":[],"_links":{"self":[{"href":"https:\/\/www.libraria-occitana.org\/oc\/wp-json\/wp\/v2\/product\/58452","targetHints":{"allow":["GET"]}}],"collection":[{"href":"https:\/\/www.libraria-occitana.org\/oc\/wp-json\/wp\/v2\/product"}],"about":[{"href":"https:\/\/www.libraria-occitana.org\/oc\/wp-json\/wp\/v2\/types\/product"}],"wp:featuredmedia":[{"embeddable":true,"href":"https:\/\/www.libraria-occitana.org\/oc\/wp-json\/wp\/v2\/media\/58450"}],"wp:attachment":[{"href":"https:\/\/www.libraria-occitana.org\/oc\/wp-json\/wp\/v2\/media?parent=58452"}],"wp:term":[{"taxonomy":"product_brand","embeddable":true,"href":"https:\/\/www.libraria-occitana.org\/oc\/wp-json\/wp\/v2\/product_brand?post=58452"},{"taxonomy":"product_cat","embeddable":true,"href":"https:\/\/www.libraria-occitana.org\/oc\/wp-json\/wp\/v2\/product_cat?post=58452"},{"taxonomy":"product_tag","embeddable":true,"href":"https:\/\/www.libraria-occitana.org\/oc\/wp-json\/wp\/v2\/product_tag?post=58452"}],"curies":[{"name":"wp","href":"https:\/\/api.w.org\/{rel}","templated":true}]}}