{"id":58457,"date":"2023-09-13T19:45:29","date_gmt":"2023-09-13T17:45:29","guid":{"rendered":"http:\/\/www.libraria-occitana.org\/?post_type=product&#038;p=58457"},"modified":"2026-04-25T21:36:59","modified_gmt":"2026-04-25T19:36:59","slug":"seme-de-hemna","status":"publish","type":"product","link":"https:\/\/www.libraria-occitana.org\/oc\/produch\/seme-de-hemna\/","title":{"rendered":"Seme de hemna"},"content":{"rendered":"<p>Que son tretze nov\u00e8las qui son estadas amassadas per T\u00f2ni Escala dens <em>Seme de hemna<\/em>.<br \/>\nDe la montanha aranesa a la mar, tretze camins de vita ont se crotzan \u00f2mis e hemnas, qui\u2019s tuman a las realitats, aus cambiaments e aus trebucs qui pert\u00f2can monde, animaus e natura.<br \/>\nUa escritura h\u00f2rta qui\u2019ns h\u00e8 v\u00e9der e tocar los plasers e las dolors de l\u2019exist\u00e9ncia.<\/p>\n<p>Dab un lexic deus mots los mei riales o esqu\u00e8rs.<\/p>\n","protected":false},"excerpt":{"rendered":"<p>Que son tretze nov\u00e8las qui son estadas amassadas per T\u00f2ni Escala dens Seme de hemna. De la montanha aranesa a la mar, tretze camins de vita ont se crotzan \u00f2mis e hemnas, qui\u2019s tuman a las realitats, aus cambiaments e aus trebucs qui pert\u00f2can monde, animaus e natura. Ua escritura h\u00f2rta qui\u2019ns h\u00e8 v\u00e9der e [&hellip;]<\/p>\n","protected":false},"featured_media":58460,"template":"","meta":{"_acf_changed":false,"_genesis_hide_title":false,"_genesis_hide_breadcrumbs":false,"_genesis_hide_singular_image":false,"_genesis_hide_footer_widgets":false,"_genesis_custom_body_class":"","_genesis_custom_post_class":"","_genesis_layout":""},"product_brand":[],"product_cat":[7133,7175,7183],"product_tag":[],"class_list":{"0":"post-58457","1":"product","2":"type-product","3":"status-publish","4":"has-post-thumbnail","6":"product_cat-libres-oc","7":"product_cat-literatura-oc","8":"product_cat-romans-novelas-oc","9":"pa_auteur-escala-toni-oc","10":"pa_editeur-letras-doc-oc","11":"pa_langue-occitan-oc","12":"pa_langue-occitan-gascon-oc","13":"entry","15":"first","16":"instock","17":"shipping-taxable","18":"purchasable","19":"product-type-simple"},"acf":[],"_links":{"self":[{"href":"https:\/\/www.libraria-occitana.org\/oc\/wp-json\/wp\/v2\/product\/58457","targetHints":{"allow":["GET"]}}],"collection":[{"href":"https:\/\/www.libraria-occitana.org\/oc\/wp-json\/wp\/v2\/product"}],"about":[{"href":"https:\/\/www.libraria-occitana.org\/oc\/wp-json\/wp\/v2\/types\/product"}],"wp:featuredmedia":[{"embeddable":true,"href":"https:\/\/www.libraria-occitana.org\/oc\/wp-json\/wp\/v2\/media\/58460"}],"wp:attachment":[{"href":"https:\/\/www.libraria-occitana.org\/oc\/wp-json\/wp\/v2\/media?parent=58457"}],"wp:term":[{"taxonomy":"product_brand","embeddable":true,"href":"https:\/\/www.libraria-occitana.org\/oc\/wp-json\/wp\/v2\/product_brand?post=58457"},{"taxonomy":"product_cat","embeddable":true,"href":"https:\/\/www.libraria-occitana.org\/oc\/wp-json\/wp\/v2\/product_cat?post=58457"},{"taxonomy":"product_tag","embeddable":true,"href":"https:\/\/www.libraria-occitana.org\/oc\/wp-json\/wp\/v2\/product_tag?post=58457"}],"curies":[{"name":"wp","href":"https:\/\/api.w.org\/{rel}","templated":true}]}}