{"id":58466,"date":"2023-09-13T20:00:29","date_gmt":"2023-09-13T18:00:29","guid":{"rendered":"http:\/\/www.libraria-occitana.org\/product\/sinera\/"},"modified":"2026-04-29T10:20:50","modified_gmt":"2026-04-29T08:20:50","slug":"sinera","status":"publish","type":"product","link":"https:\/\/www.libraria-occitana.org\/oc\/produch\/sinera\/","title":{"rendered":"Sin\u00e8ra"},"content":{"rendered":"<p>Edicion nov\u00e8la.<\/p>\n<p>Al long de <em>Sin\u00e8ra e la m\u00f2stra d\u2019\u00f2r<\/em>, Andrieu Lagarda nos conta l\u2019itinerari e la vida d\u2019un \u00f2me del p\u00f2ble, entre los s\u00e8gles XIXen e XXen. De las descob\u00e8rtas d\u2019un mainadet curi\u00f3s de tot \u00e7\u00f2 que l\u2019environa, a l\u2019adulte qu\u2019a sabut bastir son independ\u00e9ncia, en passant per la dintrada a l\u2019esc\u00f2la o las porradas del temps de gojat.<br \/>\nEs la vida d\u2019un mestieral que camina e s\u2019adapta als cambiaments tant socials coma tecnics e economics que capviran la vida del p\u00f2ble, en passant del vilatj\u00f2t rural a la vil\u00f2ta industriosa.<\/p>\n<p>Andrieu Lagarda es un m\u00e8stre per desvolzar las cronicas de la vida vidanta al long de las annadas : f\u00e8stas, aventuras e reviradas, mas tanben paurs, dramas e malastres, dins una lenga viva e saborosa. Un grand plaser de lectura.<\/p>\n<p><em>Sin\u00e8ra e la m\u00f2stra d\u2019\u00f2r<\/em>, un dels libres dels pus escasuts d\u2019Andrieu Lagarda.<br \/>\nAmb un lexic occitan-franc\u00e9s.<\/p>\n","protected":false},"excerpt":{"rendered":"<p>Edicion nov\u00e8la. Al long de Sin\u00e8ra e la m\u00f2stra d\u2019\u00f2r, Andrieu Lagarda nos conta l\u2019itinerari e la vida d\u2019un \u00f2me del p\u00f2ble, entre los s\u00e8gles XIXen e XXen. De las descob\u00e8rtas d\u2019un mainadet curi\u00f3s de tot \u00e7\u00f2 que l\u2019environa, a l\u2019adulte qu\u2019a sabut bastir son independ\u00e9ncia, en passant per la dintrada a l\u2019esc\u00f2la o las [&hellip;]<\/p>\n","protected":false},"featured_media":58464,"template":"","meta":{"_acf_changed":false,"_genesis_hide_title":false,"_genesis_hide_breadcrumbs":false,"_genesis_hide_singular_image":false,"_genesis_hide_footer_widgets":false,"_genesis_custom_body_class":"","_genesis_custom_post_class":"","_genesis_layout":""},"product_brand":[],"product_cat":[7133,7175,7183],"product_tag":[],"class_list":{"0":"post-58466","1":"product","2":"type-product","3":"status-publish","4":"has-post-thumbnail","6":"product_cat-libres-oc","7":"product_cat-literatura-oc","8":"product_cat-romans-novelas-oc","9":"pa_auteur-lagarda-andrieu-oc","10":"pa_editeur-letras-doc-oc","11":"pa_langue-occitan-oc","12":"pa_langue-occitan-lengadocian-oc","13":"entry","15":"first","16":"instock","17":"shipping-taxable","18":"purchasable","19":"product-type-simple"},"acf":[],"_links":{"self":[{"href":"https:\/\/www.libraria-occitana.org\/oc\/wp-json\/wp\/v2\/product\/58466","targetHints":{"allow":["GET"]}}],"collection":[{"href":"https:\/\/www.libraria-occitana.org\/oc\/wp-json\/wp\/v2\/product"}],"about":[{"href":"https:\/\/www.libraria-occitana.org\/oc\/wp-json\/wp\/v2\/types\/product"}],"wp:featuredmedia":[{"embeddable":true,"href":"https:\/\/www.libraria-occitana.org\/oc\/wp-json\/wp\/v2\/media\/58464"}],"wp:attachment":[{"href":"https:\/\/www.libraria-occitana.org\/oc\/wp-json\/wp\/v2\/media?parent=58466"}],"wp:term":[{"taxonomy":"product_brand","embeddable":true,"href":"https:\/\/www.libraria-occitana.org\/oc\/wp-json\/wp\/v2\/product_brand?post=58466"},{"taxonomy":"product_cat","embeddable":true,"href":"https:\/\/www.libraria-occitana.org\/oc\/wp-json\/wp\/v2\/product_cat?post=58466"},{"taxonomy":"product_tag","embeddable":true,"href":"https:\/\/www.libraria-occitana.org\/oc\/wp-json\/wp\/v2\/product_tag?post=58466"}],"curies":[{"name":"wp","href":"https:\/\/api.w.org\/{rel}","templated":true}]}}