{"id":58521,"date":"2019-07-25T15:22:06","date_gmt":"2019-07-25T13:22:06","guid":{"rendered":"http:\/\/www.libraria-occitana.org\/product\/chansons-populaires-dans-le-bas-berry\/"},"modified":"2026-04-13T04:26:55","modified_gmt":"2026-04-13T02:26:55","slug":"chansons-populaires-dans-le-bas-berry","status":"publish","type":"product","link":"https:\/\/www.libraria-occitana.org\/oc\/produch\/chansons-populaires-dans-le-bas-berry\/","title":{"rendered":"Chansons populaires dans le Bas-Berry"},"content":{"rendered":"<p>Voici, enfin, la r\u00e9\u00e9dition DU Barbillat et Touraine, devenu introuvable ! Un seul ouvrage regroupant les cinq volumes originels et 460 chansons et m\u00e9lodies traditionnelles toutes collect\u00e9es en Berry auxquels ont \u00e9t\u00e9 ajout\u00e9s toutes les rondes et formulettes de jeux sp\u00e9cifiques aux traditions musicales enfantines.<\/p>\n<p>Ce r\u00e9pertoire (recopi\u00e9 par \u00c9mile Barbillat et sa tr\u00e8s belle \u00e9criture de \u00ab ma\u00eetre d\u2019\u00e9cole \u00bb) est conserv\u00e9 aux Archives Nationales et in\u00e9dit \u00e0 ce jour.<\/p>\n<p>L\u2019ajout des r\u00e9f\u00e9rences au catalogue Coirault (qui permet, pour chaque chanson, de retrouver toutes les versions proches existant dans d\u2019autres provinces ou dans des recueils plus anciens) est un \u00ab plus \u00bb pour les amateurs d\u2019ethnomusicologie.<\/p>\n<p>Enfin, les amoureux du Berry peuvent se r\u00e9jouir de la vitalit\u00e9 et de la richesse de cette tradition chant\u00e9e, des illustrations, \u0153uvres d\u2019artistes contemporains des deux collecteurs, et de l\u2019importance accord\u00e9e encore aujourd\u2019hui au patrimoine oral.<\/p>\n","protected":false},"excerpt":{"rendered":"<p>Voici, enfin, la r\u00e9\u00e9dition DU Barbillat et Touraine, devenu introuvable ! Un seul ouvrage regroupant les cinq volumes originels et 460 chansons et m\u00e9lodies traditionnelles toutes collect\u00e9es en Berry auxquels ont \u00e9t\u00e9 ajout\u00e9s toutes les rondes et formulettes de jeux sp\u00e9cifiques aux traditions musicales enfantines. Ce r\u00e9pertoire (recopi\u00e9 par \u00c9mile Barbillat et sa tr\u00e8s belle [&hellip;]<\/p>\n","protected":false},"featured_media":58519,"template":"","meta":{"_acf_changed":false,"_genesis_hide_title":false,"_genesis_hide_breadcrumbs":false,"_genesis_hide_singular_image":false,"_genesis_hide_footer_widgets":false,"_genesis_custom_body_class":"","_genesis_custom_post_class":"","_genesis_layout":""},"product_brand":[],"product_cat":[7133,7191,7193],"product_tag":[],"class_list":{"0":"post-58521","1":"product","2":"type-product","3":"status-publish","4":"has-post-thumbnail","6":"product_cat-libres-oc","7":"product_cat-musica-danca-oc","8":"product_cat-particions-paraulas-de-chancons-oc","9":"pa_auteur-barbillat-emile-oc","10":"pa_auteur-touraine-louis-laurian-oc","11":"pa_editeur-la-bouinotte-editions-oc","12":"pa_editeur-lancosme-multimedia-oc","13":"pa_langue-francais-oc","14":"entry","16":"first","17":"outofstock","18":"shipping-taxable","19":"purchasable","20":"product-type-simple"},"acf":[],"_links":{"self":[{"href":"https:\/\/www.libraria-occitana.org\/oc\/wp-json\/wp\/v2\/product\/58521","targetHints":{"allow":["GET"]}}],"collection":[{"href":"https:\/\/www.libraria-occitana.org\/oc\/wp-json\/wp\/v2\/product"}],"about":[{"href":"https:\/\/www.libraria-occitana.org\/oc\/wp-json\/wp\/v2\/types\/product"}],"wp:featuredmedia":[{"embeddable":true,"href":"https:\/\/www.libraria-occitana.org\/oc\/wp-json\/wp\/v2\/media\/58519"}],"wp:attachment":[{"href":"https:\/\/www.libraria-occitana.org\/oc\/wp-json\/wp\/v2\/media?parent=58521"}],"wp:term":[{"taxonomy":"product_brand","embeddable":true,"href":"https:\/\/www.libraria-occitana.org\/oc\/wp-json\/wp\/v2\/product_brand?post=58521"},{"taxonomy":"product_cat","embeddable":true,"href":"https:\/\/www.libraria-occitana.org\/oc\/wp-json\/wp\/v2\/product_cat?post=58521"},{"taxonomy":"product_tag","embeddable":true,"href":"https:\/\/www.libraria-occitana.org\/oc\/wp-json\/wp\/v2\/product_tag?post=58521"}],"curies":[{"name":"wp","href":"https:\/\/api.w.org\/{rel}","templated":true}]}}