{"id":58529,"date":"2022-10-28T12:18:12","date_gmt":"2022-10-28T10:18:12","guid":{"rendered":"http:\/\/www.libraria-occitana.org\/?post_type=product&#038;p=58529"},"modified":"2026-04-02T22:06:58","modified_gmt":"2026-04-02T20:06:58","slug":"vidas-e-engranatges","status":"publish","type":"product","link":"https:\/\/www.libraria-occitana.org\/oc\/produch\/vidas-e-engranatges\/","title":{"rendered":"Vidas e engranatges"},"content":{"rendered":"<blockquote>\n<p>&#8230;Ara, la tele, la gaiti pas pus. De tot biais, fa plan si\u00e8is meses qu\u2019es desmargada. A passadas, l\u2019aluqui, l\u2019ecran es plen de n\u00e8u, cap de son ne sort\u00eds pas, mas aqu\u00f2 me fa companhi\u00e1. Los libres, eles, me tomban de las mans. Ai pas enveja de passejar, de veire de mond tanpauc. Sabi plan que me caldri\u00e1 reagir. Soi pas vi\u00e8lh, p\u00f2di tornar comen\u00e7ar, me trapar una amiga, veire de coll\u00e8gas celibataris, faire d\u2019esp\u00f2rt. Francament, sonque l\u2019id\u00e8a me confla. Soi pas mala\u00fcr\u00f3s, vos o an\u00e8ssetz pas figurar, depressiu tanpauc. Me\u2019n foti pas de tot. Cresi que ma vida m\u2019inter\u00e8ssa pas pro. Pel moment. E ne soi a me demandar se m\u2019a agut interessat un jorn a de bon. En cambi, badi. [&#8230;]<\/p>\n<p>Per la fen\u00e8stra<\/p>\n<\/blockquote>\n<blockquote>\n<p>&#8230;De qu\u00e9 vol\u00e8tz que vos diga ? Vos sequi benl\u00e8u a vos repetir que me sentissi pas pr\u00e8st pel martiri, mas pel renonciament tanpauc. Sosca que soscar\u00e0s, cresi que l\u2019ai trobada, la parada. [&#8230;]<\/p>\n<p>\u00ab Jurassic Parc, lo retorn \u00bb<\/p>\n<\/blockquote>\n<p>24 nouvelles de Florian Vernet :<\/p>\n<ul>\n<li>Marina<\/li>\n<li>Per la fen\u00e8stra<\/li>\n<li>Retorn<\/li>\n<li>Un tabl\u00e8u<\/li>\n<li>Desparlatge<\/li>\n<li>Dulins de matin<\/li>\n<li>\u00ab Benastrucs los que i veson pas, que i veir\u00e0n\u2026 \u00bb<\/li>\n<li>\u00ab Jurassic Parc, lo retorn \u00bb<\/li>\n<li>GTI<\/li>\n<li>Escape<\/li>\n<li>De l\u2019amor o de sas banl\u00e8gas<\/li>\n<li>Entrevista<\/li>\n<li>Marion<\/li>\n<li>Qualqu\u2019un<\/li>\n<li>Telefonada<\/li>\n<li>Dins aqueste, de mesti\u00e8r<\/li>\n<li>Lo doble del doble<\/li>\n<li>Me doblidar\u00e0s ?<\/li>\n<li>Menina<\/li>\n<li>Totes los f\u00f2cs<\/li>\n<li>Mala flaira<\/li>\n<li>Primi\u00e8r temps<\/li>\n<li>Revelacions<\/li>\n<li>\u00c8ra pas un afaire<\/li>\n<\/ul>\n","protected":false},"excerpt":{"rendered":"<p>&#8230;Ara, la tele, la gaiti pas pus. De tot biais, fa plan si\u00e8is meses qu\u2019es desmargada. A passadas, l\u2019aluqui, l\u2019ecran es plen de n\u00e8u, cap de son ne sort\u00eds pas, mas aqu\u00f2 me fa companhi\u00e1. Los libres, eles, me tomban de las mans. Ai pas enveja de passejar, de veire de mond tanpauc. Sabi plan [&hellip;]<\/p>\n","protected":false},"featured_media":58532,"template":"","meta":{"_acf_changed":false,"_genesis_hide_title":false,"_genesis_hide_breadcrumbs":false,"_genesis_hide_singular_image":false,"_genesis_hide_footer_widgets":false,"_genesis_custom_body_class":"","_genesis_custom_post_class":"","_genesis_layout":""},"product_brand":[],"product_cat":[7133,7175,7183],"product_tag":[],"class_list":{"0":"post-58529","1":"product","2":"type-product","3":"status-publish","4":"has-post-thumbnail","6":"product_cat-libres-oc","7":"product_cat-literatura-oc","8":"product_cat-romans-novelas-oc","9":"pa_auteur-vernet-florian-oc","10":"pa_editeur-ieo-fr-oc","11":"pa_langue-occitan-oc","12":"pa_langue-occitan-lengadocian-oc","13":"entry","15":"first","16":"instock","17":"shipping-taxable","18":"purchasable","19":"product-type-simple"},"acf":[],"_links":{"self":[{"href":"https:\/\/www.libraria-occitana.org\/oc\/wp-json\/wp\/v2\/product\/58529","targetHints":{"allow":["GET"]}}],"collection":[{"href":"https:\/\/www.libraria-occitana.org\/oc\/wp-json\/wp\/v2\/product"}],"about":[{"href":"https:\/\/www.libraria-occitana.org\/oc\/wp-json\/wp\/v2\/types\/product"}],"wp:featuredmedia":[{"embeddable":true,"href":"https:\/\/www.libraria-occitana.org\/oc\/wp-json\/wp\/v2\/media\/58532"}],"wp:attachment":[{"href":"https:\/\/www.libraria-occitana.org\/oc\/wp-json\/wp\/v2\/media?parent=58529"}],"wp:term":[{"taxonomy":"product_brand","embeddable":true,"href":"https:\/\/www.libraria-occitana.org\/oc\/wp-json\/wp\/v2\/product_brand?post=58529"},{"taxonomy":"product_cat","embeddable":true,"href":"https:\/\/www.libraria-occitana.org\/oc\/wp-json\/wp\/v2\/product_cat?post=58529"},{"taxonomy":"product_tag","embeddable":true,"href":"https:\/\/www.libraria-occitana.org\/oc\/wp-json\/wp\/v2\/product_tag?post=58529"}],"curies":[{"name":"wp","href":"https:\/\/api.w.org\/{rel}","templated":true}]}}