{"id":58544,"date":"2023-09-29T11:57:59","date_gmt":"2023-09-29T09:57:59","guid":{"rendered":"http:\/\/www.libraria-occitana.org\/?post_type=product&#038;p=58544"},"modified":"2026-04-17T01:16:16","modified_gmt":"2026-04-16T23:16:16","slug":"accordeon-diatonique-musique-traditionnelle-de-gascogne","status":"publish","type":"product","link":"https:\/\/www.libraria-occitana.org\/oc\/produch\/accordeon-diatonique-musique-traditionnelle-de-gascogne\/","title":{"rendered":"Accord\u00e9on diatonique : Musique traditionnelle de Gascogne"},"content":{"rendered":"<p><strong>Cl\u00e9ment Rousse :<\/strong> Accord\u00e9on diatonique<\/p>\n<p>Traditionnel : Gascogne (19 titres).<\/p>\n<p>Enfant des bals traditionnels, Cl\u00e9ment Rousse, jeune accord\u00e9oniste d\u00e9j\u00e0 reconnu, qui \u00e9volue au sein de nombreuses formations (duo Rousse-Tisn\u00e8r, Thoux\u2019Azun, DBRB, Dirty Caps\u2019, La Vesina, Lo bal del Lop, Septembre) nous offre une riche interpr\u00e9tation au diatonique des musiques traditionnelles de Gascogne : Bigorre, B\u00e9arn, Landes de Gascogne, Armagnac et Sav\u00e8s. Ce disque, fruit d\u2019un travail long et exigeant tant pour le choix d\u2019un r\u00e9pertoire rare que pour sa mise en valeur propre \u00e0 son instrument, est un r\u00e9gal de musiques cadenc\u00e9es, color\u00e9es, g\u00e9n\u00e9reuses, aux vibrations ensoleill\u00e9es.<\/p>\n<p><strong>Titres :<\/strong><br \/>\n1. Le Ba\u00efar 2&#8217;43<br \/>\n2. Gavotte d&#8217;Arens 3&#8217;08<br \/>\n3. Los Casterets 2&#8217;48<br \/>\n4. Suite de rondeaux 3&#8217;26<br \/>\n5. Mon do\u00e7 amic s&#8217;en va partir 2&#8217;28<br \/>\n6. Pas d&#8217;Estiu 2&#8217;58<br \/>\n7. La Bastrangue 2&#8217;23<br \/>\n8. Plora, plora, ploricons 2&#8217;39<br \/>\n9. Laborg 3&#8217;57<br \/>\n10. Lo Cinto 2&#8217;08<br \/>\n11. Suite de rondeaux 3&#8217;24<br \/>\n12. Rossinholet 2&#8217;27<\/p>\n","protected":false},"excerpt":{"rendered":"<p>Cl\u00e9ment Rousse : Accord\u00e9on diatonique Traditionnel : Gascogne (19 titres). Enfant des bals traditionnels, Cl\u00e9ment Rousse, jeune accord\u00e9oniste d\u00e9j\u00e0 reconnu, qui \u00e9volue au sein de nombreuses formations (duo Rousse-Tisn\u00e8r, Thoux\u2019Azun, DBRB, Dirty Caps\u2019, La Vesina, Lo bal del Lop, Septembre) nous offre une riche interpr\u00e9tation au diatonique des musiques traditionnelles de Gascogne : Bigorre, B\u00e9arn, [&hellip;]<\/p>\n","protected":false},"featured_media":58547,"template":"","meta":{"_acf_changed":false,"_genesis_hide_title":false,"_genesis_hide_breadcrumbs":false,"_genesis_hide_singular_image":false,"_genesis_hide_footer_widgets":false,"_genesis_custom_body_class":"","_genesis_custom_post_class":"","_genesis_layout":""},"product_brand":[],"product_cat":[16683,7229],"product_tag":[],"class_list":{"0":"post-58544","1":"product","2":"type-product","3":"status-publish","4":"has-post-thumbnail","6":"product_cat-musica-oc","7":"product_cat-novela-tradicion-oc","8":"pa_auteur-rousse-clement-oc","9":"pa_editeur-aepem-oc","10":"entry","12":"first","13":"instock","14":"shipping-taxable","15":"purchasable","16":"product-type-simple"},"acf":[],"_links":{"self":[{"href":"https:\/\/www.libraria-occitana.org\/oc\/wp-json\/wp\/v2\/product\/58544","targetHints":{"allow":["GET"]}}],"collection":[{"href":"https:\/\/www.libraria-occitana.org\/oc\/wp-json\/wp\/v2\/product"}],"about":[{"href":"https:\/\/www.libraria-occitana.org\/oc\/wp-json\/wp\/v2\/types\/product"}],"wp:featuredmedia":[{"embeddable":true,"href":"https:\/\/www.libraria-occitana.org\/oc\/wp-json\/wp\/v2\/media\/58547"}],"wp:attachment":[{"href":"https:\/\/www.libraria-occitana.org\/oc\/wp-json\/wp\/v2\/media?parent=58544"}],"wp:term":[{"taxonomy":"product_brand","embeddable":true,"href":"https:\/\/www.libraria-occitana.org\/oc\/wp-json\/wp\/v2\/product_brand?post=58544"},{"taxonomy":"product_cat","embeddable":true,"href":"https:\/\/www.libraria-occitana.org\/oc\/wp-json\/wp\/v2\/product_cat?post=58544"},{"taxonomy":"product_tag","embeddable":true,"href":"https:\/\/www.libraria-occitana.org\/oc\/wp-json\/wp\/v2\/product_tag?post=58544"}],"curies":[{"name":"wp","href":"https:\/\/api.w.org\/{rel}","templated":true}]}}