{"id":58575,"date":"2023-10-06T14:56:09","date_gmt":"2023-10-06T12:56:09","guid":{"rendered":"http:\/\/www.libraria-occitana.org\/product\/impromptus\/"},"modified":"2026-04-26T00:01:47","modified_gmt":"2026-04-25T22:01:47","slug":"impromptus","status":"publish","type":"product","link":"https:\/\/www.libraria-occitana.org\/oc\/produch\/impromptus\/","title":{"rendered":"Imprompt\u00fas"},"content":{"rendered":"<p>Bernard Manciet que perpausa nau po\u00e8mas imprompt\u00fas, escriuts \u00ab de chic \u00bb com ditz, shens mod\u00e8le, de fai\u00e7on espontan\u00e8a. Que son po\u00e8mas h\u00f2rts, po\u00e8mas bastits e estavanits, po\u00e8mas de franc-tiraire.<\/p>\n<blockquote><p>adiu Gen\u00e8sta e Li\u00e0<br \/>\nd\u2019un dit de long la maish\u00e8ra<br \/>\nadiu Lina e Jacmelina<br \/>\nadiu lo jorn que se\u2019n va<\/p>\n<p>(extr\u00e8it d'<em>Imprompt\u00fa de Raqu\u00eds<\/em>)<\/p><\/blockquote>\n","protected":false},"excerpt":{"rendered":"<p>Bernard Manciet que perpausa nau po\u00e8mas imprompt\u00fas, escriuts \u00ab de chic \u00bb com ditz, shens mod\u00e8le, de fai\u00e7on espontan\u00e8a. Que son po\u00e8mas h\u00f2rts, po\u00e8mas bastits e estavanits, po\u00e8mas de franc-tiraire. adiu Gen\u00e8sta e Li\u00e0 d\u2019un dit de long la maish\u00e8ra adiu Lina e Jacmelina adiu lo jorn que se\u2019n va (extr\u00e8it d&#8217;Imprompt\u00fa de Raqu\u00eds)<\/p>\n","protected":false},"featured_media":58573,"template":"","meta":{"_acf_changed":false,"_genesis_hide_title":false,"_genesis_hide_breadcrumbs":false,"_genesis_hide_singular_image":false,"_genesis_hide_footer_widgets":false,"_genesis_custom_body_class":"","_genesis_custom_post_class":"","_genesis_layout":""},"product_brand":[],"product_cat":[7133,7175,7181],"product_tag":[],"class_list":{"0":"post-58575","1":"product","2":"type-product","3":"status-publish","4":"has-post-thumbnail","6":"product_cat-libres-oc","7":"product_cat-literatura-oc","8":"product_cat-poesia-oc","9":"pa_auteur-manciet-bernat-oc","10":"pa_editeur-reclams-oc","11":"pa_langue-occitan-gascon-oc","12":"pa_langue-occitan-francais-oc","13":"entry","15":"first","16":"outofstock","17":"shipping-taxable","18":"purchasable","19":"product-type-simple"},"acf":[],"_links":{"self":[{"href":"https:\/\/www.libraria-occitana.org\/oc\/wp-json\/wp\/v2\/product\/58575","targetHints":{"allow":["GET"]}}],"collection":[{"href":"https:\/\/www.libraria-occitana.org\/oc\/wp-json\/wp\/v2\/product"}],"about":[{"href":"https:\/\/www.libraria-occitana.org\/oc\/wp-json\/wp\/v2\/types\/product"}],"wp:featuredmedia":[{"embeddable":true,"href":"https:\/\/www.libraria-occitana.org\/oc\/wp-json\/wp\/v2\/media\/58573"}],"wp:attachment":[{"href":"https:\/\/www.libraria-occitana.org\/oc\/wp-json\/wp\/v2\/media?parent=58575"}],"wp:term":[{"taxonomy":"product_brand","embeddable":true,"href":"https:\/\/www.libraria-occitana.org\/oc\/wp-json\/wp\/v2\/product_brand?post=58575"},{"taxonomy":"product_cat","embeddable":true,"href":"https:\/\/www.libraria-occitana.org\/oc\/wp-json\/wp\/v2\/product_cat?post=58575"},{"taxonomy":"product_tag","embeddable":true,"href":"https:\/\/www.libraria-occitana.org\/oc\/wp-json\/wp\/v2\/product_tag?post=58575"}],"curies":[{"name":"wp","href":"https:\/\/api.w.org\/{rel}","templated":true}]}}