{"id":58582,"date":"2023-10-06T20:19:00","date_gmt":"2023-10-06T18:19:00","guid":{"rendered":"http:\/\/www.libraria-occitana.org\/product\/ma-vie-sur-un-plateau\/"},"modified":"2026-04-14T23:56:56","modified_gmt":"2026-04-14T21:56:56","slug":"ma-vie-sur-un-plateau","status":"publish","type":"product","link":"https:\/\/www.libraria-occitana.org\/oc\/produch\/ma-vie-sur-un-plateau\/","title":{"rendered":"Ma vie sur un plateau"},"content":{"rendered":"<p>\u00ab Pour moi, toute chose commenc\u00e9e doit \u00eatre termin\u00e9e ; je ne suis pas tranquille \u00e0 mi-chemin.<br \/>\nJe suis d\u00e9vor\u00e9 par le d\u00e9sir de tout savoir. C\u2019est ainsi que j\u2019ai cherch\u00e9 la solution de la question sociale, que j\u2019ai apport\u00e9 un tribut important \u00e0 la question paysanne et que je suis devenu arch\u00e9ologue assez averti.\u00bb<\/p>\n<p style=\"text-align: right;\">Marius Vazeilles<\/p>\n<p>Qui ne conna\u00eet, sur la Montagne limousine, cette figure tut\u00e9laire \u00e0 la barbe proph\u00e9tique ?<\/p>\n<p>Forestier convaincu sur une terre paysanne dure, arch\u00e9ologue \u00ab d\u00e9vor\u00e9 du d\u00e9sir de savoir \u00bb, interrogeant le sol et les traces que les \u00e2ges y ont laiss\u00e9es, profond\u00e9ment engag\u00e9 pour l\u2019am\u00e9lioration du sort des humains qu\u2019il c\u00f4toie.<br \/>\nHumaniste avant tout.<\/p>\n<p>En 2022, \u00e0 l\u2019occasion du cinquanti\u00e8me anniversaire de sa mort, l\u2019<strong>Association-Fondation Marius Vazeilles, \u00e0 Meymac<\/strong>, a demand\u00e9 \u00e0 la Compagnie th\u00e9\u00e2trale La K\u00e9lid\u00f4ne, co-dirig\u00e9e par <strong>Sylvie Peyronnet<\/strong> et <strong>Claude Montagn\u00e9<\/strong>, de faire revivre les actions et les combats de cet homme de passion et d\u2019engagement : Marius Vazeilles.<br \/>\nC\u2019est ainsi qu\u2019a \u00e9t\u00e9 cr\u00e9\u00e9e la pi\u00e8ce : <strong><em>Ma vie sur un plateau<\/em><\/strong>.<\/p>\n<p>Assortie en 2e et 3e couverture de photos de Marius Vazeilles, de clich\u00e9s originaux de Victor Montagn\u00e9, \u00e9voquant le personnage, et de dessins de Anne Ch\u00e9rioux, ce petit livre, qui reproduit le texte d\u2019une pi\u00e8ce \u00e0 deux personnages, le personnage principal (M.V) et le narrateur (N), \u00e9voque ce que furent la vie et la passion de cet homme humaniste et engag\u00e9, forestier, arch\u00e9ologue et homme politique pour venir en aide et valoriser les paysans et la terre de ce pays.<\/p>\n<blockquote>\n<p>M.V. &#8211; Il faut assainir les fonds de vall\u00e9es\u2026,<br \/>\nN. &#8211; \u2026arroser les versants pour obtenir de belles prairies,<br \/>\nM.V. &#8211; \u2026reboiser les cr\u00eates en feuillus et r\u00e9sineux ! Eh oui ! Il faut assainir les fonds de vall\u00e9es, arroser les versants pourobtenir de belles prairies, reboiser les cr\u00eates en feuillus et r\u00e9sineux !<br \/>\nBref je suis persuad\u00e9 des bienfaits de l\u2019alliance de l\u2019arbre et de l\u2019herbe.<br \/>\nLe plateau doit devenir un vaste pr\u00e9-bois.<br \/>\nN. &#8211; Il comprend la synergie qui existe entre la nature et l\u2019homme.<br \/>\nEn cela, il est un \u00e9cologiste avant l\u2019heure.<br \/>\nIl milite pour un \u00e9quilibre agro-sylvo-pastoral.<br \/>\nCette mani\u00e8re tr\u00e8s particuli\u00e8re qu\u2019il a d\u2019observer le monde le conduit \u00e0 le penser dans sa globalit\u00e9.<\/p>\n<\/blockquote>\n","protected":false},"excerpt":{"rendered":"<p>\u00ab Pour moi, toute chose commenc\u00e9e doit \u00eatre termin\u00e9e ; je ne suis pas tranquille \u00e0 mi-chemin. Je suis d\u00e9vor\u00e9 par le d\u00e9sir de tout savoir. C\u2019est ainsi que j\u2019ai cherch\u00e9 la solution de la question sociale, que j\u2019ai apport\u00e9 un tribut important \u00e0 la question paysanne et que je suis devenu arch\u00e9ologue assez averti.\u00bb [&hellip;]<\/p>\n","protected":false},"featured_media":58580,"template":"","meta":{"_acf_changed":false,"_genesis_hide_title":false,"_genesis_hide_breadcrumbs":false,"_genesis_hide_singular_image":false,"_genesis_hide_footer_widgets":false,"_genesis_custom_body_class":"","_genesis_custom_post_class":"","_genesis_layout":""},"product_brand":[],"product_cat":[7159,7149,7133,7175,7185],"product_tag":[],"class_list":{"0":"post-58582","1":"product","2":"type-product","3":"status-publish","4":"has-post-thumbnail","6":"product_cat-istoria-moderna-e-contemporala-oc","7":"product_cat-istoria-geografia-oc","8":"product_cat-libres-oc","9":"product_cat-literatura-oc","10":"product_cat-teatre-oc","11":"pa_auteur-la-kelidone-oc","12":"pa_auteur-peyronnet-claude-oc","13":"pa_auteur-peyronnet-sylvie-oc","14":"pa_editeur-maiade-oc","15":"pa_illustrateur-cherioux-anne-oc","16":"pa_illustrateur-montagne-victor-oc","17":"pa_langue-francais-oc","18":"entry","20":"first","21":"instock","22":"shipping-taxable","23":"purchasable","24":"product-type-simple"},"acf":[],"_links":{"self":[{"href":"https:\/\/www.libraria-occitana.org\/oc\/wp-json\/wp\/v2\/product\/58582","targetHints":{"allow":["GET"]}}],"collection":[{"href":"https:\/\/www.libraria-occitana.org\/oc\/wp-json\/wp\/v2\/product"}],"about":[{"href":"https:\/\/www.libraria-occitana.org\/oc\/wp-json\/wp\/v2\/types\/product"}],"wp:featuredmedia":[{"embeddable":true,"href":"https:\/\/www.libraria-occitana.org\/oc\/wp-json\/wp\/v2\/media\/58580"}],"wp:attachment":[{"href":"https:\/\/www.libraria-occitana.org\/oc\/wp-json\/wp\/v2\/media?parent=58582"}],"wp:term":[{"taxonomy":"product_brand","embeddable":true,"href":"https:\/\/www.libraria-occitana.org\/oc\/wp-json\/wp\/v2\/product_brand?post=58582"},{"taxonomy":"product_cat","embeddable":true,"href":"https:\/\/www.libraria-occitana.org\/oc\/wp-json\/wp\/v2\/product_cat?post=58582"},{"taxonomy":"product_tag","embeddable":true,"href":"https:\/\/www.libraria-occitana.org\/oc\/wp-json\/wp\/v2\/product_tag?post=58582"}],"curies":[{"name":"wp","href":"https:\/\/api.w.org\/{rel}","templated":true}]}}