{"id":58628,"date":"2023-04-23T12:15:23","date_gmt":"2023-04-23T10:15:23","guid":{"rendered":"http:\/\/www.libraria-occitana.org\/?post_type=product&#038;p=58628"},"modified":"2026-04-29T01:42:02","modified_gmt":"2026-04-28T23:42:02","slug":"le-massacre-du-bois-du-thouraud-creuse-7-septembre-1943","status":"publish","type":"product","link":"https:\/\/www.libraria-occitana.org\/oc\/produch\/le-massacre-du-bois-du-thouraud-creuse-7-septembre-1943\/","title":{"rendered":"Le Massacre du bois du Thouraud : Creuse &#8211; 7 septembre 1943"},"content":{"rendered":"<p>Le massacre du bois du Thouraud survenu le 7 septembre 1943 est un des \u00e9v\u00e8nements marquants de l\u2019histoire de la Seconde Guerre mondiale en Limousin. Cet ouvrage permet une immersion dans l\u2019atmosph\u00e8re qui r\u00e8gne en cette fin d\u2019\u00e9t\u00e9 1943. Il fait d\u00e9couvrir ou red\u00e9couvrir l\u2019encha\u00eenement des faits et les multiples protagonistes, au centre d\u2019une matin\u00e9e tragique.<\/p>\n<p>En effet ce jour-l\u00e0, pour la premi\u00e8re fois dans la r\u00e9gion, des unit\u00e9s allemandes an\u00e9antissent un groupe de patriotes. Les forces d\u2019occupation attaquent un petit groupe de jeunes gens qui se cachent depuis quelques semaines dans un repli de terrain bois\u00e9 situ\u00e9 entre Sardent et Maisonnisses au sud de Gu\u00e9ret. Cet \u00e9v\u00e8nement a profond\u00e9ment choqu\u00e9 la population. La plupart des victimes de cette r\u00e9pression sont des enfants du pays, par ailleurs relativement peu arm\u00e9s. Il marque un tournant dans le positionnement de l\u2019opinion vis-\u00e0-vis de l\u2019occupant et du r\u00e9gime de Vichy. \u00c0 partir de cette \u00e9poque, les affiches de propagande des organisations collaborationnistes sont syst\u00e9matiquement lac\u00e9r\u00e9es ou macul\u00e9es de graffitis. Quatre-vingts ans plus tard, il est encore difficile de donner une explication simple et d\u00e9finitive \u00e0 cet \u00e9v\u00e9nement.<\/p>\n","protected":false},"excerpt":{"rendered":"<p>Le massacre du bois du Thouraud survenu le 7 septembre 1943 est un des \u00e9v\u00e8nements marquants de l\u2019histoire de la Seconde Guerre mondiale en Limousin. Cet ouvrage permet une immersion dans l\u2019atmosph\u00e8re qui r\u00e8gne en cette fin d\u2019\u00e9t\u00e9 1943. Il fait d\u00e9couvrir ou red\u00e9couvrir l\u2019encha\u00eenement des faits et les multiples protagonistes, au centre d\u2019une matin\u00e9e [&hellip;]<\/p>\n","protected":false},"featured_media":58631,"template":"","meta":{"_acf_changed":false,"_genesis_hide_title":false,"_genesis_hide_breadcrumbs":false,"_genesis_hide_singular_image":false,"_genesis_hide_footer_widgets":false,"_genesis_custom_body_class":"","_genesis_custom_post_class":"","_genesis_layout":""},"product_brand":[],"product_cat":[7159,7149,7133],"product_tag":[],"class_list":{"0":"post-58628","1":"product","2":"type-product","3":"status-publish","4":"has-post-thumbnail","6":"product_cat-istoria-moderna-e-contemporala-oc","7":"product_cat-istoria-geografia-oc","8":"product_cat-libres-oc","9":"pa_auteur-avizou-guy-oc","10":"pa_auteur-moreigne-christophe-oc","11":"pa_auteur-penot-christian-oc","12":"pa_editeur-geste-oc","13":"pa_langue-francais-oc","14":"entry","16":"first","17":"instock","18":"shipping-taxable","19":"purchasable","20":"product-type-simple"},"acf":[],"_links":{"self":[{"href":"https:\/\/www.libraria-occitana.org\/oc\/wp-json\/wp\/v2\/product\/58628","targetHints":{"allow":["GET"]}}],"collection":[{"href":"https:\/\/www.libraria-occitana.org\/oc\/wp-json\/wp\/v2\/product"}],"about":[{"href":"https:\/\/www.libraria-occitana.org\/oc\/wp-json\/wp\/v2\/types\/product"}],"wp:featuredmedia":[{"embeddable":true,"href":"https:\/\/www.libraria-occitana.org\/oc\/wp-json\/wp\/v2\/media\/58631"}],"wp:attachment":[{"href":"https:\/\/www.libraria-occitana.org\/oc\/wp-json\/wp\/v2\/media?parent=58628"}],"wp:term":[{"taxonomy":"product_brand","embeddable":true,"href":"https:\/\/www.libraria-occitana.org\/oc\/wp-json\/wp\/v2\/product_brand?post=58628"},{"taxonomy":"product_cat","embeddable":true,"href":"https:\/\/www.libraria-occitana.org\/oc\/wp-json\/wp\/v2\/product_cat?post=58628"},{"taxonomy":"product_tag","embeddable":true,"href":"https:\/\/www.libraria-occitana.org\/oc\/wp-json\/wp\/v2\/product_tag?post=58628"}],"curies":[{"name":"wp","href":"https:\/\/api.w.org\/{rel}","templated":true}]}}