{"id":58634,"date":"2023-10-23T15:26:56","date_gmt":"2023-10-23T13:26:56","guid":{"rendered":"http:\/\/www.libraria-occitana.org\/?post_type=product&#038;p=58634"},"modified":"2026-04-08T09:26:48","modified_gmt":"2026-04-08T07:26:48","slug":"la-peira-que-nada-libre-audio","status":"publish","type":"product","link":"https:\/\/www.libraria-occitana.org\/oc\/produch\/la-peira-que-nada-libre-audio\/","title":{"rendered":"La peira que nada (libre + audi\u00f2)"},"content":{"rendered":"<p>Conte de creacion de S\u00e8rgi Mauhourat, illustrat per Philippe Bichon.<\/p>\n<p>Lo viatge d'un calhau de la montanha a la mar grana... a las mars granas deu monde, un quasern de viatge...<\/p>\n<p>Ad aquesta hemna que l\u2019av\u00e8van vista a caminar au ras deu gave, qu\u2019amassava un calhau, que\u2019u portava a l\u2019aurelha, tornava paus\u00e0\u2019u, n\u2019amassava un aute... Qu\u2019ei l\u2019ist\u00f2ria d\u2019un calhau, un tr\u00f2\u00e7 de r\u00f2ca destacat de la montanha qui\u2019s va vi\u00e9ner conhar au p\u00e8 d\u2019un joen avet. En cr\u00e9isher, l\u2019arbo que l\u2019envol\u00f2pa, que l\u2019amantola. La husta que\u2019u h\u00e8 son. D\u2019ara enl\u00e0, que va ent\u00e9ner tots los bruts qui l\u2019enviroan : lo vent, la ploja, los tintins, dong-dongs, bongbongs, torrom-borroms qui pujan cada primtemps, lo bestiar content de tornar, las ist\u00f2rias portadas per las votz de las aulh\u00e8ras e deus aulh\u00e8rs... Las sasons, los ans, lo temps que passa. N\u2019ei pas long lo temps t\u00e0 un calhau. E puish un dia, crrrrac !<\/p>\n<p>Un album bastit a la fai\u00e7on d'un quas\u00e8rn de viatge, lo viatge capvath deu monde deu temps.<\/p>\n<p>Cicles 3-4<br \/>\nLectura de Patrick Ratineaud disponibla sus <a href=\"http:\/\/www.capoc.fr\/\">http:\/\/www.capoc.fr\/<\/a><\/p>\n","protected":false},"excerpt":{"rendered":"<p>Conte de creacion de S\u00e8rgi Mauhourat, illustrat per Philippe Bichon. Lo viatge d&#8217;un calhau de la montanha a la mar grana&#8230; a las mars granas deu monde, un quasern de viatge&#8230; Ad aquesta hemna que l\u2019av\u00e8van vista a caminar au ras deu gave, qu\u2019amassava un calhau, que\u2019u portava a l\u2019aurelha, tornava paus\u00e0\u2019u, n\u2019amassava un aute&#8230; [&hellip;]<\/p>\n","protected":false},"featured_media":58637,"template":"","meta":{"_acf_changed":false,"_genesis_hide_title":false,"_genesis_hide_breadcrumbs":false,"_genesis_hide_singular_image":false,"_genesis_hide_footer_widgets":false,"_genesis_custom_body_class":"","_genesis_custom_post_class":"","_genesis_layout":""},"product_brand":[],"product_cat":[7171,7165,7133],"product_tag":[],"class_list":{"0":"post-58634","1":"product","2":"type-product","3":"status-publish","4":"has-post-thumbnail","6":"product_cat-drolles-oc","7":"product_cat-jounessa-bd-umor","8":"product_cat-libres-oc","9":"pa_auteur-bichon-philippe-oc","10":"pa_auteur-mauhorat-sergi-oc","11":"pa_editeur-canope-editions-oc","12":"pa_illustrateur-eyssalet-josiane-oc","13":"pa_langue-occitan-oc","14":"pa_langue-occitan-lemosin-oc","15":"entry","17":"first","18":"instock","19":"shipping-taxable","20":"purchasable","21":"product-type-simple"},"acf":[],"_links":{"self":[{"href":"https:\/\/www.libraria-occitana.org\/oc\/wp-json\/wp\/v2\/product\/58634","targetHints":{"allow":["GET"]}}],"collection":[{"href":"https:\/\/www.libraria-occitana.org\/oc\/wp-json\/wp\/v2\/product"}],"about":[{"href":"https:\/\/www.libraria-occitana.org\/oc\/wp-json\/wp\/v2\/types\/product"}],"wp:featuredmedia":[{"embeddable":true,"href":"https:\/\/www.libraria-occitana.org\/oc\/wp-json\/wp\/v2\/media\/58637"}],"wp:attachment":[{"href":"https:\/\/www.libraria-occitana.org\/oc\/wp-json\/wp\/v2\/media?parent=58634"}],"wp:term":[{"taxonomy":"product_brand","embeddable":true,"href":"https:\/\/www.libraria-occitana.org\/oc\/wp-json\/wp\/v2\/product_brand?post=58634"},{"taxonomy":"product_cat","embeddable":true,"href":"https:\/\/www.libraria-occitana.org\/oc\/wp-json\/wp\/v2\/product_cat?post=58634"},{"taxonomy":"product_tag","embeddable":true,"href":"https:\/\/www.libraria-occitana.org\/oc\/wp-json\/wp\/v2\/product_tag?post=58634"}],"curies":[{"name":"wp","href":"https:\/\/api.w.org\/{rel}","templated":true}]}}