{"id":58890,"date":"2022-03-12T10:54:37","date_gmt":"2022-03-12T09:54:37","guid":{"rendered":"http:\/\/www.libraria-occitana.org\/product\/les-bases-de-la-dentelle-a-laiguille\/"},"modified":"2026-04-08T21:31:42","modified_gmt":"2026-04-08T19:31:42","slug":"les-bases-de-la-dentelle-a-laiguille","status":"publish","type":"product","link":"https:\/\/www.libraria-occitana.org\/oc\/produch\/les-bases-de-la-dentelle-a-laiguille\/","title":{"rendered":"Les bases de la dentelle \u00e0 l&#8217;aiguille"},"content":{"rendered":"<p>La dentelle est un textile, sans support, une combinaison de fils enti\u00e8rement r\u00e9alis\u00e9 par une dentelli\u00e8re, \u00e0 l\u2019aiguille ou aux fuseaux. La dentelle \u00e0 l\u2019aiguille est r\u00e9alis\u00e9e avec un fil et une aiguille. Elle est caract\u00e9ris\u00e9e par une succession de boucles (les points ne sont plus tiss\u00e9s). On peut dire que la dentelle \u00e0 l\u2019aiguille est une \u00e9volution de la broderie, c\u2019est en effet la m\u00eame technique et une tr\u00e8s grande vari\u00e9t\u00e9 de points est possible. Isabelle Gruson, dentelli\u00e8re \u00e9m\u00e9rite, vous fait d\u00e9couvrir les secrets de la dentelle \u00e0 l\u2019aiguille, des g\u00e9n\u00e9ralit\u00e9s aux diff\u00e9rents points de base, en passant par 6 exercices pratiques. Ce livre est un indispensable pour partir \u00e0 la d\u00e9couverte de cette technique originaire de Flandre et d\u2019Italie.<\/p>\n<p>Dans ce livre, vous d\u00e9couvrirez :<\/p>\n<ul>\n<li>Les bases incontournables de la dentelle<\/li>\n<li>30 points de dentelle d\u00e9taill\u00e9s<\/li>\n<li>6 exercices pratiques<\/li>\n<\/ul>\n","protected":false},"excerpt":{"rendered":"<p>La dentelle est un textile, sans support, une combinaison de fils enti\u00e8rement r\u00e9alis\u00e9 par une dentelli\u00e8re, \u00e0 l\u2019aiguille ou aux fuseaux. La dentelle \u00e0 l\u2019aiguille est r\u00e9alis\u00e9e avec un fil et une aiguille. Elle est caract\u00e9ris\u00e9e par une succession de boucles (les points ne sont plus tiss\u00e9s). On peut dire que la dentelle \u00e0 l\u2019aiguille [&hellip;]<\/p>\n","protected":false},"featured_media":58884,"template":"","meta":{"_acf_changed":false,"_genesis_hide_title":false,"_genesis_hide_breadcrumbs":false,"_genesis_hide_singular_image":false,"_genesis_hide_footer_widgets":false,"_genesis_custom_body_class":"","_genesis_custom_post_class":"","_genesis_layout":""},"product_brand":[],"product_cat":[7133,7213,7207],"product_tag":[],"class_list":{"0":"post-58890","1":"product","2":"type-product","3":"status-publish","4":"has-post-thumbnail","6":"product_cat-libres-oc","7":"product_cat-metiers-saubre-far-oc","8":"product_cat-tradicions-patrimoni-oc","9":"pa_auteur-gruson-isabelle-oc","10":"pa_langue-francais-oc","11":"entry","13":"first","14":"instock","15":"shipping-taxable","16":"purchasable","17":"product-type-simple"},"acf":[],"_links":{"self":[{"href":"https:\/\/www.libraria-occitana.org\/oc\/wp-json\/wp\/v2\/product\/58890","targetHints":{"allow":["GET"]}}],"collection":[{"href":"https:\/\/www.libraria-occitana.org\/oc\/wp-json\/wp\/v2\/product"}],"about":[{"href":"https:\/\/www.libraria-occitana.org\/oc\/wp-json\/wp\/v2\/types\/product"}],"wp:featuredmedia":[{"embeddable":true,"href":"https:\/\/www.libraria-occitana.org\/oc\/wp-json\/wp\/v2\/media\/58884"}],"wp:attachment":[{"href":"https:\/\/www.libraria-occitana.org\/oc\/wp-json\/wp\/v2\/media?parent=58890"}],"wp:term":[{"taxonomy":"product_brand","embeddable":true,"href":"https:\/\/www.libraria-occitana.org\/oc\/wp-json\/wp\/v2\/product_brand?post=58890"},{"taxonomy":"product_cat","embeddable":true,"href":"https:\/\/www.libraria-occitana.org\/oc\/wp-json\/wp\/v2\/product_cat?post=58890"},{"taxonomy":"product_tag","embeddable":true,"href":"https:\/\/www.libraria-occitana.org\/oc\/wp-json\/wp\/v2\/product_tag?post=58890"}],"curies":[{"name":"wp","href":"https:\/\/api.w.org\/{rel}","templated":true}]}}