{"id":58916,"date":"2011-03-12T13:56:44","date_gmt":"2011-03-12T12:56:44","guid":{"rendered":"http:\/\/www.libraria-occitana.org\/?post_type=product&#038;p=58916"},"modified":"2024-07-04T00:34:22","modified_gmt":"2024-07-03T22:34:22","slug":"le-greffage-et-la-plantation-des-arbres-fruitiers-les-techniques-les-plus-actuelles-6e-edition","status":"publish","type":"product","link":"https:\/\/www.libraria-occitana.org\/oc\/produch\/le-greffage-et-la-plantation-des-arbres-fruitiers-les-techniques-les-plus-actuelles-6e-edition\/","title":{"rendered":"Le greffage et la plantation des arbres fruitiers : Les techniques les plus actuelles 6e \u00e9dition"},"content":{"rendered":"<p>Cet ouvrage, agr\u00e9ment\u00e9 de 167 photos couleur et de nombreux dessins, d\u00e9crit et met \u00e0 la port\u00e9e de tous les diff\u00e9rentes techniques de greffage ainsi que les op\u00e9rations d\u2019entretien des arbres qui permettent d\u2019atteindre l\u2019objectif final de ces travaux\u2005: obtenir le plus rapidement possible de jolis fruits dans son verger.<\/p>\n<p>Dans cette nouvelle version revue et augment\u00e9e, \u00c9velyne\u2009Leterme nous confirme que le greffage des arbres fruitiers est assez ais\u00e9 lorsque l\u2019on prend soin de respecter un minimum de r\u00e8gles, en particulier le choix de la technique en fonction de l\u2019\u00e9tat v\u00e9g\u00e9tatif et de la p\u00e9riode de l\u2019ann\u00e9e, sans oublier la pr\u00e9cision des gestes. Mais le scion obtenu, aussi beau soit-il, n\u00e9cessite des soins que l\u2019on oublie parfois de lui accorder avec suffisamment d\u2019attention et de rigueur.<\/p>\n<p>Ce livre complet est devenu l&#8217;ouvrage de r\u00e9f\u00e9rence avec de dix mille exemplaires vendus.<\/p>\n","protected":false},"excerpt":{"rendered":"<p>Cet ouvrage, agr\u00e9ment\u00e9 de 167 photos couleur et de nombreux dessins, d\u00e9crit et met \u00e0 la port\u00e9e de tous les diff\u00e9rentes techniques de greffage ainsi que les op\u00e9rations d\u2019entretien des arbres qui permettent d\u2019atteindre l\u2019objectif final de ces travaux\u2005: obtenir le plus rapidement possible de jolis fruits dans son verger. Dans cette nouvelle version revue [&hellip;]<\/p>\n","protected":false},"featured_media":58919,"template":"","meta":{"_acf_changed":false,"_genesis_hide_title":false,"_genesis_hide_breadcrumbs":false,"_genesis_hide_singular_image":false,"_genesis_hide_footer_widgets":false,"_genesis_custom_body_class":"","_genesis_custom_post_class":"","_genesis_layout":""},"product_brand":[],"product_cat":[7133,7213,7197,7201,7207],"product_tag":[],"class_list":{"0":"post-58916","1":"product","2":"type-product","3":"status-publish","4":"has-post-thumbnail","6":"product_cat-libres-oc","7":"product_cat-metiers-saubre-far-oc","8":"product_cat-natura-torisme-oc","9":"product_cat-natura-vargier-oc","10":"product_cat-tradicions-patrimoni-oc","11":"pa_auteur-leterme-evelyne-oc","12":"pa_editeur-editions-du-rouergue-oc","13":"pa_langue-francais-oc","14":"entry","16":"first","17":"outofstock","18":"shipping-taxable","19":"purchasable","20":"product-type-simple"},"acf":[],"_links":{"self":[{"href":"https:\/\/www.libraria-occitana.org\/oc\/wp-json\/wp\/v2\/product\/58916","targetHints":{"allow":["GET"]}}],"collection":[{"href":"https:\/\/www.libraria-occitana.org\/oc\/wp-json\/wp\/v2\/product"}],"about":[{"href":"https:\/\/www.libraria-occitana.org\/oc\/wp-json\/wp\/v2\/types\/product"}],"wp:featuredmedia":[{"embeddable":true,"href":"https:\/\/www.libraria-occitana.org\/oc\/wp-json\/wp\/v2\/media\/58919"}],"wp:attachment":[{"href":"https:\/\/www.libraria-occitana.org\/oc\/wp-json\/wp\/v2\/media?parent=58916"}],"wp:term":[{"taxonomy":"product_brand","embeddable":true,"href":"https:\/\/www.libraria-occitana.org\/oc\/wp-json\/wp\/v2\/product_brand?post=58916"},{"taxonomy":"product_cat","embeddable":true,"href":"https:\/\/www.libraria-occitana.org\/oc\/wp-json\/wp\/v2\/product_cat?post=58916"},{"taxonomy":"product_tag","embeddable":true,"href":"https:\/\/www.libraria-occitana.org\/oc\/wp-json\/wp\/v2\/product_tag?post=58916"}],"curies":[{"name":"wp","href":"https:\/\/api.w.org\/{rel}","templated":true}]}}