{"id":59001,"date":"2023-10-22T11:17:41","date_gmt":"2023-10-22T09:17:41","guid":{"rendered":"http:\/\/www.libraria-occitana.org\/?post_type=product&#038;p=59001"},"modified":"2026-04-16T21:16:29","modified_gmt":"2026-04-16T19:16:29","slug":"le-cul-noir-cuisiner-lexcellence-dun-cochon-limousin-plus-de-60-recettes","status":"publish","type":"product","link":"https:\/\/www.libraria-occitana.org\/oc\/produch\/le-cul-noir-cuisiner-lexcellence-dun-cochon-limousin-plus-de-60-recettes\/","title":{"rendered":"Le Cul noir : Cuisiner l&#8217;excellence d&#8217;un cochon limousin, plus de 60 recettes"},"content":{"rendered":"<p>Terre d\u2019artisanat, d\u2019\u00e9levage et de cr\u00e9ativit\u00e9, le Limousin abrite en son c\u0153ur des produits de qualit\u00e9 appr\u00e9ci\u00e9s dans le monde entier. Au sein de paysages aux doux vallonnements, souvent pr\u00e8s des ch\u00e2taigneraies, se d\u00e9couvre un animal d\u2019excellence aux qualit\u00e9s gustatives reconnues en cuisine, tout simplement un porc d\u2019exception.<\/p>\n<p>Si le nom des cochons Culs Noirs du Limousin, dits de Saint-Yrieix, semble appartenir \u00e0 un temps r\u00e9volu, cette race porcine est pourtant l\u2019illustration d\u2019un renouveau agricole et gastronomique. H\u00e9riti\u00e8re de traditions d\u2019\u00e9levage s\u00e9culaires, l\u2019histoire de ce cochon \u2013 qui a failli dispara\u00eetre ! \u2013 est digne des plus grandes \u00e9pop\u00e9es&#8230;<\/p>\n<p>Entre terroir et modernit\u00e9 culinaire, le porc Cul Noir se fait gourmand avec plus de 60 recettes du chef Ren\u00e9 Maury, Disciple Escoffier. Des plus simples aux plus atypiques, elles attestent des mille et une fa\u00e7ons de rendre ce produit de la cuisine limousine aussi prestigieux qu\u2019un diamant noir.<\/p>\n","protected":false},"excerpt":{"rendered":"<p>Terre d\u2019artisanat, d\u2019\u00e9levage et de cr\u00e9ativit\u00e9, le Limousin abrite en son c\u0153ur des produits de qualit\u00e9 appr\u00e9ci\u00e9s dans le monde entier. Au sein de paysages aux doux vallonnements, souvent pr\u00e8s des ch\u00e2taigneraies, se d\u00e9couvre un animal d\u2019excellence aux qualit\u00e9s gustatives reconnues en cuisine, tout simplement un porc d\u2019exception. Si le nom des cochons Culs Noirs [&hellip;]<\/p>\n","protected":false},"featured_media":59004,"template":"","meta":{"_acf_changed":false,"_genesis_hide_title":false,"_genesis_hide_breadcrumbs":false,"_genesis_hide_singular_image":false,"_genesis_hide_footer_widgets":false,"_genesis_custom_body_class":"","_genesis_custom_post_class":"","_genesis_layout":""},"product_brand":[],"product_cat":[7211,7133,7207],"product_tag":[],"class_list":{"0":"post-59001","1":"product","2":"type-product","3":"status-publish","4":"has-post-thumbnail","6":"product_cat-cosina-gastronomia-oc","7":"product_cat-libres-oc","8":"product_cat-tradicions-patrimoni-oc","9":"pa_auteur-gourvest-jean-pierre-oc","10":"pa_auteur-maury-rene-oc","11":"pa_editeur-les-ardents-editeurs-oc","12":"pa_langue-francais-oc","13":"entry","15":"first","16":"instock","17":"shipping-taxable","18":"purchasable","19":"product-type-simple"},"acf":[],"_links":{"self":[{"href":"https:\/\/www.libraria-occitana.org\/oc\/wp-json\/wp\/v2\/product\/59001","targetHints":{"allow":["GET"]}}],"collection":[{"href":"https:\/\/www.libraria-occitana.org\/oc\/wp-json\/wp\/v2\/product"}],"about":[{"href":"https:\/\/www.libraria-occitana.org\/oc\/wp-json\/wp\/v2\/types\/product"}],"wp:featuredmedia":[{"embeddable":true,"href":"https:\/\/www.libraria-occitana.org\/oc\/wp-json\/wp\/v2\/media\/59004"}],"wp:attachment":[{"href":"https:\/\/www.libraria-occitana.org\/oc\/wp-json\/wp\/v2\/media?parent=59001"}],"wp:term":[{"taxonomy":"product_brand","embeddable":true,"href":"https:\/\/www.libraria-occitana.org\/oc\/wp-json\/wp\/v2\/product_brand?post=59001"},{"taxonomy":"product_cat","embeddable":true,"href":"https:\/\/www.libraria-occitana.org\/oc\/wp-json\/wp\/v2\/product_cat?post=59001"},{"taxonomy":"product_tag","embeddable":true,"href":"https:\/\/www.libraria-occitana.org\/oc\/wp-json\/wp\/v2\/product_tag?post=59001"}],"curies":[{"name":"wp","href":"https:\/\/api.w.org\/{rel}","templated":true}]}}