{"id":59047,"date":"2024-01-03T18:11:50","date_gmt":"2024-01-03T17:11:50","guid":{"rendered":"http:\/\/www.libraria-occitana.org\/?post_type=product&#038;p=59047"},"modified":"2026-04-18T01:46:29","modified_gmt":"2026-04-17T23:46:29","slug":"ni-a-pro-un-hommage-aux-luttes-viticoles-du-languedoc","status":"publish","type":"product","link":"https:\/\/www.libraria-occitana.org\/oc\/produch\/ni-a-pro-un-hommage-aux-luttes-viticoles-du-languedoc\/","title":{"rendered":"N&#8217;i a pro ! : Un hommage aux luttes viticoles du Languedoc"},"content":{"rendered":"<p>\u00ab N&#8217;i a pro ! \u00bb (\u00ab \u00c7a suffit ! \u00bb en fran\u00e7ais) est le cri du c\u0153ur des ouvriers viticoles du Languedoc. Dans les ann\u00e9es 1960 et 1970, refusant de se voir condamn\u00e9s \u00e0 la mis\u00e8re et \u00e0 l&#8217;exil, des milliers d&#8217;hommes et de femmes se l\u00e8vent contre les n\u00e9gociants, l&#8217;\u00c9tat fran\u00e7ais et la transformation de leur pays en \u00ab bronze-cul de l&#8217;Europe \u00bb.<br \/>\n\u00c0 la mani\u00e8re d&#8217;une veill\u00e9e, <em>N&#8217;i a pro<\/em> invoque les souvenirs enfouis pour donner vie \u00e0 une m\u00e9moire collective jusqu&#8217;ici morcel\u00e9e. Ce livre nous conduit \u00e0 la rencontre de celles et ceux qui ont men\u00e9, avec humour et po\u00e9sie, quinze ans d&#8217;une lutte explosive au sein des Comit\u00e9s d&#8217;action viticole.<\/p>\n<p>Laurent Cavali\u00e9 est compositeur et po\u00e8te (Du Bart\u00e0s). Marie Coumes est conteuse et chanteuse (La Mal Coiff\u00e9e). Figures de la sc\u00e8ne musicale occitane, tous deux \u00e9crivent, interpr\u00e8tent et collectent des chants du Languedoc depuis trente ans.<\/p>\n","protected":false},"excerpt":{"rendered":"<p>\u00ab N&#8217;i a pro ! \u00bb (\u00ab \u00c7a suffit ! \u00bb en fran\u00e7ais) est le cri du c\u0153ur des ouvriers viticoles du Languedoc. Dans les ann\u00e9es 1960 et 1970, refusant de se voir condamn\u00e9s \u00e0 la mis\u00e8re et \u00e0 l&#8217;exil, des milliers d&#8217;hommes et de femmes se l\u00e8vent contre les n\u00e9gociants, l&#8217;\u00c9tat fran\u00e7ais et la [&hellip;]<\/p>\n","protected":false},"featured_media":59050,"template":"","meta":{"_acf_changed":false,"_genesis_hide_title":false,"_genesis_hide_breadcrumbs":false,"_genesis_hide_singular_image":false,"_genesis_hide_footer_widgets":false,"_genesis_custom_body_class":"","_genesis_custom_post_class":"","_genesis_layout":""},"product_brand":[],"product_cat":[7159,7149,7133,7203],"product_tag":[],"class_list":{"0":"post-59047","1":"product","2":"type-product","3":"status-publish","4":"has-post-thumbnail","6":"product_cat-istoria-moderna-e-contemporala-oc","7":"product_cat-istoria-geografia-oc","8":"product_cat-libres-oc","9":"product_cat-politica-sociologia-actualitat-oc","10":"pa_auteur-cavalie-laurent-oc","11":"pa_auteur-coumes-marie-oc","12":"pa_editeur-les-editions-du-bout-de-la-ville-oc","13":"pa_langue-francais-oc","14":"pa_langue-occitan-oc","15":"pa_langue-occitan-lengadocian-oc","16":"entry","18":"first","19":"outofstock","20":"shipping-taxable","21":"purchasable","22":"product-type-simple"},"acf":[],"_links":{"self":[{"href":"https:\/\/www.libraria-occitana.org\/oc\/wp-json\/wp\/v2\/product\/59047","targetHints":{"allow":["GET"]}}],"collection":[{"href":"https:\/\/www.libraria-occitana.org\/oc\/wp-json\/wp\/v2\/product"}],"about":[{"href":"https:\/\/www.libraria-occitana.org\/oc\/wp-json\/wp\/v2\/types\/product"}],"wp:featuredmedia":[{"embeddable":true,"href":"https:\/\/www.libraria-occitana.org\/oc\/wp-json\/wp\/v2\/media\/59050"}],"wp:attachment":[{"href":"https:\/\/www.libraria-occitana.org\/oc\/wp-json\/wp\/v2\/media?parent=59047"}],"wp:term":[{"taxonomy":"product_brand","embeddable":true,"href":"https:\/\/www.libraria-occitana.org\/oc\/wp-json\/wp\/v2\/product_brand?post=59047"},{"taxonomy":"product_cat","embeddable":true,"href":"https:\/\/www.libraria-occitana.org\/oc\/wp-json\/wp\/v2\/product_cat?post=59047"},{"taxonomy":"product_tag","embeddable":true,"href":"https:\/\/www.libraria-occitana.org\/oc\/wp-json\/wp\/v2\/product_tag?post=59047"}],"curies":[{"name":"wp","href":"https:\/\/api.w.org\/{rel}","templated":true}]}}