{"id":59086,"date":"2018-11-11T14:11:42","date_gmt":"2018-11-11T13:11:42","guid":{"rendered":"http:\/\/www.libraria-occitana.org\/product\/le-loup-une-histoire-culturelle\/"},"modified":"2026-04-16T20:02:02","modified_gmt":"2026-04-16T18:02:02","slug":"le-loup-une-histoire-culturelle","status":"publish","type":"product","link":"https:\/\/www.libraria-occitana.org\/oc\/produch\/le-loup-une-histoire-culturelle\/","title":{"rendered":"Le loup : Une histoire culturelle"},"content":{"rendered":"<p>Dans l\u2019imaginaire europ\u00e9en, quelques animaux jouent un r\u00f4le plus important que les autres et forment une sorte de \u00ab bestiaire central \u00bb. Le loup en fait partie et en est m\u00eame une des vedettes.<\/p>\n<p>Il occupe d\u00e9j\u00e0 cette place dans les mythologies antiques, \u00e0 l\u2019exemple de la louve romaine, qui a nourri Romulus et R\u00e9mus, du loup Fenrir, destructeur du panth\u00e9on nordique, et des nombreuses histoires de d\u00e9vorations, de m\u00e9tamorphoses et de loups-garous. Ces derniers sont encore bien pr\u00e9sents au Moyen \u00c2ge, m\u00eame si la crainte du loup est alors en recul. Les bestiaires dressent du fauve un portrait n\u00e9gatif et le Roman de Renart en fait une b\u00eate ridicule, bern\u00e9e par les autres animaux et sans cesse poursuivie par les chasseurs et les paysans.<\/p>\n<p>La peur du loup revient \u00e0 l\u2019\u00e9poque moderne. Les documents d\u2019archives, les chroniques, le folklore en portent t\u00e9moignage : d\u00e9sormais les loups ne s\u2019attaquent plus seulement au b\u00e9tail, ils d\u00e9vorent les femmes et les enfants. L\u2019\u00e9trange affaire de la B\u00eate du G\u00e9vaudan (1765-1767) constitue le paroxysme de cette peur qui dans les campagnes ne dispara\u00eet que lentement. Au XXe si\u00e8cle, la litt\u00e9rature, les dessins anim\u00e9s, les livres pour enfants finissent par transformer le grand m\u00e9chant loup en un animal qui ne fait plus peur et devient m\u00eame attachant. Seuls la toponymie, les proverbes et quelques l\u00e9gendes conservent le souvenir du fauve vorace et cruel, si longtemps redout\u00e9.<\/p>\n","protected":false},"excerpt":{"rendered":"<p>Dans l\u2019imaginaire europ\u00e9en, quelques animaux jouent un r\u00f4le plus important que les autres et forment une sorte de \u00ab bestiaire central \u00bb. Le loup en fait partie et en est m\u00eame une des vedettes. Il occupe d\u00e9j\u00e0 cette place dans les mythologies antiques, \u00e0 l\u2019exemple de la louve romaine, qui a nourri Romulus et R\u00e9mus, [&hellip;]<\/p>\n","protected":false},"featured_media":59084,"template":"","meta":{"_acf_changed":false,"_genesis_hide_title":false,"_genesis_hide_breadcrumbs":false,"_genesis_hide_singular_image":false,"_genesis_hide_footer_widgets":false,"_genesis_custom_body_class":"","_genesis_custom_post_class":"","_genesis_layout":""},"product_brand":[],"product_cat":[7209,7157,7149,7133,7197,7201,7207],"product_tag":[],"class_list":{"0":"post-59086","1":"product","2":"type-product","3":"status-publish","4":"has-post-thumbnail","6":"product_cat-costumas-rites-e-cresencas-oc","7":"product_cat-istoria-generala-oc","8":"product_cat-istoria-geografia-oc","9":"product_cat-libres-oc","10":"product_cat-natura-torisme-oc","11":"product_cat-natura-vargier-oc","12":"product_cat-tradicions-patrimoni-oc","13":"pa_auteur-pastoureau-michel-oc","14":"pa_editeur-seuil-oc","15":"pa_langue-francais-oc","16":"entry","18":"first","19":"instock","20":"shipping-taxable","21":"purchasable","22":"product-type-simple"},"acf":[],"_links":{"self":[{"href":"https:\/\/www.libraria-occitana.org\/oc\/wp-json\/wp\/v2\/product\/59086","targetHints":{"allow":["GET"]}}],"collection":[{"href":"https:\/\/www.libraria-occitana.org\/oc\/wp-json\/wp\/v2\/product"}],"about":[{"href":"https:\/\/www.libraria-occitana.org\/oc\/wp-json\/wp\/v2\/types\/product"}],"wp:featuredmedia":[{"embeddable":true,"href":"https:\/\/www.libraria-occitana.org\/oc\/wp-json\/wp\/v2\/media\/59084"}],"wp:attachment":[{"href":"https:\/\/www.libraria-occitana.org\/oc\/wp-json\/wp\/v2\/media?parent=59086"}],"wp:term":[{"taxonomy":"product_brand","embeddable":true,"href":"https:\/\/www.libraria-occitana.org\/oc\/wp-json\/wp\/v2\/product_brand?post=59086"},{"taxonomy":"product_cat","embeddable":true,"href":"https:\/\/www.libraria-occitana.org\/oc\/wp-json\/wp\/v2\/product_cat?post=59086"},{"taxonomy":"product_tag","embeddable":true,"href":"https:\/\/www.libraria-occitana.org\/oc\/wp-json\/wp\/v2\/product_tag?post=59086"}],"curies":[{"name":"wp","href":"https:\/\/api.w.org\/{rel}","templated":true}]}}