{"id":59198,"date":"2022-05-02T15:55:14","date_gmt":"2022-05-02T13:55:14","guid":{"rendered":"http:\/\/www.libraria-occitana.org\/?post_type=product&#038;p=59198"},"modified":"2026-04-15T22:51:56","modified_gmt":"2026-04-15T20:51:56","slug":"pour-de-vrai-fragments-de-vie-et-reflexions","status":"publish","type":"product","link":"https:\/\/www.libraria-occitana.org\/oc\/produch\/pour-de-vrai-fragments-de-vie-et-reflexions\/","title":{"rendered":"Pour de vrai : Fragments de vie et r\u00e9flexions"},"content":{"rendered":"<p>Fragments de vie et r\u00e9flexions du po\u00e8te, traducteur et cr\u00e9ateur des \u00e9ditions F\u00e9d\u00e9rop.<\/p>\n<p>La disparition en f\u00e9vrier 2018 de Bernard Lesfargues affecta bon nombre d\u2019amoureux des belles-lettres en Occitanie, en Catalogne et au-del\u00e0.<br \/>\nParmi les \u00e9crits nombreux qu\u2019il laissa, les textes regroup\u00e9s ici composent un recueil de tranches de vie et de r\u00e9flexions sur la lecture qu\u2019il envisageait de publier, sans en avoir jamais le temps ou l\u2019occasion. Sa famille et ses proches se sont attach\u00e9s \u00e0 restituer aussi fid\u00e8lement que possible les textes qu\u2019il avait compil\u00e9s \u00e0 cet effet, en les illustrant de documents iconographiques in\u00e9dits.<\/p>\n<p>Illustration de couverture par Jacques Saraben.<br \/>\nPr\u00e9face de Joan Ganhaire.<\/p>\n","protected":false},"excerpt":{"rendered":"<p>Fragments de vie et r\u00e9flexions du po\u00e8te, traducteur et cr\u00e9ateur des \u00e9ditions F\u00e9d\u00e9rop. La disparition en f\u00e9vrier 2018 de Bernard Lesfargues affecta bon nombre d\u2019amoureux des belles-lettres en Occitanie, en Catalogne et au-del\u00e0. Parmi les \u00e9crits nombreux qu\u2019il laissa, les textes regroup\u00e9s ici composent un recueil de tranches de vie et de r\u00e9flexions sur la [&hellip;]<\/p>\n","protected":false},"featured_media":59204,"template":"","meta":{"_acf_changed":false,"_genesis_hide_title":false,"_genesis_hide_breadcrumbs":false,"_genesis_hide_singular_image":false,"_genesis_hide_footer_widgets":false,"_genesis_custom_body_class":"","_genesis_custom_post_class":"","_genesis_layout":""},"product_brand":[],"product_cat":[7133,7175,7187],"product_tag":[],"class_list":{"0":"post-59198","1":"product","2":"type-product","3":"status-publish","4":"has-post-thumbnail","6":"product_cat-libres-oc","7":"product_cat-literatura-oc","8":"product_cat-temonhatges-memoris-oc","9":"pa_auteur-lesfargues-bernard-oc","10":"pa_editeur-les-editions-du-perce-oreille-oc","11":"pa_langue-francais-oc","12":"entry","14":"first","15":"instock","16":"shipping-taxable","17":"purchasable","18":"product-type-simple"},"acf":[],"_links":{"self":[{"href":"https:\/\/www.libraria-occitana.org\/oc\/wp-json\/wp\/v2\/product\/59198","targetHints":{"allow":["GET"]}}],"collection":[{"href":"https:\/\/www.libraria-occitana.org\/oc\/wp-json\/wp\/v2\/product"}],"about":[{"href":"https:\/\/www.libraria-occitana.org\/oc\/wp-json\/wp\/v2\/types\/product"}],"wp:featuredmedia":[{"embeddable":true,"href":"https:\/\/www.libraria-occitana.org\/oc\/wp-json\/wp\/v2\/media\/59204"}],"wp:attachment":[{"href":"https:\/\/www.libraria-occitana.org\/oc\/wp-json\/wp\/v2\/media?parent=59198"}],"wp:term":[{"taxonomy":"product_brand","embeddable":true,"href":"https:\/\/www.libraria-occitana.org\/oc\/wp-json\/wp\/v2\/product_brand?post=59198"},{"taxonomy":"product_cat","embeddable":true,"href":"https:\/\/www.libraria-occitana.org\/oc\/wp-json\/wp\/v2\/product_cat?post=59198"},{"taxonomy":"product_tag","embeddable":true,"href":"https:\/\/www.libraria-occitana.org\/oc\/wp-json\/wp\/v2\/product_tag?post=59198"}],"curies":[{"name":"wp","href":"https:\/\/api.w.org\/{rel}","templated":true}]}}