{"id":59224,"date":"2024-02-05T16:03:03","date_gmt":"2024-02-05T15:03:03","guid":{"rendered":"http:\/\/www.libraria-occitana.org\/product\/basile-bremaud-solo\/"},"modified":"2026-04-29T02:27:05","modified_gmt":"2026-04-29T00:27:05","slug":"basile-bremaud-solo","status":"publish","type":"product","link":"https:\/\/www.libraria-occitana.org\/oc\/produch\/basile-bremaud-solo\/","title":{"rendered":"Basile Br\u00e9maud solo"},"content":{"rendered":"<p><strong>Basile Br\u00e9maud :<\/strong> Chant, violon, dispositif \u00e9lectro-acoustique (g\u00e9n\u00e9rateur de fr\u00e9quences, r\u00e9sonateurs \u00e0 cordes, amplis \u00e0 lampes).<\/p>\n<p>Chants et musiques des C\u00e9vennes et autres lieux du Massif Central.<\/p>\n<p><strong>Titres :<\/strong><br \/>\n1. Carbonier mon amic 8&#8217;19<br \/>\n2. Bourr\u00e9e au p\u00e8re Mouret 4&#8217;52<br \/>\n3. Al jardin de mon paire 5&#8217;42<br \/>\n4. L&#8217;antre jorn 7&#8217;56<br \/>\n5. Bourr\u00e9e de Michel P\u00e9chadre 5&#8217;16<br \/>\n6. Digas me gai rossinh\u00f2l 6&#8217;56<br \/>\n7. Poutrelle 6&#8217;31<\/p>\n","protected":false},"excerpt":{"rendered":"<p>Basile Br\u00e9maud : Chant, violon, dispositif \u00e9lectro-acoustique (g\u00e9n\u00e9rateur de fr\u00e9quences, r\u00e9sonateurs \u00e0 cordes, amplis \u00e0 lampes). Chants et musiques des C\u00e9vennes et autres lieux du Massif Central. Titres : 1. Carbonier mon amic 8&#8217;19 2. Bourr\u00e9e au p\u00e8re Mouret 4&#8217;52 3. Al jardin de mon paire 5&#8217;42 4. L&#8217;antre jorn 7&#8217;56 5. Bourr\u00e9e de Michel [&hellip;]<\/p>\n","protected":false},"featured_media":59222,"template":"","meta":{"_acf_changed":false,"_genesis_hide_title":false,"_genesis_hide_breadcrumbs":false,"_genesis_hide_singular_image":false,"_genesis_hide_footer_widgets":false,"_genesis_custom_body_class":"","_genesis_custom_post_class":"","_genesis_layout":""},"product_brand":[],"product_cat":[16683,7229],"product_tag":[],"class_list":{"0":"post-59224","1":"product","2":"type-product","3":"status-publish","4":"has-post-thumbnail","6":"product_cat-musica-oc","7":"product_cat-novela-tradicion-oc","8":"pa_auteur-bremaud-basile-oc","9":"pa_editeur-la-novia-oc","10":"pa_langue-occitan-oc","11":"pa_langue-occitan-lengadocian-oc","12":"entry","14":"first","15":"instock","16":"shipping-taxable","17":"purchasable","18":"product-type-simple"},"acf":[],"_links":{"self":[{"href":"https:\/\/www.libraria-occitana.org\/oc\/wp-json\/wp\/v2\/product\/59224","targetHints":{"allow":["GET"]}}],"collection":[{"href":"https:\/\/www.libraria-occitana.org\/oc\/wp-json\/wp\/v2\/product"}],"about":[{"href":"https:\/\/www.libraria-occitana.org\/oc\/wp-json\/wp\/v2\/types\/product"}],"wp:featuredmedia":[{"embeddable":true,"href":"https:\/\/www.libraria-occitana.org\/oc\/wp-json\/wp\/v2\/media\/59222"}],"wp:attachment":[{"href":"https:\/\/www.libraria-occitana.org\/oc\/wp-json\/wp\/v2\/media?parent=59224"}],"wp:term":[{"taxonomy":"product_brand","embeddable":true,"href":"https:\/\/www.libraria-occitana.org\/oc\/wp-json\/wp\/v2\/product_brand?post=59224"},{"taxonomy":"product_cat","embeddable":true,"href":"https:\/\/www.libraria-occitana.org\/oc\/wp-json\/wp\/v2\/product_cat?post=59224"},{"taxonomy":"product_tag","embeddable":true,"href":"https:\/\/www.libraria-occitana.org\/oc\/wp-json\/wp\/v2\/product_tag?post=59224"}],"curies":[{"name":"wp","href":"https:\/\/api.w.org\/{rel}","templated":true}]}}