{"id":59227,"date":"2024-02-05T16:07:12","date_gmt":"2024-02-05T15:07:12","guid":{"rendered":"http:\/\/www.libraria-occitana.org\/?post_type=product&#038;p=59227"},"modified":"2026-04-29T05:56:47","modified_gmt":"2026-04-29T03:56:47","slug":"au-vargier-de-la-mainin-libre-audio","status":"publish","type":"product","link":"https:\/\/www.libraria-occitana.org\/oc\/produch\/au-vargier-de-la-mainin-libre-audio\/","title":{"rendered":"Au vargier de la Mainin (libre + audi\u00f2)"},"content":{"rendered":"<p>Conte de creacion dau CAP'\u00d2C, illustrat per C\u00e9cile Serres.<\/p>\n<p>Un ari\u00e7on plan curi\u00f3s que c\u00e8rca lo casau de Menina, pr'amor que n'a entenut a parlar per totas aquestas petitas b\u00e8stias qui i demoran o qui coneishen a quauqu'un qui i demora.<\/p>\n<p>Un \u00e0lbum t\u00e0 discutir a l'entorn deu casau, deus diferents actors deu casau, deu legumatge e deus animaus qui ajudan. Lo parat de compr\u00e9ner las relacions ecologicas qui existan en aqueste casau.<\/p>\n<p>Cicles 2-3<br \/>\nLectura de Josiana Eyssalet disponibla sus <a href=\"http:\/\/www.capoc.fr\/\">http:\/\/www.capoc.fr\/<\/a> (Accueil &gt; Ressources num\u00e9riques : \u00c0 partir de A1-A2)<\/p>\n","protected":false},"excerpt":{"rendered":"<p>Conte de creacion dau CAP&#8217;\u00d2C, illustrat per C\u00e9cile Serres. Un ari\u00e7on plan curi\u00f3s que c\u00e8rca lo casau de Menina, pr&#8217;amor que n&#8217;a entenut a parlar per totas aquestas petitas b\u00e8stias qui i demoran o qui coneishen a quauqu&#8217;un qui i demora. Un \u00e0lbum t\u00e0 discutir a l&#8217;entorn deu casau, deus diferents actors deu casau, deu [&hellip;]<\/p>\n","protected":false},"featured_media":59231,"template":"","meta":{"_acf_changed":false,"_genesis_hide_title":false,"_genesis_hide_breadcrumbs":false,"_genesis_hide_singular_image":false,"_genesis_hide_footer_widgets":false,"_genesis_custom_body_class":"","_genesis_custom_post_class":"","_genesis_layout":""},"product_brand":[],"product_cat":[7171,7165,7133],"product_tag":[],"class_list":{"0":"post-59227","1":"product","2":"type-product","3":"status-publish","4":"has-post-thumbnail","6":"product_cat-drolles-oc","7":"product_cat-jounessa-bd-umor","8":"product_cat-libres-oc","9":"pa_auteur-capoc-oc","10":"pa_auteur-serres-cecile-1-oc","11":"pa_editeur-canope-editions-oc","12":"pa_illustrateur-ratinaud-patrick-ratineaud-patrick-oc","13":"pa_langue-occitan-oc","14":"pa_langue-occitan-lemosin-oc","15":"entry","17":"first","18":"instock","19":"shipping-taxable","20":"purchasable","21":"product-type-simple"},"acf":[],"_links":{"self":[{"href":"https:\/\/www.libraria-occitana.org\/oc\/wp-json\/wp\/v2\/product\/59227","targetHints":{"allow":["GET"]}}],"collection":[{"href":"https:\/\/www.libraria-occitana.org\/oc\/wp-json\/wp\/v2\/product"}],"about":[{"href":"https:\/\/www.libraria-occitana.org\/oc\/wp-json\/wp\/v2\/types\/product"}],"wp:featuredmedia":[{"embeddable":true,"href":"https:\/\/www.libraria-occitana.org\/oc\/wp-json\/wp\/v2\/media\/59231"}],"wp:attachment":[{"href":"https:\/\/www.libraria-occitana.org\/oc\/wp-json\/wp\/v2\/media?parent=59227"}],"wp:term":[{"taxonomy":"product_brand","embeddable":true,"href":"https:\/\/www.libraria-occitana.org\/oc\/wp-json\/wp\/v2\/product_brand?post=59227"},{"taxonomy":"product_cat","embeddable":true,"href":"https:\/\/www.libraria-occitana.org\/oc\/wp-json\/wp\/v2\/product_cat?post=59227"},{"taxonomy":"product_tag","embeddable":true,"href":"https:\/\/www.libraria-occitana.org\/oc\/wp-json\/wp\/v2\/product_tag?post=59227"}],"curies":[{"name":"wp","href":"https:\/\/api.w.org\/{rel}","templated":true}]}}