{"id":59238,"date":"2023-09-05T16:37:29","date_gmt":"2023-09-05T14:37:29","guid":{"rendered":"http:\/\/www.libraria-occitana.org\/?post_type=product&#038;p=59238"},"modified":"2026-04-29T06:51:09","modified_gmt":"2026-04-29T04:51:09","slug":"nisals-en-folia-boulins-en-folie","status":"publish","type":"product","link":"https:\/\/www.libraria-occitana.org\/oc\/produch\/nisals-en-folia-boulins-en-folie\/","title":{"rendered":"Nisals en folia &#8211; Boulins en folie"},"content":{"rendered":"<p>Dins lo libre de racontes que pareis u\u00e8i, l\u2019autor nos convida a una passejada dins lo temps, en daissant c\u00f3rrer son imaginacion, en tot rencontrar, de c\u00f2ps que i a, d\u2019eveniments vertadi\u00e8rs del passat o del present. Dins un biais de dire ric, gaibeja l\u2019umor, l\u2019ironia mas tanben lo seri\u00f3s quand ev\u00f2ca d\u2019eveniments istorics. Las gravaduras d\u2019Andriu Bonhomme nos porgisson un punt de vista en totala armonia amb los racontes.<\/p>\n<p>Aquelas ist\u00f2rias de colombs, que se debanan per una m\u00e0ger part en Perig\u00f2rd, l\u2019autor, tot naturalament, a volgut que fugu\u00e8sson reviradas en occitan. Joan-Claudi Dugros l\u2019ajud\u00e8t dins aquel pretzfach.<\/p>\n<p>Nascut a Cus\u00f2rn (\u00d2lt e Garona), Joan-Pau Blot, que dem\u00f2ra en Perig\u00f2rd, a escrit de recu\u00e8lhs de poesia, e revirat de l\u2019angl\u00e9s div\u00e8rs obratges.<\/p>\n","protected":false},"excerpt":{"rendered":"<p>Dins lo libre de racontes que pareis u\u00e8i, l\u2019autor nos convida a una passejada dins lo temps, en daissant c\u00f3rrer son imaginacion, en tot rencontrar, de c\u00f2ps que i a, d\u2019eveniments vertadi\u00e8rs del passat o del present. Dins un biais de dire ric, gaibeja l\u2019umor, l\u2019ironia mas tanben lo seri\u00f3s quand ev\u00f2ca d\u2019eveniments istorics. Las [&hellip;]<\/p>\n","protected":false},"featured_media":59241,"template":"","meta":{"_acf_changed":false,"_genesis_hide_title":false,"_genesis_hide_breadcrumbs":false,"_genesis_hide_singular_image":false,"_genesis_hide_footer_widgets":false,"_genesis_custom_body_class":"","_genesis_custom_post_class":"","_genesis_layout":""},"product_brand":[],"product_cat":[7133,7175,7183],"product_tag":[],"class_list":{"0":"post-59238","1":"product","2":"type-product","3":"status-publish","4":"has-post-thumbnail","6":"product_cat-libres-oc","7":"product_cat-literatura-oc","8":"product_cat-romans-novelas-oc","9":"pa_auteur-blot-joan-pau-blot-jean-paul-oc","10":"pa_editeur-ieo-perigord-novelum-oc","11":"pa_illustrateur-dugros-joan-claudi-dugros-jean-claude-oc","12":"pa_langue-occitan-lengadocian-oc","13":"pa_langue-occitan-francais-oc","14":"entry","16":"first","17":"instock","18":"shipping-taxable","19":"purchasable","20":"product-type-simple"},"acf":[],"_links":{"self":[{"href":"https:\/\/www.libraria-occitana.org\/oc\/wp-json\/wp\/v2\/product\/59238","targetHints":{"allow":["GET"]}}],"collection":[{"href":"https:\/\/www.libraria-occitana.org\/oc\/wp-json\/wp\/v2\/product"}],"about":[{"href":"https:\/\/www.libraria-occitana.org\/oc\/wp-json\/wp\/v2\/types\/product"}],"wp:featuredmedia":[{"embeddable":true,"href":"https:\/\/www.libraria-occitana.org\/oc\/wp-json\/wp\/v2\/media\/59241"}],"wp:attachment":[{"href":"https:\/\/www.libraria-occitana.org\/oc\/wp-json\/wp\/v2\/media?parent=59238"}],"wp:term":[{"taxonomy":"product_brand","embeddable":true,"href":"https:\/\/www.libraria-occitana.org\/oc\/wp-json\/wp\/v2\/product_brand?post=59238"},{"taxonomy":"product_cat","embeddable":true,"href":"https:\/\/www.libraria-occitana.org\/oc\/wp-json\/wp\/v2\/product_cat?post=59238"},{"taxonomy":"product_tag","embeddable":true,"href":"https:\/\/www.libraria-occitana.org\/oc\/wp-json\/wp\/v2\/product_tag?post=59238"}],"curies":[{"name":"wp","href":"https:\/\/api.w.org\/{rel}","templated":true}]}}