{"id":59244,"date":"2024-01-05T16:46:39","date_gmt":"2024-01-05T15:46:39","guid":{"rendered":"http:\/\/www.libraria-occitana.org\/?post_type=product&#038;p=59244"},"modified":"2026-04-25T01:31:53","modified_gmt":"2026-04-24T23:31:53","slug":"cronicas-de-vent-li-bufa-2-quo-contunha-a-chantagreu-libre-2-cd","status":"publish","type":"product","link":"https:\/\/www.libraria-occitana.org\/oc\/produch\/cronicas-de-vent-li-bufa-2-quo-contunha-a-chantagreu-libre-2-cd\/","title":{"rendered":"Cronicas de Vent-l&#8217;i-Bufa 2 : Qu\u00f2 contunha a Chantagreu (libre + 2 CD)"},"content":{"rendered":"<p><strong>E \u00f2c, Chantagreu es totjorn qu\u00ed, pincat sus son terme, e en deb\u00e0s, cort una ribiera&#8230;<\/strong> mas dins la suaudor apparenta de queu dec\u00f2r bucolic, qu\u00f2 es tota una umanitat que minja, beu, aima, se breja, trabalha quante p\u00f2t pas far autrament, viu, qu\u00e9&#8230;<\/p>\n<p>I encontraretz un maire que migra per sa reeleccion e son eschina, un torista un pauc perdut, un curet que a bien dau malor coma sos parofians e lo quite Bon Diu, una dr\u00f2lla que t\u00f2rna au pa\u00eds fortuna facha, una autra que contra esperan\u00e7a &#8216;chaba per se maridar, un bolengier fumelaire, un vielh que ne\u2019n &#8216;chaba pas de morir, una rev\u00f2lta botarela, una partida de pescha bien especiala, un viatge diplomatic malaisat&#8230; E tanben l\u2019eternau vielh gar\u00e7on tot sole sus son terme dins una baralha sens fin contre lo vent, la mauchan\u00e7a e la neciari\u00e1 umana. Tot un pitit monde que coneissetz benleu desj\u00e0 e qu\u2019espere tornaretz trobar emb plaser.<\/p>\n<p><strong>Los textes que seguen, coma los que se tr\u00f2ban dins lo prumier t\u00f2me, an comen\u00e7at de par\u00e9isser i a mai de quaranta ans dins un pitit bulletin publiat a Bordelha.<\/strong> Ventador era son nom. Darrier quela apelacion prestigiosa se &#8216;clachava (entre autres) la volontat de familiarizar los legeires occitanof\u00f2nes emb la grafia normalizada, de lur monstrar enfin lur lenga dins daus &#8216;bilhaments dignes d\u2019ela. Prumiers pas de l\u2019autor dins l\u2019escritura occitana, an las imperfeccions d\u2019un prumier obratge, e los c\u00f2ps de riflard se vesen un pauc tr\u00f2p, coma dins dau faus rustique&#8230;<\/p>\n<p>L\u2019autor pasmens a ren vougut chamjar dins quelas ist\u00f2rias que se v\u00f2len tanben testim\u00f2nis d\u2019un temps onte las refer\u00e9ncias popularas escrichas eran las ist\u00f2rias lemosinas de Panaz\u00f2u e los dial\u00f2gues lengadocians de Catinon e Jacotin.<\/p>\n<p>Las Cronicas de Vent-l\u2019i-Bufa contan de las istorietas onte, au fons comique tradicionau, se boiran una realitat rurala e l\u2019imaginacion de l\u2019autor, totjorn a un piau dau fantastique&#8230;<\/p>\n<p>Emb 2 CDs daus textes legits per l&#8217;autor.<\/p>\n<p><a href=\"http:\/\/www.libraria-occitana.org\/produit\/cronicas-de-vent-li-bufa-libre-cd\/\"><em>Cronicas de Vent-l\u2019i-Bufa<\/em> (libre + 2 CD)<\/a><\/p>\n<p><a href=\"https:\/\/www.libraria-occitana.org\/produit\/cronicas-de-vent-li-bufa-3-tornarem-a-chantagreu-libre-audio\/\"><em>Cronicas de Vent-l\u2019i-Bufa 3<\/em> (libre + audi\u00f2)<\/a><\/p>\n","protected":false},"excerpt":{"rendered":"<p>E \u00f2c, Chantagreu es totjorn qu\u00ed, pincat sus son terme, e en deb\u00e0s, cort una ribiera&#8230; mas dins la suaudor apparenta de queu dec\u00f2r bucolic, qu\u00f2 es tota una umanitat que minja, beu, aima, se breja, trabalha quante p\u00f2t pas far autrament, viu, qu\u00e9&#8230; I encontraretz un maire que migra per sa reeleccion e son [&hellip;]<\/p>\n","protected":false},"featured_media":59247,"template":"","meta":{"_acf_changed":false,"_genesis_hide_title":false,"_genesis_hide_breadcrumbs":false,"_genesis_hide_singular_image":false,"_genesis_hide_footer_widgets":false,"_genesis_custom_body_class":"","_genesis_custom_post_class":"","_genesis_layout":""},"product_brand":[],"product_cat":[7133,7175,7183],"product_tag":[],"class_list":{"0":"post-59244","1":"product","2":"type-product","3":"status-publish","4":"has-post-thumbnail","6":"product_cat-libres-oc","7":"product_cat-literatura-oc","8":"product_cat-romans-novelas-oc","9":"pa_auteur-ganhaire-joan-oc","10":"pa_editeur-ieo-perigord-novelum-oc","11":"pa_langue-occitan-oc","12":"pa_langue-occitan-lemosin-oc","13":"entry","15":"first","16":"instock","17":"shipping-taxable","18":"purchasable","19":"product-type-simple"},"acf":[],"_links":{"self":[{"href":"https:\/\/www.libraria-occitana.org\/oc\/wp-json\/wp\/v2\/product\/59244","targetHints":{"allow":["GET"]}}],"collection":[{"href":"https:\/\/www.libraria-occitana.org\/oc\/wp-json\/wp\/v2\/product"}],"about":[{"href":"https:\/\/www.libraria-occitana.org\/oc\/wp-json\/wp\/v2\/types\/product"}],"wp:featuredmedia":[{"embeddable":true,"href":"https:\/\/www.libraria-occitana.org\/oc\/wp-json\/wp\/v2\/media\/59247"}],"wp:attachment":[{"href":"https:\/\/www.libraria-occitana.org\/oc\/wp-json\/wp\/v2\/media?parent=59244"}],"wp:term":[{"taxonomy":"product_brand","embeddable":true,"href":"https:\/\/www.libraria-occitana.org\/oc\/wp-json\/wp\/v2\/product_brand?post=59244"},{"taxonomy":"product_cat","embeddable":true,"href":"https:\/\/www.libraria-occitana.org\/oc\/wp-json\/wp\/v2\/product_cat?post=59244"},{"taxonomy":"product_tag","embeddable":true,"href":"https:\/\/www.libraria-occitana.org\/oc\/wp-json\/wp\/v2\/product_tag?post=59244"}],"curies":[{"name":"wp","href":"https:\/\/api.w.org\/{rel}","templated":true}]}}