{"id":59311,"date":"2023-03-23T10:45:09","date_gmt":"2023-03-23T09:45:09","guid":{"rendered":"http:\/\/www.libraria-occitana.org\/?post_type=product&#038;p=59311"},"modified":"2026-04-26T02:06:37","modified_gmt":"2026-04-26T00:06:37","slug":"oradour-sur-vayres-18-19-juillet-1944-la-bataille-de-lautre-oradour","status":"publish","type":"product","link":"https:\/\/www.libraria-occitana.org\/oc\/produch\/oradour-sur-vayres-18-19-juillet-1944-la-bataille-de-lautre-oradour\/","title":{"rendered":"Oradour-sur-Vayres 18-19 juillet 1944 : La bataille de &#8220;l&#8217;autre Oradour&#8221;"},"content":{"rendered":"<p>19 juillet 1944. Des r\u00e9sistants et des soldats allemands s&#8217;affrontent autour d&#8217;un train blind\u00e9 au sud-ouest de la Haute-Vienne. Des morts, plusieurs bless\u00e9s, les stigmates dans les rues d&#8217;Oradour-sur-Vayres d&#8217;une \u00ab bataille \u00bb devenue un \u00e9v\u00e8nement notoire de l&#8217;Histoire de la R\u00e9sistance en Haute-Vienne.<\/p>\n<p>Connu mais aussi entour\u00e9 de rumeurs. En s&#8217;appuyant sur des archives et des t\u00e9moignages \u00e9crits et oraux, cette \u00e9tude replace les faits dans le contexte de l&#8217;\u00e9t\u00e9 1944, entre le D\u00e9barquement en Normandie et la Lib\u00e9ration, aux lendemains du massacre d&#8217;Oradour-sur-Glane.<\/p>\n<p>Cet affrontement permet de mettre en lumi\u00e8re ce qu&#8217;a \u00e9t\u00e9 la Guerre dans ce territoire rural mais montre aussi comment la R\u00e9sistance s&#8217;est organis\u00e9e, comment des jeunes sont entr\u00e9s dans les maquis, jusqu&#8217;\u00e0 se retrouver au combat.<\/p>\n<p>Au-del\u00e0 de l&#8217;\u00e9tude des maquis et de leurs liens entre la Charente, la Haute-Vienne et la Dordogne, cette \u00ab bataille \u00bb nous permet aussi de comprendre comment s&#8217;est construite la m\u00e9moire locale de la R\u00e9sistance en Limousin. Enfin, elle participe \u00e0 la d\u00e9construction des rumeurs d&#8217;une confusion entre Oradour-sur-Vayres et Oradour-sur-Glane.<\/p>\n","protected":false},"excerpt":{"rendered":"<p>19 juillet 1944. Des r\u00e9sistants et des soldats allemands s&#8217;affrontent autour d&#8217;un train blind\u00e9 au sud-ouest de la Haute-Vienne. Des morts, plusieurs bless\u00e9s, les stigmates dans les rues d&#8217;Oradour-sur-Vayres d&#8217;une \u00ab bataille \u00bb devenue un \u00e9v\u00e8nement notoire de l&#8217;Histoire de la R\u00e9sistance en Haute-Vienne. Connu mais aussi entour\u00e9 de rumeurs. En s&#8217;appuyant sur des archives [&hellip;]<\/p>\n","protected":false},"featured_media":59315,"template":"","meta":{"_acf_changed":false,"_genesis_hide_title":false,"_genesis_hide_breadcrumbs":false,"_genesis_hide_singular_image":false,"_genesis_hide_footer_widgets":false,"_genesis_custom_body_class":"","_genesis_custom_post_class":"","_genesis_layout":""},"product_brand":[],"product_cat":[7159,7149,7133],"product_tag":[],"class_list":{"0":"post-59311","1":"product","2":"type-product","3":"status-publish","4":"has-post-thumbnail","6":"product_cat-istoria-moderna-e-contemporala-oc","7":"product_cat-istoria-geografia-oc","8":"product_cat-libres-oc","9":"pa_auteur-lestieux-nicolas-oc","10":"pa_editeur-geste-oc","11":"pa_langue-francais-oc","12":"entry","14":"first","15":"instock","16":"shipping-taxable","17":"purchasable","18":"product-type-simple"},"acf":[],"_links":{"self":[{"href":"https:\/\/www.libraria-occitana.org\/oc\/wp-json\/wp\/v2\/product\/59311","targetHints":{"allow":["GET"]}}],"collection":[{"href":"https:\/\/www.libraria-occitana.org\/oc\/wp-json\/wp\/v2\/product"}],"about":[{"href":"https:\/\/www.libraria-occitana.org\/oc\/wp-json\/wp\/v2\/types\/product"}],"wp:featuredmedia":[{"embeddable":true,"href":"https:\/\/www.libraria-occitana.org\/oc\/wp-json\/wp\/v2\/media\/59315"}],"wp:attachment":[{"href":"https:\/\/www.libraria-occitana.org\/oc\/wp-json\/wp\/v2\/media?parent=59311"}],"wp:term":[{"taxonomy":"product_brand","embeddable":true,"href":"https:\/\/www.libraria-occitana.org\/oc\/wp-json\/wp\/v2\/product_brand?post=59311"},{"taxonomy":"product_cat","embeddable":true,"href":"https:\/\/www.libraria-occitana.org\/oc\/wp-json\/wp\/v2\/product_cat?post=59311"},{"taxonomy":"product_tag","embeddable":true,"href":"https:\/\/www.libraria-occitana.org\/oc\/wp-json\/wp\/v2\/product_tag?post=59311"}],"curies":[{"name":"wp","href":"https:\/\/api.w.org\/{rel}","templated":true}]}}