{"id":59360,"date":"2024-03-04T12:25:10","date_gmt":"2024-03-04T11:25:10","guid":{"rendered":"http:\/\/www.libraria-occitana.org\/product\/chabreta\/"},"modified":"2026-04-25T02:56:47","modified_gmt":"2026-04-25T00:56:47","slug":"chabreta","status":"publish","type":"product","link":"https:\/\/www.libraria-occitana.org\/oc\/produch\/chabreta\/","title":{"rendered":"Chabreta"},"content":{"rendered":"<p>L\u2019album \u201cCHABRETA\u201d est le quatri\u00e8me CD de cette s\u00e9rie consacr\u00e9e aux cornemuses occitanes.<\/p>\n<p>Sur ce CD, Robert Matta voulu enregistrer et illustrer les chabrettes que l\u2019on retrouve actuellement en Limousin et en P\u00e9rigord. Deux instruments proches et en m\u00eame temps tr\u00e8s diff\u00e9rents par leur tonalit\u00e9 et leur organologie.<\/p>\n<p>Accompagn\u00e9 en ce sens par quelques musiciens chanteurs r\u00e9f\u00e9rents en la mati\u00e8re, vous y trouverez du r\u00e9pertoire issu des collectages qu&#8217;il a gl\u00e2n\u00e9 au fil des derni\u00e8res ann\u00e9es.<\/p>\n<p>Avec Jan Dau Melhau au chant, La Soubirane (groupe vocal du Quercy), Xavier Vidal et Didier Oliver aux violons, Gilles Debecdeli\u00e8vre et Arnaud Bibonne au chant et \u00e0 l\u2019accord\u00e9on, Fabrice Rougier \u00e0 la clarinette, Jonas Gimeno aux percussions et Guilhem Boucher \u00e0 l\u2019amboesa.<\/p>\n<p><iframe loading=\"lazy\" title=\"YouTube video player\" src=\"https:\/\/www.youtube.com\/embed\/TScVsa1OXDM?si=8X3VFMvFg3bMMeux\" width=\"560\" height=\"315\" frameborder=\"0\" allowfullscreen=\"allowfullscreen\"><\/iframe><\/p>\n<p><strong>Titres :<\/strong><br \/>\n1. Partirem pas d&#8217;aic\u00ed (Traditionnel P\u00e9rigord)<br \/>\n2. Peire la chabreta &#8211; Ai pas tant montat (Traditionnel Limousin) 3&#8217;11<br \/>\n3. Delai Paris (Traditionnel Limousin) 2&#8217;37<br \/>\n4. Se i\u00f2 sabi\u00e1i volar &#8211; Per ne far &#8216;na bona n\u00f2\u00e7a (Traditionnel P\u00e9rigord) 4&#8217;53<br \/>\n5. Lo darrier jorn de l&#8217;an (Traditionnel Limousin) 3&#8217;24<br \/>\n6. Les forgerons aiment le vin &#8211; Bourr\u00e9e du Trech (Traditionnel) 2&#8217;40<br \/>\n7. Davant Bord\u00e8u &#8211; De bon matin se leva (Traditionnel P\u00e9rigord) 6&#8217;08<br \/>\n8. Filhas de Vilan\u00e8va (Traditionnel P\u00e9rigord) 5&#8217;31<br \/>\n9. Lo chabretaire (Traditionnel Limousin) 2&#8217;23<br \/>\n10. M&#8217;es av\u00eds qu&#8217;ai ausit (Traditionnel Quercy) 3&#8217;37<br \/>\n11. La vila de Sarlat (Traditionnel) 3&#8217;02<br \/>\n12. Conan \/ La barbare (Didier Oliver, bourr\u00e9es plani\u00e8res) 2&#8217;52<br \/>\n13. Piare lo chabretaire (Traditionnel Limousin) 2&#8217;44<br \/>\n14. A la rasa de la nu\u00e8ch (Traditionnel) 1&#8217;52<\/p>\n<p><strong>Les autres albums :<br \/>\n<\/strong><a href=\"http:\/\/www.libraria-occitana.org\/produit\/boha\/\"><em>Boha<\/em><\/a><br \/>\n<a href=\"http:\/\/www.libraria-occitana.org\/produit\/craba\/\"><em>Craba<\/em><\/a><br \/>\n<a href=\"http:\/\/www.libraria-occitana.org\/produit\/samponha\/\"><em>Samponha<\/em><\/a><\/p>\n","protected":false},"excerpt":{"rendered":"<p>L\u2019album \u201cCHABRETA\u201d est le quatri\u00e8me CD de cette s\u00e9rie consacr\u00e9e aux cornemuses occitanes. Sur ce CD, Robert Matta voulu enregistrer et illustrer les chabrettes que l\u2019on retrouve actuellement en Limousin et en P\u00e9rigord. Deux instruments proches et en m\u00eame temps tr\u00e8s diff\u00e9rents par leur tonalit\u00e9 et leur organologie. Accompagn\u00e9 en ce sens par quelques musiciens [&hellip;]<\/p>\n","protected":false},"featured_media":59351,"template":"","meta":{"_acf_changed":false,"_genesis_hide_title":false,"_genesis_hide_breadcrumbs":false,"_genesis_hide_singular_image":false,"_genesis_hide_footer_widgets":false,"_genesis_custom_body_class":"","_genesis_custom_post_class":"","_genesis_layout":""},"product_brand":[],"product_cat":[16683,7229],"product_tag":[],"class_list":{"0":"post-59360","1":"product","2":"type-product","3":"status-publish","4":"has-post-thumbnail","6":"product_cat-musica-oc","7":"product_cat-novela-tradicion-oc","8":"pa_auteur-collectiu-oc-2","9":"pa_auteur-matta-robert-oc","10":"pa_editeur-la-confrerie-des-souffleurs-oc","11":"pa_langue-occitan-oc","12":"entry","14":"first","15":"instock","16":"shipping-taxable","17":"purchasable","18":"product-type-simple"},"acf":[],"_links":{"self":[{"href":"https:\/\/www.libraria-occitana.org\/oc\/wp-json\/wp\/v2\/product\/59360","targetHints":{"allow":["GET"]}}],"collection":[{"href":"https:\/\/www.libraria-occitana.org\/oc\/wp-json\/wp\/v2\/product"}],"about":[{"href":"https:\/\/www.libraria-occitana.org\/oc\/wp-json\/wp\/v2\/types\/product"}],"wp:featuredmedia":[{"embeddable":true,"href":"https:\/\/www.libraria-occitana.org\/oc\/wp-json\/wp\/v2\/media\/59351"}],"wp:attachment":[{"href":"https:\/\/www.libraria-occitana.org\/oc\/wp-json\/wp\/v2\/media?parent=59360"}],"wp:term":[{"taxonomy":"product_brand","embeddable":true,"href":"https:\/\/www.libraria-occitana.org\/oc\/wp-json\/wp\/v2\/product_brand?post=59360"},{"taxonomy":"product_cat","embeddable":true,"href":"https:\/\/www.libraria-occitana.org\/oc\/wp-json\/wp\/v2\/product_cat?post=59360"},{"taxonomy":"product_tag","embeddable":true,"href":"https:\/\/www.libraria-occitana.org\/oc\/wp-json\/wp\/v2\/product_tag?post=59360"}],"curies":[{"name":"wp","href":"https:\/\/api.w.org\/{rel}","templated":true}]}}