{"id":59371,"date":"2020-02-04T15:36:48","date_gmt":"2020-02-04T14:36:48","guid":{"rendered":"http:\/\/www.libraria-occitana.org\/?post_type=product&#038;p=59371"},"modified":"2026-04-25T03:12:01","modified_gmt":"2026-04-25T01:12:01","slug":"samponha","status":"publish","type":"product","link":"https:\/\/www.libraria-occitana.org\/oc\/produch\/samponha\/","title":{"rendered":"Samponha"},"content":{"rendered":"<p>L\u2019album \u201cSAMPONHA\u201d est le troisi\u00e8me CD de cette s\u00e9rie consacr\u00e9e aux cornemuses occitanes.<\/p>\n<p>La <em>samponha<\/em> est une cornemuse polyphonique pratiqu\u00e9e autrefois dans les Pyr\u00e9n\u00e9es. Elle fut reconstitu\u00e9e \u00e0 partir de l\u2019analyse de l\u2019ensemble des repr\u00e9sentations iconographiques retrouv\u00e9es en B\u00e9arn et dans les Pyr\u00e9n\u00e9es centrales. Plusieurs \u00e9crits attestent de l\u2019existence d\u2019une cornemuse dans les Pyr\u00e9n\u00e9es mais aucune trace concr\u00e8te d\u2019instruments ne fut retrouv\u00e9e. Cornemuse de type polyphonique, son jeu reste d\u00e9licat mais ses possibilit\u00e9s sont \u00e0 la hauteur des harmonies b\u00e9arnaises si riches.<\/p>\n<p><iframe loading=\"lazy\" src=\"https:\/\/w.soundcloud.com\/player\/?url=https%3A\/\/api.soundcloud.com\/tracks\/641293101&amp;color=%23ff5500&amp;auto_play=false&amp;hide_related=false&amp;show_comments=true&amp;show_user=true&amp;show_reposts=false&amp;show_teaser=true&amp;visual=true\" width=\"100%\" height=\"300\" frameborder=\"no\" scrolling=\"no\"><\/iframe><\/p>\n<div style=\"font-size: 10px; color: #cccccc; line-break: anywhere; word-break: normal; overflow: hidden; white-space: nowrap; text-overflow: ellipsis; font-family: Interstate,Lucida Grande,Lucida Sans Unicode,Lucida Sans,Garuda,Verdana,Tahoma,sans-serif; font-weight: 100;\"><a style=\"color: #cccccc; text-decoration: none;\" title=\"cornemusesoccitanes\" href=\"https:\/\/soundcloud.com\/cornemusesoccitanes\" target=\"_blank\" rel=\"noopener\">cornemusesoccitanes<\/a> \u00b7 <a style=\"color: #cccccc; text-decoration: none;\" title=\"Suu pont De Mirabela\" href=\"https:\/\/soundcloud.com\/cornemusesoccitanes\/suu-pont-de-mirabela\" target=\"_blank\" rel=\"noopener\">Suu pont De Mirabela<\/a><\/div>\n<p><iframe loading=\"lazy\" src=\"https:\/\/w.soundcloud.com\/player\/?url=https%3A\/\/api.soundcloud.com\/tracks\/641293758&amp;color=%23ff5500&amp;auto_play=false&amp;hide_related=false&amp;show_comments=true&amp;show_user=true&amp;show_reposts=false&amp;show_teaser=true&amp;visual=true\" width=\"100%\" height=\"300\" frameborder=\"no\" scrolling=\"no\"><\/iframe><\/p>\n<div style=\"font-size: 10px; color: #cccccc; line-break: anywhere; word-break: normal; overflow: hidden; white-space: nowrap; text-overflow: ellipsis; font-family: Interstate,Lucida Grande,Lucida Sans Unicode,Lucida Sans,Garuda,Verdana,Tahoma,sans-serif; font-weight: 100;\"><a style=\"color: #cccccc; text-decoration: none;\" title=\"cornemusesoccitanes\" href=\"https:\/\/soundcloud.com\/cornemusesoccitanes\" target=\"_blank\" rel=\"noopener\">cornemusesoccitanes<\/a> \u00b7 <a style=\"color: #cccccc; text-decoration: none;\" title=\"Si M'auretz Vist\" href=\"https:\/\/soundcloud.com\/cornemusesoccitanes\/si-mauretz-vist\" target=\"_blank\" rel=\"noopener\">Si M&#8217;auretz Vist<\/a><\/div>\n<p><strong>Titres :<\/strong><br \/>\n1. Suu pont de Mirabel (Traditionnel) 3&#8217;10<br \/>\n2. Augan i a un pastor (Traditionnel) 6&#8217;06<br \/>\n3. La Sobirana (Los Pagalhos) 3&#8217;28<br \/>\n4. Charmantina (Traditionnel) 2&#8217;42<br \/>\n5. Si m&#8217;auretz vist (Traditionnel, branlo biarn\u00e9s) 2&#8217;47<br \/>\n6. Eth qu&#8217;a toustem &#8211; Pantelon deth Lavedan (Traditionnel Big\u00f2rra) 4&#8217;31<br \/>\n7. La gav\u00f2ta (Traditionnel, saut biarn\u00e9s) 4&#8217;49<br \/>\n8. Aussau (Traditionnel, branlo airejan) 3&#8217;30<br \/>\n9. Darr\u00e8r eth noste horn (Traditionnel Big\u00f2rra \/ Vath d&#8217;Asun) 4&#8217;12<br \/>\n10. Dus (Traditionnel, saut biarn\u00e9s) 2&#8217;39<br \/>\n11. La craba (Traditionnel, saut biarn\u00e9s) 2&#8217;39<br \/>\n12. Las guerras son cridades (Traditionnel, branlo aussal\u00e9s) 4&#8217;00<br \/>\n13. Adishatz pastorelas de Comeli (Traditionnel, Pais Toy) 2&#8217;34<br \/>\n14. Se canta (Traditionnel) 1&#8217;21<br \/>\n15. La marche d&#8217;Accous (Traditionnel) 1&#8217;55<\/p>\n<p><strong>Les autres albums :<br \/>\n<\/strong><a href=\"http:\/\/www.libraria-occitana.org\/produit\/boha\/\"><em>Boha<\/em><\/a><br \/>\n<a href=\"http:\/\/www.libraria-occitana.org\/produit\/craba\/\"><em>Craba<\/em><\/a><br \/>\n<a href=\"http:\/\/www.libraria-occitana.org\/produit\/chabreta\/\"><em>Chabreta<\/em><\/a><\/p>\n","protected":false},"excerpt":{"rendered":"<p>L\u2019album \u201cSAMPONHA\u201d est le troisi\u00e8me CD de cette s\u00e9rie consacr\u00e9e aux cornemuses occitanes. La samponha est une cornemuse polyphonique pratiqu\u00e9e autrefois dans les Pyr\u00e9n\u00e9es. Elle fut reconstitu\u00e9e \u00e0 partir de l\u2019analyse de l\u2019ensemble des repr\u00e9sentations iconographiques retrouv\u00e9es en B\u00e9arn et dans les Pyr\u00e9n\u00e9es centrales. Plusieurs \u00e9crits attestent de l\u2019existence d\u2019une cornemuse dans les Pyr\u00e9n\u00e9es mais [&hellip;]<\/p>\n","protected":false},"featured_media":59354,"template":"","meta":{"_acf_changed":false,"_genesis_hide_title":false,"_genesis_hide_breadcrumbs":false,"_genesis_hide_singular_image":false,"_genesis_hide_footer_widgets":false,"_genesis_custom_body_class":"","_genesis_custom_post_class":"","_genesis_layout":""},"product_brand":[],"product_cat":[16683,7229],"product_tag":[],"class_list":{"0":"post-59371","1":"product","2":"type-product","3":"status-publish","4":"has-post-thumbnail","6":"product_cat-musica-oc","7":"product_cat-novela-tradicion-oc","8":"pa_auteur-collectiu-oc-2","9":"pa_auteur-matta-robert-oc","10":"pa_editeur-la-confrerie-des-souffleurs-oc","11":"pa_langue-occitan-oc","12":"entry","14":"first","15":"outofstock","16":"shipping-taxable","17":"purchasable","18":"product-type-simple"},"acf":[],"_links":{"self":[{"href":"https:\/\/www.libraria-occitana.org\/oc\/wp-json\/wp\/v2\/product\/59371","targetHints":{"allow":["GET"]}}],"collection":[{"href":"https:\/\/www.libraria-occitana.org\/oc\/wp-json\/wp\/v2\/product"}],"about":[{"href":"https:\/\/www.libraria-occitana.org\/oc\/wp-json\/wp\/v2\/types\/product"}],"wp:featuredmedia":[{"embeddable":true,"href":"https:\/\/www.libraria-occitana.org\/oc\/wp-json\/wp\/v2\/media\/59354"}],"wp:attachment":[{"href":"https:\/\/www.libraria-occitana.org\/oc\/wp-json\/wp\/v2\/media?parent=59371"}],"wp:term":[{"taxonomy":"product_brand","embeddable":true,"href":"https:\/\/www.libraria-occitana.org\/oc\/wp-json\/wp\/v2\/product_brand?post=59371"},{"taxonomy":"product_cat","embeddable":true,"href":"https:\/\/www.libraria-occitana.org\/oc\/wp-json\/wp\/v2\/product_cat?post=59371"},{"taxonomy":"product_tag","embeddable":true,"href":"https:\/\/www.libraria-occitana.org\/oc\/wp-json\/wp\/v2\/product_tag?post=59371"}],"curies":[{"name":"wp","href":"https:\/\/api.w.org\/{rel}","templated":true}]}}