{"id":59405,"date":"2024-03-04T19:06:13","date_gmt":"2024-03-04T18:06:13","guid":{"rendered":"http:\/\/www.libraria-occitana.org\/product\/monde-de-bohas\/"},"modified":"2026-04-19T04:36:52","modified_gmt":"2026-04-19T02:36:52","slug":"monde-de-bohas","status":"publish","type":"product","link":"https:\/\/www.libraria-occitana.org\/oc\/produch\/monde-de-bohas\/","title":{"rendered":"Monde de Bohas"},"content":{"rendered":"<p>Le 12 juillet 2018, le festival \u00ab\u2009Le Son Continu\u2009\u00bb commen\u00e7ait par le \u00ab\u2009Monde de Bohas\u2009\u00bb, concert con\u00e7u et r\u00e9alis\u00e9 par Jacques Baudoin. Il r\u00e9unissait tout ce que l\u2019Aquitaine compte de musiciens virtuoses amoureux de la Boha. Bien entendu \u00e9taient pr\u00e9sents tous les laur\u00e9ats du festival d\u2019Ars : Duo Yan Cozian &#8211; Didier Oliver (1998), R\u00e9my Pal\u00e9zis (1999), Arnaud Bibonne (2007), Adrien Villeneuve (2010) et Martin Lassouque (2013), encadr\u00e9s par ceux qui ont oeuvr\u00e9 \u00e0 la renaissance de l\u2019instrument, les \u00ab\u2009d\u00e9fricheurs\u2009\u00bb des ann\u00e9es 70-80 : Alain Cadeillan dit Kachtoun, Bernard Desblancs, Jean Pascal Leriche, Robert Matta. Ainsi se succ\u00e9d\u00e8rent sur sc\u00e8ne des solos, duos et diverses formations accompagn\u00e9es d\u2019invit\u00e9s : Mathieu, Thomas et Jacques Baudoin, Yves Pouysegur, Camille Raibaud et Pierre Rouch.<\/p>\n<p>Ce concert racontait, sur la grande sc\u00e8ne et devant des gradins pleins, l\u2019histoire de la cornemuse des landes de Gascogne, des anciens boha-au-sac \u00e0 \u00ab\u20095 trous\u2009\u00bb aux sons acidul\u00e9es, \u00e9voluant vers le vrombissement des bohas basses ou les majestueuses harmonies des bohas polyphoniques. De ce concert, ovationn\u00e9 par le public du festival d\u2019Ars, il ne resterait que quelques souvenirs si ce DVD ne pouvait vous faire enfin revivre ce merveilleux spectacle, pierre blanche sur le chemin improbable de la cornemuse des Landes de Gascogne.<\/p>\n<p>Concert et film produits et r\u00e9alis\u00e9s par Les \u00adBohaires de Gasconha et la compagnie Hart Brut.<br \/>\nEn collaboration avec le Festival Le Son Continu, CIRDOC &#8211; Institut Occitan de Cultura, Centre Occitan des Musiques et Danses Traditionnelles &#8211; Toulouse (COMDT).<\/p>\n<p>Film\u00e9 le 12 juillet 2018 durant le festival Le Son Continu au ch\u00e2teau d\u2019Ars \u00e0 Lourouer-Saint-Laurent.<\/p>\n<p>Avec livret de 24 pages en occitan (gascon) &#8211; english &#8211; fran\u00e7ais.<\/p>\n<p><strong>Titres :<\/strong><br \/>\n1. J&#8217;\u00e9tais un enfant unique<br \/>\n2. Rondeaux<br \/>\n3. En &#8216;questa dan\u00e7a ne n&#8217;\u00e8m que nau<br \/>\n4. Branle du Haut-agenais &#8211; Rondeau landais 1 &#8211; Rondeau landais 2<br \/>\n5. Marche de noce &#8211; Rondeau &#8220;M&#8217;en revenant d&#8217;Escaudes&#8221; &#8211; Rondeau<br \/>\n6. Lo p\u00f2rta lheit<br \/>\n7. Valse \u00e0 Lagard\u00e8re<br \/>\n8. Dessus le noste trilhe<br \/>\n9. Al\u00e9a mineur<br \/>\n10. Can\u00e7on deu lin<br \/>\n11. Congo Nuit de boha<br \/>\n12. Rondeau Adiante rouge &#8211; Face toc &#8211; L&#8217;Astarac<br \/>\n13. Rondeau des Landes &#8211; Lo galant<br \/>\n14. Scottish du fil<br \/>\n15. Al bosc del bois &#8211; Darr\u00e9 noste hour<br \/>\n16. Annus novus in gaudio<br \/>\n17. Lou Galerian<br \/>\n18. Devat le houelhe de l&#8217;auloum &#8211; &#8220;Branle&#8221; &#8211; L&#8217;aute joun jou m&#8217;en anabi de Tholoze a Montr\u00e9jau<br \/>\n19. La passada &#8211; Que h\u00e8 lo violonaire &#8211; Ass\u00eb m&#8217;i dicheri ass\u00ee \/ Jou boli \u00e9yma aquest-ac\u00ed &#8211; Rondeau<br \/>\n20. Rondeau de Peysot<br \/>\n21. Nous n&#8217;\u00e9rem nau arroumigues<br \/>\n22. Rappel rond\u00e8u de Peysot<\/p>\n","protected":false},"excerpt":{"rendered":"<p>Le 12 juillet 2018, le festival \u00ab\u2009Le Son Continu\u2009\u00bb commen\u00e7ait par le \u00ab\u2009Monde de Bohas\u2009\u00bb, concert con\u00e7u et r\u00e9alis\u00e9 par Jacques Baudoin. Il r\u00e9unissait tout ce que l\u2019Aquitaine compte de musiciens virtuoses amoureux de la Boha. Bien entendu \u00e9taient pr\u00e9sents tous les laur\u00e9ats du festival d\u2019Ars : Duo Yan Cozian &#8211; Didier Oliver (1998), R\u00e9my [&hellip;]<\/p>\n","protected":false},"featured_media":59403,"template":"","meta":{"_acf_changed":false,"_genesis_hide_title":false,"_genesis_hide_breadcrumbs":false,"_genesis_hide_singular_image":false,"_genesis_hide_footer_widgets":false,"_genesis_custom_body_class":"","_genesis_custom_post_class":"","_genesis_layout":""},"product_brand":[],"product_cat":[7248,7240],"product_tag":[],"class_list":{"0":"post-59405","1":"product","2":"type-product","3":"status-publish","4":"has-post-thumbnail","6":"product_cat-musica-literatura-oc","7":"product_cat-video-oc","8":"pa_auteur-collectiu-oc-2","9":"pa_editeur-bohaires-de-gasconha-oc","10":"pa_langue-autras-lingas-oc","11":"pa_langue-occitan-gascon-oc","12":"pa_langue-occitan-francais-oc","13":"entry","15":"first","16":"instock","17":"shipping-taxable","18":"purchasable","19":"product-type-simple"},"acf":[],"_links":{"self":[{"href":"https:\/\/www.libraria-occitana.org\/oc\/wp-json\/wp\/v2\/product\/59405","targetHints":{"allow":["GET"]}}],"collection":[{"href":"https:\/\/www.libraria-occitana.org\/oc\/wp-json\/wp\/v2\/product"}],"about":[{"href":"https:\/\/www.libraria-occitana.org\/oc\/wp-json\/wp\/v2\/types\/product"}],"wp:featuredmedia":[{"embeddable":true,"href":"https:\/\/www.libraria-occitana.org\/oc\/wp-json\/wp\/v2\/media\/59403"}],"wp:attachment":[{"href":"https:\/\/www.libraria-occitana.org\/oc\/wp-json\/wp\/v2\/media?parent=59405"}],"wp:term":[{"taxonomy":"product_brand","embeddable":true,"href":"https:\/\/www.libraria-occitana.org\/oc\/wp-json\/wp\/v2\/product_brand?post=59405"},{"taxonomy":"product_cat","embeddable":true,"href":"https:\/\/www.libraria-occitana.org\/oc\/wp-json\/wp\/v2\/product_cat?post=59405"},{"taxonomy":"product_tag","embeddable":true,"href":"https:\/\/www.libraria-occitana.org\/oc\/wp-json\/wp\/v2\/product_tag?post=59405"}],"curies":[{"name":"wp","href":"https:\/\/api.w.org\/{rel}","templated":true}]}}