{"id":59582,"date":"2015-09-19T12:49:39","date_gmt":"2015-09-19T10:49:39","guid":{"rendered":"http:\/\/www.libraria-occitana.org\/?post_type=product&#038;p=59582"},"modified":"2026-04-16T01:01:20","modified_gmt":"2026-04-15T23:01:20","slug":"le-berceau-perigourdin-chroniques","status":"publish","type":"product","link":"https:\/\/www.libraria-occitana.org\/oc\/produch\/le-berceau-perigourdin-chroniques\/","title":{"rendered":"Le berceau p\u00e9rigourdin : Chroniques"},"content":{"rendered":"<p>Avec ce recueil de vingt-cinq contes, qu\u2019il appelait ses \u00ab chroniques multicolores du pays p\u00e9rigourdin \u00bb, L\u00e9once Bourliaguet (1895-1965) nous invite \u00e0 un voyage dans l\u2019espace aussi bien que dans le temps. De P\u00e9rigueux \u00e0 Nontron, de Bergerac \u00e0 Sarlat, en passant par Thiviers sa ville natale, Mussidan, et d\u2019autres lieux encore, on croise une multitude de personnages pittoresques, t\u00e9moins de leur temps, depuis la pr\u00e9histoire jusqu\u2019\u00e0 la fin de la Seconde Guerre mondiale. Et \u00ab c\u2019est le P\u00e9rigord tout entier qui palpite dans ces pages ! \u00bb.<\/p>\n","protected":false},"excerpt":{"rendered":"<p>Avec ce recueil de vingt-cinq contes, qu\u2019il appelait ses \u00ab chroniques multicolores du pays p\u00e9rigourdin \u00bb, L\u00e9once Bourliaguet (1895-1965) nous invite \u00e0 un voyage dans l\u2019espace aussi bien que dans le temps. De P\u00e9rigueux \u00e0 Nontron, de Bergerac \u00e0 Sarlat, en passant par Thiviers sa ville natale, Mussidan, et d\u2019autres lieux encore, on croise une [&hellip;]<\/p>\n","protected":false},"featured_media":59585,"template":"","meta":{"_acf_changed":false,"_genesis_hide_title":false,"_genesis_hide_breadcrumbs":false,"_genesis_hide_singular_image":false,"_genesis_hide_footer_widgets":false,"_genesis_custom_body_class":"","_genesis_custom_post_class":"","_genesis_layout":""},"product_brand":[],"product_cat":[7133,7175,7183],"product_tag":[],"class_list":{"0":"post-59582","1":"product","2":"type-product","3":"status-publish","4":"has-post-thumbnail","6":"product_cat-libres-oc","7":"product_cat-literatura-oc","8":"product_cat-romans-novelas-oc","9":"pa_auteur-bourliaguet-leonce-oc","10":"pa_editeur-par-ailleurs-oc","11":"pa_langue-francais-oc","12":"entry","14":"first","15":"instock","16":"shipping-taxable","17":"purchasable","18":"product-type-simple"},"acf":[],"_links":{"self":[{"href":"https:\/\/www.libraria-occitana.org\/oc\/wp-json\/wp\/v2\/product\/59582","targetHints":{"allow":["GET"]}}],"collection":[{"href":"https:\/\/www.libraria-occitana.org\/oc\/wp-json\/wp\/v2\/product"}],"about":[{"href":"https:\/\/www.libraria-occitana.org\/oc\/wp-json\/wp\/v2\/types\/product"}],"wp:featuredmedia":[{"embeddable":true,"href":"https:\/\/www.libraria-occitana.org\/oc\/wp-json\/wp\/v2\/media\/59585"}],"wp:attachment":[{"href":"https:\/\/www.libraria-occitana.org\/oc\/wp-json\/wp\/v2\/media?parent=59582"}],"wp:term":[{"taxonomy":"product_brand","embeddable":true,"href":"https:\/\/www.libraria-occitana.org\/oc\/wp-json\/wp\/v2\/product_brand?post=59582"},{"taxonomy":"product_cat","embeddable":true,"href":"https:\/\/www.libraria-occitana.org\/oc\/wp-json\/wp\/v2\/product_cat?post=59582"},{"taxonomy":"product_tag","embeddable":true,"href":"https:\/\/www.libraria-occitana.org\/oc\/wp-json\/wp\/v2\/product_tag?post=59582"}],"curies":[{"name":"wp","href":"https:\/\/api.w.org\/{rel}","templated":true}]}}