{"id":59588,"date":"2024-04-19T12:58:07","date_gmt":"2024-04-19T10:58:07","guid":{"rendered":"http:\/\/www.libraria-occitana.org\/?post_type=product&#038;p=59588"},"modified":"2026-04-29T10:55:49","modified_gmt":"2026-04-29T08:55:49","slug":"aurost-enta-ua-escort","status":"publish","type":"product","link":"https:\/\/www.libraria-occitana.org\/oc\/produch\/aurost-enta-ua-escort\/","title":{"rendered":"Aur\u00f2st ent\u00e0 ua escort"},"content":{"rendered":"<p>Darr\u00e8r roman d&#8217;Eric Gonzal\u00e8s, <em>Aur\u00f2st ent\u00e0 ua escort<\/em>, que nos mia en aqueth barri paulin de la nueit, dab personatges en marge de la societat, t\u00e0 res\u00f2lver lo murtre de Laur\u00e0. Que retrobam lo comandant Heugars, l&#8217;er\u00f2i deu son prum\u00e8r libe, <a href=\"http:\/\/www.libraria-occitana.org\/produit\/lorra-istoera-dun-hilh-de-gelos\/\"><em>L&#8217;\u00f2rra isto\u00e8ra d&#8217;un hilh de Gel\u00f2s<\/em><\/a>, sortit e premiat en 1996.<\/p>\n<p>L&#8217;autor que muisha ua grana mestresa deu genre polici\u00e8r e, plan segur, de la lenga, pr&#8217;amor qu&#8217;\u00e8ra ahuecat de la lenga d&#8217;\u00f2c desempuish mainat.<\/p>\n<p>Atau que comen\u00e7a lo libe :<\/p>\n<blockquote>\n<p>Lo dia qu&#8217;ei tr\u00f2p ber\u00f2i ent\u00e0 qu&#8217;agi enveja de m&#8217;ocupar d&#8217;assassinats.<\/p>\n<\/blockquote>\n","protected":false},"excerpt":{"rendered":"<p>Darr\u00e8r roman d&#8217;Eric Gonzal\u00e8s, Aur\u00f2st ent\u00e0 ua escort, que nos mia en aqueth barri paulin de la nueit, dab personatges en marge de la societat, t\u00e0 res\u00f2lver lo murtre de Laur\u00e0. Que retrobam lo comandant Heugars, l&#8217;er\u00f2i deu son prum\u00e8r libe, L&#8217;\u00f2rra isto\u00e8ra d&#8217;un hilh de Gel\u00f2s, sortit e premiat en 1996. L&#8217;autor que muisha [&hellip;]<\/p>\n","protected":false},"featured_media":59591,"template":"","meta":{"_acf_changed":false,"_genesis_hide_title":false,"_genesis_hide_breadcrumbs":false,"_genesis_hide_singular_image":false,"_genesis_hide_footer_widgets":false,"_genesis_custom_body_class":"","_genesis_custom_post_class":"","_genesis_layout":""},"product_brand":[],"product_cat":[7133,7175,7183],"product_tag":[],"class_list":{"0":"post-59588","1":"product","2":"type-product","3":"status-publish","4":"has-post-thumbnail","6":"product_cat-libres-oc","7":"product_cat-literatura-oc","8":"product_cat-romans-novelas-oc","9":"pa_auteur-gonzales-eric-oc","10":"pa_editeur-reclams-oc","11":"pa_langue-occitan-oc","12":"pa_langue-occitan-gascon-oc","13":"entry","15":"first","16":"instock","17":"shipping-taxable","18":"purchasable","19":"product-type-simple"},"acf":[],"_links":{"self":[{"href":"https:\/\/www.libraria-occitana.org\/oc\/wp-json\/wp\/v2\/product\/59588","targetHints":{"allow":["GET"]}}],"collection":[{"href":"https:\/\/www.libraria-occitana.org\/oc\/wp-json\/wp\/v2\/product"}],"about":[{"href":"https:\/\/www.libraria-occitana.org\/oc\/wp-json\/wp\/v2\/types\/product"}],"wp:featuredmedia":[{"embeddable":true,"href":"https:\/\/www.libraria-occitana.org\/oc\/wp-json\/wp\/v2\/media\/59591"}],"wp:attachment":[{"href":"https:\/\/www.libraria-occitana.org\/oc\/wp-json\/wp\/v2\/media?parent=59588"}],"wp:term":[{"taxonomy":"product_brand","embeddable":true,"href":"https:\/\/www.libraria-occitana.org\/oc\/wp-json\/wp\/v2\/product_brand?post=59588"},{"taxonomy":"product_cat","embeddable":true,"href":"https:\/\/www.libraria-occitana.org\/oc\/wp-json\/wp\/v2\/product_cat?post=59588"},{"taxonomy":"product_tag","embeddable":true,"href":"https:\/\/www.libraria-occitana.org\/oc\/wp-json\/wp\/v2\/product_tag?post=59588"}],"curies":[{"name":"wp","href":"https:\/\/api.w.org\/{rel}","templated":true}]}}