{"id":59605,"date":"2024-04-22T12:14:48","date_gmt":"2024-04-22T10:14:48","guid":{"rendered":"http:\/\/www.libraria-occitana.org\/?post_type=product&#038;p=59605"},"modified":"2026-04-17T20:46:28","modified_gmt":"2026-04-17T18:46:28","slug":"petit-dictionnaire-provencal-francais-1909-reedition-fac-simile-avec-le-compte-rendu-dantoine-thomas","status":"publish","type":"product","link":"https:\/\/www.libraria-occitana.org\/oc\/produch\/petit-dictionnaire-provencal-francais-1909-reedition-fac-simile-avec-le-compte-rendu-dantoine-thomas\/","title":{"rendered":"Petit dictionnaire proven\u00e7al-fran\u00e7ais (1909) : R\u00e9\u00e9dition fac-simil\u00e9 avec le compte-rendu d&#8217;Antoine Thomas"},"content":{"rendered":"<p>Copie fac-simil\u00e9 au format agrandi de 33 % de la toute derni\u00e8re \u00e9dition Carl Winter, Heidelberg, 1997.<\/p>\n<p>\u00ab Il est rare qu\u2019un dictionnaire bilingue de poche soit r\u00e9dig\u00e9 par un savant de renomm\u00e9e internationale \u2014 qui plus est par le meilleur connaisseur du lexique de la langue source ! Tel a pourtant \u00e9t\u00e9 le cas du <em>Petit dictionnaire proven\u00e7al-fran\u00e7ais<\/em> d\u2019Emil Levy, dictionnaire famili\u00e8rement d\u00e9nomm\u00e9 \u201cle Petit Levy\u201d, abr\u00e9g\u00e9 en LvP par l\u2019\u00e9cole de von Wartburg (en PD par d\u2019autres). Publi\u00e9 en 1909 dans la prestigieuse <em>Sammlung romanischer Elementar- und Handb\u00fccher<\/em> de Meyer-L\u00fcbke (Hambourg, Carl Winter), l\u2019ouvrage est aujourd\u2019hui une nouvelle fois r\u00e9imprim\u00e9 gr\u00e2ce \u00e0 une heureuse initiative de Marjolaine Raguin et Marc Arabyan.<\/p>\n<p>\u00ab Dans le titre du <em>Petit dictionnaire<\/em>, <em>proven\u00e7al<\/em> signifie \u201clangue d\u2019oc du Moyen \u00c2ge, ancien occitan\u201d, selon un usage <em>pars pro toto<\/em> aujourd\u2019hui menac\u00e9 de d\u00e9su\u00e9tude en France. Le proven\u00e7al de Levy englobe de fait, sur un pied d\u2019\u00e9galit\u00e9, toutes les vari\u00e9t\u00e9s de l\u2019occitan <em>stricto sensu<\/em>, mais aussi le gascon\u2026 \u00bb (Extrait de l\u2019avant-propos de Jean-Pierre Chambon)<\/p>\n<p>Postface : Antoine Thomas<br \/>\nAvant-propos : Jean-Pierre Chambon<\/p>\n","protected":false},"excerpt":{"rendered":"<p>Copie fac-simil\u00e9 au format agrandi de 33 % de la toute derni\u00e8re \u00e9dition Carl Winter, Heidelberg, 1997. \u00ab Il est rare qu\u2019un dictionnaire bilingue de poche soit r\u00e9dig\u00e9 par un savant de renomm\u00e9e internationale \u2014 qui plus est par le meilleur connaisseur du lexique de la langue source ! Tel a pourtant \u00e9t\u00e9 le cas [&hellip;]<\/p>\n","protected":false},"featured_media":59608,"template":"","meta":{"_acf_changed":false,"_genesis_hide_title":false,"_genesis_hide_breadcrumbs":false,"_genesis_hide_singular_image":false,"_genesis_hide_footer_widgets":false,"_genesis_custom_body_class":"","_genesis_custom_post_class":"","_genesis_layout":""},"product_brand":[],"product_cat":[7139,7137,7133],"product_tag":[],"class_list":{"0":"post-59605","1":"product","2":"type-product","3":"status-publish","4":"has-post-thumbnail","6":"product_cat-diccionaris-gramaticas-oc","7":"product_cat-diccionaris-lenga-escolar-oc","8":"product_cat-libres-oc","9":"pa_auteur-levy-emil-oc","10":"pa_editeur-lambert-lucas-oc","11":"pa_langue-occitan-medievau-oc","12":"pa_langue-occitan-francais-oc","13":"entry","15":"first","16":"outofstock","17":"shipping-taxable","18":"purchasable","19":"product-type-simple"},"acf":[],"_links":{"self":[{"href":"https:\/\/www.libraria-occitana.org\/oc\/wp-json\/wp\/v2\/product\/59605","targetHints":{"allow":["GET"]}}],"collection":[{"href":"https:\/\/www.libraria-occitana.org\/oc\/wp-json\/wp\/v2\/product"}],"about":[{"href":"https:\/\/www.libraria-occitana.org\/oc\/wp-json\/wp\/v2\/types\/product"}],"wp:featuredmedia":[{"embeddable":true,"href":"https:\/\/www.libraria-occitana.org\/oc\/wp-json\/wp\/v2\/media\/59608"}],"wp:attachment":[{"href":"https:\/\/www.libraria-occitana.org\/oc\/wp-json\/wp\/v2\/media?parent=59605"}],"wp:term":[{"taxonomy":"product_brand","embeddable":true,"href":"https:\/\/www.libraria-occitana.org\/oc\/wp-json\/wp\/v2\/product_brand?post=59605"},{"taxonomy":"product_cat","embeddable":true,"href":"https:\/\/www.libraria-occitana.org\/oc\/wp-json\/wp\/v2\/product_cat?post=59605"},{"taxonomy":"product_tag","embeddable":true,"href":"https:\/\/www.libraria-occitana.org\/oc\/wp-json\/wp\/v2\/product_tag?post=59605"}],"curies":[{"name":"wp","href":"https:\/\/api.w.org\/{rel}","templated":true}]}}