{"id":59746,"date":"1990-06-05T11:54:34","date_gmt":"1990-06-05T09:54:34","guid":{"rendered":"http:\/\/www.libraria-occitana.org\/product\/nadau-chante-par-andre-ricros\/"},"modified":"2026-04-17T01:51:51","modified_gmt":"2026-04-16T23:51:51","slug":"nadau-chante-par-andre-ricros","status":"publish","type":"product","link":"https:\/\/www.libraria-occitana.org\/oc\/produch\/nadau-chante-par-andre-ricros\/","title":{"rendered":"Nadau chant\u00e9 par Andr\u00e9 Ricros"},"content":{"rendered":"<p><strong>Andr\u00e9 Ricros :<\/strong> Chant, cabrette<br \/>\n<strong>Gilles Ballet :<\/strong> Guitare \u00e9lectrique, synth\u00e9tiseurs, programmations<br \/>\n<strong>Patrick Brun :<\/strong> Guitare (classique et 12 cordes)<br \/>\n<strong>Christian Ville :<\/strong> Batterie<br \/>\n<strong>Fr\u00e9d\u00e9ric Paris :<\/strong> Clarinette, accord\u00e9on diatonique<br \/>\n<strong>Alain Gibert :<\/strong> Trombone, fl\u00fbte harmonique<\/p>\n<p>Le jazz, la musique contemporaine et la musique traditionnelle associ\u00e9s pour servir d&#8217;\u00e9crin \u00e0 la beaut\u00e9 des chants de No\u00ebl auvergnats.<\/p>\n<p><strong>Titres :<\/strong><br \/>\n1. Il a sonn\u00e9 minuit<br \/>\n2. Anem Anem<br \/>\n3. Mes amics que n&#8217;ai ausit<br \/>\n4. D&#8217;o\u00f9 viens-tu berg\u00e8re ?<br \/>\n5. Ribat ribat<br \/>\n6. Lo paure pastre<br \/>\n7. No\u00ebl qui vient, qui va<br \/>\n8. Diu es descendut del ci\u00e8l a la terra<br \/>\n9. Jardin d&#8217;amour<br \/>\n10. Anonciatz la novela<br \/>\n11. Dins la nu\u00e8ch prionda<br \/>\n12. Dins un estable<br \/>\n13. Anonciatz la novela<br \/>\n14. Barrabas<br \/>\n15. Dans ce triste \u00e9quipage<\/p>\n<p>&nbsp;<\/p>\n","protected":false},"excerpt":{"rendered":"<p>Andr\u00e9 Ricros : Chant, cabrette Gilles Ballet : Guitare \u00e9lectrique, synth\u00e9tiseurs, programmations Patrick Brun : Guitare (classique et 12 cordes) Christian Ville : Batterie Fr\u00e9d\u00e9ric Paris : Clarinette, accord\u00e9on diatonique Alain Gibert : Trombone, fl\u00fbte harmonique Le jazz, la musique contemporaine et la musique traditionnelle associ\u00e9s pour servir d&#8217;\u00e9crin \u00e0 la beaut\u00e9 des chants de [&hellip;]<\/p>\n","protected":false},"featured_media":59744,"template":"","meta":{"_acf_changed":false,"_genesis_hide_title":false,"_genesis_hide_breadcrumbs":false,"_genesis_hide_singular_image":false,"_genesis_hide_footer_widgets":false,"_genesis_custom_body_class":"","_genesis_custom_post_class":"","_genesis_layout":""},"product_brand":[],"product_cat":[13695,16683,7229],"product_tag":[],"class_list":{"0":"post-59746","1":"product","2":"type-product","3":"status-publish","4":"has-post-thumbnail","6":"product_cat-jazz-oc","7":"product_cat-musica-oc","8":"product_cat-novela-tradicion-oc","9":"pa_auteur-ricros-andre-oc","10":"pa_editeur-studio-blatin-oc","11":"pa_langue-francais-oc","12":"pa_langue-occitan-oc","13":"pa_langue-occitan-auvernhat-oc","14":"entry","16":"first","17":"instock","18":"shipping-taxable","19":"purchasable","20":"product-type-simple"},"acf":[],"_links":{"self":[{"href":"https:\/\/www.libraria-occitana.org\/oc\/wp-json\/wp\/v2\/product\/59746","targetHints":{"allow":["GET"]}}],"collection":[{"href":"https:\/\/www.libraria-occitana.org\/oc\/wp-json\/wp\/v2\/product"}],"about":[{"href":"https:\/\/www.libraria-occitana.org\/oc\/wp-json\/wp\/v2\/types\/product"}],"wp:featuredmedia":[{"embeddable":true,"href":"https:\/\/www.libraria-occitana.org\/oc\/wp-json\/wp\/v2\/media\/59744"}],"wp:attachment":[{"href":"https:\/\/www.libraria-occitana.org\/oc\/wp-json\/wp\/v2\/media?parent=59746"}],"wp:term":[{"taxonomy":"product_brand","embeddable":true,"href":"https:\/\/www.libraria-occitana.org\/oc\/wp-json\/wp\/v2\/product_brand?post=59746"},{"taxonomy":"product_cat","embeddable":true,"href":"https:\/\/www.libraria-occitana.org\/oc\/wp-json\/wp\/v2\/product_cat?post=59746"},{"taxonomy":"product_tag","embeddable":true,"href":"https:\/\/www.libraria-occitana.org\/oc\/wp-json\/wp\/v2\/product_tag?post=59746"}],"curies":[{"name":"wp","href":"https:\/\/api.w.org\/{rel}","templated":true}]}}