{"id":59763,"date":"2024-06-05T17:13:49","date_gmt":"2024-06-05T15:13:49","guid":{"rendered":"http:\/\/www.libraria-occitana.org\/?post_type=product&#038;p=59763"},"modified":"2026-04-07T23:46:51","modified_gmt":"2026-04-07T21:46:51","slug":"lislam-des-troubadours-les-origines-arabo-musulmanes-de-lamour-courtois-xie-xiie-siecles","status":"publish","type":"product","link":"https:\/\/www.libraria-occitana.org\/oc\/produch\/lislam-des-troubadours-les-origines-arabo-musulmanes-de-lamour-courtois-xie-xiie-siecles\/","title":{"rendered":"L&#8217;islam des troubadours : Les origines arabo-musulmanes de l&#8217;amour courtois XIe-XIIe si\u00e8cles"},"content":{"rendered":"<p>Alors que l\u2019Europe se d\u00e9battait dans un Moyen-\u00c2ge de tensions et de carcans o\u00f9 les femmes furent souvent des figurantes, la civilisation arabe depuis l\u2019Antiquit\u00e9 avait inaugur\u00e9 une conception haute de l\u2019amour courtois, en d\u00e9veloppant un v\u00e9ritable art d\u2019aimer.<br \/>\nLes th\u00e8mes avant-gardistes et les formes m\u00e9triques de cette po\u00e9sie, fond\u00e9s sur la spiritualisation de l\u2019amour et la sublimation de la chastet\u00e9, vont inspirer, \u00e0 travers le duc d\u2019Aquitaine Guillaume IX, les cr\u00e9ations po\u00e9tico-musicales des troubadours d\u2019Occitanie.<br \/>\nCe livre, richement illustr\u00e9, retrace l\u2019\u00e9pop\u00e9e cr\u00e9atrice de ces rencontres entre l\u2019Orient et l\u2019Occident et inaugure une r\u00e9flexion fondamentale sur cet h\u00e9ritage oubli\u00e9.<\/p>\n","protected":false},"excerpt":{"rendered":"<p>Alors que l\u2019Europe se d\u00e9battait dans un Moyen-\u00c2ge de tensions et de carcans o\u00f9 les femmes furent souvent des figurantes, la civilisation arabe depuis l\u2019Antiquit\u00e9 avait inaugur\u00e9 une conception haute de l\u2019amour courtois, en d\u00e9veloppant un v\u00e9ritable art d\u2019aimer. Les th\u00e8mes avant-gardistes et les formes m\u00e9triques de cette po\u00e9sie, fond\u00e9s sur la spiritualisation de l\u2019amour [&hellip;]<\/p>\n","protected":false},"featured_media":59766,"template":"","meta":{"_acf_changed":false,"_genesis_hide_title":false,"_genesis_hide_breadcrumbs":false,"_genesis_hide_singular_image":false,"_genesis_hide_footer_widgets":false,"_genesis_custom_body_class":"","_genesis_custom_post_class":"","_genesis_layout":""},"product_brand":[],"product_cat":[7189,7161,7149,7133,7175],"product_tag":[],"class_list":{"0":"post-59763","1":"product","2":"type-product","3":"status-publish","4":"has-post-thumbnail","6":"product_cat-estudis-literaris-oc","7":"product_cat-istoria-medievala-oc","8":"product_cat-istoria-geografia-oc","9":"product_cat-libres-oc","10":"product_cat-literatura-oc","11":"pa_auteur-benzemrane-mohamed-oc","12":"pa_editeur-lharmattan-oc","13":"pa_langue-francais-oc","14":"entry","16":"first","17":"outofstock","18":"shipping-taxable","19":"purchasable","20":"product-type-simple"},"acf":[],"_links":{"self":[{"href":"https:\/\/www.libraria-occitana.org\/oc\/wp-json\/wp\/v2\/product\/59763","targetHints":{"allow":["GET"]}}],"collection":[{"href":"https:\/\/www.libraria-occitana.org\/oc\/wp-json\/wp\/v2\/product"}],"about":[{"href":"https:\/\/www.libraria-occitana.org\/oc\/wp-json\/wp\/v2\/types\/product"}],"wp:featuredmedia":[{"embeddable":true,"href":"https:\/\/www.libraria-occitana.org\/oc\/wp-json\/wp\/v2\/media\/59766"}],"wp:attachment":[{"href":"https:\/\/www.libraria-occitana.org\/oc\/wp-json\/wp\/v2\/media?parent=59763"}],"wp:term":[{"taxonomy":"product_brand","embeddable":true,"href":"https:\/\/www.libraria-occitana.org\/oc\/wp-json\/wp\/v2\/product_brand?post=59763"},{"taxonomy":"product_cat","embeddable":true,"href":"https:\/\/www.libraria-occitana.org\/oc\/wp-json\/wp\/v2\/product_cat?post=59763"},{"taxonomy":"product_tag","embeddable":true,"href":"https:\/\/www.libraria-occitana.org\/oc\/wp-json\/wp\/v2\/product_tag?post=59763"}],"curies":[{"name":"wp","href":"https:\/\/api.w.org\/{rel}","templated":true}]}}