{"id":59822,"date":"2023-05-11T19:38:21","date_gmt":"2023-05-11T17:38:21","guid":{"rendered":"http:\/\/www.libraria-occitana.org\/product\/faire-ses-graines-cest-facile\/"},"modified":"2026-04-14T20:41:53","modified_gmt":"2026-04-14T18:41:53","slug":"faire-ses-graines-cest-facile","status":"publish","type":"product","link":"https:\/\/www.libraria-occitana.org\/oc\/produch\/faire-ses-graines-cest-facile\/","title":{"rendered":"Faire ses graines : C&#8217;est facile !"},"content":{"rendered":"<p>Produire soi-m\u00eame ses graines potag\u00e8res, c\u2019est facile, amusant, et cela donne beaucoup d\u2019autonomie et de libert\u00e9\u202f!<br \/>\nIl existe de nombreuses raisons pour produire soi-m\u00eame ses graines potag\u00e8res\u202f: c\u2019est simple, peu co\u00fbteux, cela permet de sauvegarder la biodiversit\u00e9 et de disposer de vari\u00e9t\u00e9s non disponibles dans le commerce. Sans compter la possibilit\u00e9 de s\u00e9lectionner selon des crit\u00e8res et objectifs personnels (go\u00fbt, pr\u00e9cocit\u00e9, conservation\u2026).<\/p>\n<p>Ce livre, pratique et complet, \u00e9crit \u00e0 plusieurs mains par l\u2019association Grainaille, est le fruit de longues ann\u00e9es d\u2019exp\u00e9rience. Il guide le lecteur pas \u00e0 pas\u202f: principes de base, choix des porte-graines, tuteurage, \u00e9tiquetage, hivernage, r\u00e9colte, extraction et tri, s\u00e9chage et stockage des graines\u2026<\/p>\n<p>Ce livre informe aussi sur la l\u00e9gislation avec les droits et devoirs du semencier jardinier et, bien s\u00fbr, le mode d\u2019emploi d\u00e9taill\u00e9 pour produire les graines des l\u00e9gumes les plus r\u00e9pandus au potager (bettes, betteraves, carottes, panais, choux, concombres, courges, courgettes, \u00e9pinards, f\u00e8ves et haricots, laitues, navets, pois, tomates\u2026).<\/p>\n<p>Un ouvrage collectif \u00e9crit par des passionn\u00e9s de graines d\u00e9sireux de transmettre leur savoir\u2026 les droits d\u2019auteur g\u00e9n\u00e9r\u00e9s par la vente seront int\u00e9gralement revers\u00e9s \u00e0 l\u2019association Grainaille !<\/p>\n<p>Solidarit\u00e9, \u00e9changes de graines, citoyennet\u00e9, d\u00e9fense de la biodiversit\u00e9 sont au rendez-vous. Et si vous n\u2019\u00e9tiez pas encore convaincus\u2026 \u00eatre autonome au potager, c\u2019est accomplir un acte d\u2019autonomie et de libert\u00e9, car, comme l\u2019avait dit Henry Kissinger, \u00ab\u202fSi vous contr\u00f4lez les semences, vous contr\u00f4lez l\u2019alimentation. Et celui qui contr\u00f4le l\u2019alimentation tient la population en son pouvoir\u202f\u00bb. Alors\u2026 aux graines, citoyens\u202f!<\/p>\n","protected":false},"excerpt":{"rendered":"<p>Produire soi-m\u00eame ses graines potag\u00e8res, c\u2019est facile, amusant, et cela donne beaucoup d\u2019autonomie et de libert\u00e9\u202f! Il existe de nombreuses raisons pour produire soi-m\u00eame ses graines potag\u00e8res\u202f: c\u2019est simple, peu co\u00fbteux, cela permet de sauvegarder la biodiversit\u00e9 et de disposer de vari\u00e9t\u00e9s non disponibles dans le commerce. Sans compter la possibilit\u00e9 de s\u00e9lectionner selon des [&hellip;]<\/p>\n","protected":false},"featured_media":59820,"template":"","meta":{"_acf_changed":false,"_genesis_hide_title":false,"_genesis_hide_breadcrumbs":false,"_genesis_hide_singular_image":false,"_genesis_hide_footer_widgets":false,"_genesis_custom_body_class":"","_genesis_custom_post_class":"","_genesis_layout":""},"product_brand":[],"product_cat":[7133,7197,7201],"product_tag":[],"class_list":{"0":"post-59822","1":"product","2":"type-product","3":"status-publish","4":"has-post-thumbnail","6":"product_cat-libres-oc","7":"product_cat-natura-torisme-oc","8":"product_cat-natura-vargier-oc","9":"pa_auteur-association-grainaille-oc","10":"pa_editeur-terre-vivante-oc","11":"pa_langue-francais-oc","12":"entry","14":"first","15":"instock","16":"shipping-taxable","17":"purchasable","18":"product-type-simple"},"acf":[],"_links":{"self":[{"href":"https:\/\/www.libraria-occitana.org\/oc\/wp-json\/wp\/v2\/product\/59822","targetHints":{"allow":["GET"]}}],"collection":[{"href":"https:\/\/www.libraria-occitana.org\/oc\/wp-json\/wp\/v2\/product"}],"about":[{"href":"https:\/\/www.libraria-occitana.org\/oc\/wp-json\/wp\/v2\/types\/product"}],"wp:featuredmedia":[{"embeddable":true,"href":"https:\/\/www.libraria-occitana.org\/oc\/wp-json\/wp\/v2\/media\/59820"}],"wp:attachment":[{"href":"https:\/\/www.libraria-occitana.org\/oc\/wp-json\/wp\/v2\/media?parent=59822"}],"wp:term":[{"taxonomy":"product_brand","embeddable":true,"href":"https:\/\/www.libraria-occitana.org\/oc\/wp-json\/wp\/v2\/product_brand?post=59822"},{"taxonomy":"product_cat","embeddable":true,"href":"https:\/\/www.libraria-occitana.org\/oc\/wp-json\/wp\/v2\/product_cat?post=59822"},{"taxonomy":"product_tag","embeddable":true,"href":"https:\/\/www.libraria-occitana.org\/oc\/wp-json\/wp\/v2\/product_tag?post=59822"}],"curies":[{"name":"wp","href":"https:\/\/api.w.org\/{rel}","templated":true}]}}