{"id":59825,"date":"2023-02-11T19:50:47","date_gmt":"2023-02-11T18:50:47","guid":{"rendered":"http:\/\/www.libraria-occitana.org\/?post_type=product&#038;p=59825"},"modified":"2026-04-25T06:51:34","modified_gmt":"2026-04-25T04:51:34","slug":"le-mouvement-bucheron-la-peine-des-chaumieres","status":"publish","type":"product","link":"https:\/\/www.libraria-occitana.org\/oc\/produch\/le-mouvement-bucheron-la-peine-des-chaumieres\/","title":{"rendered":"Le mouvement b\u00fbcheron &#8211; La peine des chaumi\u00e8res"},"content":{"rendered":"<p>Ces deux petits livres publi\u00e9s en 1909, t\u00e9moignent de deux regards sur la condition paysanne dans les ann\u00e9es 1900. Am\u00e9d\u00e9e Dunois (1878-1945), journaliste proche de la mouvance syndicaliste r\u00e9volutionnaire, donne une enqu\u00eate sur la constitution de la F\u00e9d\u00e9ration syndicale des b\u00fbcherons, \u00e0 l\u2019origine d\u2019un vaste mouvement social consid\u00e9r\u00e9 comme le r\u00e9veil des m\u00e9tiers de la terre contre l\u2019exploitation dont ils \u00e9taient victimes. Ce mouvement se d\u00e9veloppa sur la r\u00e9gion Centre et rayonna rapidement sur tout le territoire. \u00c9mile Guillaumin (1873-1951), petit cultivateur de l\u2019Allier, eut une action centr\u00e9e sur son d\u00e9partement. Il anima une revue syndicale durant sept ans, apr\u00e8s avoir \u00e9t\u00e9 l\u2019auteur de <em>La Vie d\u2019un simple<\/em>, roman qui d\u00e9non\u00e7ait l\u2019\u00e9tat de servage auquel semblaient \u00eatre condamn\u00e9s les m\u00e9tayers, ces locataires non salari\u00e9s \u00e0 la merci des grands propri\u00e9taires fonciers. Les luttes rapport\u00e9es par Dunois ou men\u00e9es par Guillaumin n\u2019eurent qu\u2019un but, l\u2019accession des paysans aux m\u00eames statuts et droits sociaux que ceux des autres branches d\u2019activit\u00e9. Pour cela leur meilleure arme fut la p\u00e9dagogie, par la propagande solide et efficace de la CGT et les exemples emprunt\u00e9s au quotidien, transcend\u00e9s par la plume directe et impartiale de Guillaumin.<\/p>\n","protected":false},"excerpt":{"rendered":"<p>Ces deux petits livres publi\u00e9s en 1909, t\u00e9moignent de deux regards sur la condition paysanne dans les ann\u00e9es 1900. Am\u00e9d\u00e9e Dunois (1878-1945), journaliste proche de la mouvance syndicaliste r\u00e9volutionnaire, donne une enqu\u00eate sur la constitution de la F\u00e9d\u00e9ration syndicale des b\u00fbcherons, \u00e0 l\u2019origine d\u2019un vaste mouvement social consid\u00e9r\u00e9 comme le r\u00e9veil des m\u00e9tiers de la [&hellip;]<\/p>\n","protected":false},"featured_media":59828,"template":"","meta":{"_acf_changed":false,"_genesis_hide_title":false,"_genesis_hide_breadcrumbs":false,"_genesis_hide_singular_image":false,"_genesis_hide_footer_widgets":false,"_genesis_custom_body_class":"","_genesis_custom_post_class":"","_genesis_layout":""},"product_brand":[],"product_cat":[7133,7175,7187],"product_tag":[],"class_list":{"0":"post-59825","1":"product","2":"type-product","3":"status-publish","4":"has-post-thumbnail","6":"product_cat-libres-oc","7":"product_cat-literatura-oc","8":"product_cat-temonhatges-memoris-oc","9":"pa_auteur-dunois-amedee-oc","10":"pa_auteur-guillaumin-emile-oc","11":"pa_editeur-plein-chant-oc","12":"pa_illustrateur-jourdain-francis-oc","13":"pa_illustrateur-naudin-bernard-oc","14":"pa_langue-francais-oc","15":"entry","17":"first","18":"instock","19":"shipping-taxable","20":"purchasable","21":"product-type-simple"},"acf":[],"_links":{"self":[{"href":"https:\/\/www.libraria-occitana.org\/oc\/wp-json\/wp\/v2\/product\/59825","targetHints":{"allow":["GET"]}}],"collection":[{"href":"https:\/\/www.libraria-occitana.org\/oc\/wp-json\/wp\/v2\/product"}],"about":[{"href":"https:\/\/www.libraria-occitana.org\/oc\/wp-json\/wp\/v2\/types\/product"}],"wp:featuredmedia":[{"embeddable":true,"href":"https:\/\/www.libraria-occitana.org\/oc\/wp-json\/wp\/v2\/media\/59828"}],"wp:attachment":[{"href":"https:\/\/www.libraria-occitana.org\/oc\/wp-json\/wp\/v2\/media?parent=59825"}],"wp:term":[{"taxonomy":"product_brand","embeddable":true,"href":"https:\/\/www.libraria-occitana.org\/oc\/wp-json\/wp\/v2\/product_brand?post=59825"},{"taxonomy":"product_cat","embeddable":true,"href":"https:\/\/www.libraria-occitana.org\/oc\/wp-json\/wp\/v2\/product_cat?post=59825"},{"taxonomy":"product_tag","embeddable":true,"href":"https:\/\/www.libraria-occitana.org\/oc\/wp-json\/wp\/v2\/product_tag?post=59825"}],"curies":[{"name":"wp","href":"https:\/\/api.w.org\/{rel}","templated":true}]}}