{"id":59831,"date":"2023-10-11T20:04:59","date_gmt":"2023-10-11T18:04:59","guid":{"rendered":"http:\/\/www.libraria-occitana.org\/?post_type=product&#038;p=59831"},"modified":"2026-04-16T21:06:57","modified_gmt":"2026-04-16T19:06:57","slug":"badic-badoc-libre-cd","status":"publish","type":"product","link":"https:\/\/www.libraria-occitana.org\/oc\/produch\/badic-badoc-libre-cd\/","title":{"rendered":"Badic Bad\u00f2c (libre + CD)"},"content":{"rendered":"<p><em>Badic Bad\u00f2c<\/em>\u2009:\u2009ditas e can\u00e7ons de uei e doman, j\u00f2cs de mots e j\u00f2cs de lenga entau g\u00f2i de parladissejar e canturlejar.<\/p>\n<p>Tresi\u00e0 Pambrun que\u2019ns balha ac\u00ed un libe acompanhat de l\u2019enregistrament deus t\u00e8xtes qui agradar\u00e0 aus mainadets com aus parents.<\/p>\n","protected":false},"excerpt":{"rendered":"<p>Badic Bad\u00f2c\u2009:\u2009ditas e can\u00e7ons de uei e doman, j\u00f2cs de mots e j\u00f2cs de lenga entau g\u00f2i de parladissejar e canturlejar. Tresi\u00e0 Pambrun que\u2019ns balha ac\u00ed un libe acompanhat de l\u2019enregistrament deus t\u00e8xtes qui agradar\u00e0 aus mainadets com aus parents.<\/p>\n","protected":false},"featured_media":59834,"template":"","meta":{"_acf_changed":false,"_genesis_hide_title":false,"_genesis_hide_breadcrumbs":false,"_genesis_hide_singular_image":false,"_genesis_hide_footer_widgets":false,"_genesis_custom_body_class":"","_genesis_custom_post_class":"","_genesis_layout":""},"product_brand":[],"product_cat":[7171,7165,7133],"product_tag":[],"class_list":{"0":"post-59831","1":"product","2":"type-product","3":"status-publish","4":"has-post-thumbnail","6":"product_cat-drolles-oc","7":"product_cat-jounessa-bd-umor","8":"product_cat-libres-oc","9":"pa_auteur-pambrun-teresa-oc","10":"pa_editeur-letras-doc-oc","11":"pa_langue-occitan-oc","12":"pa_langue-occitan-gascon-oc","13":"entry","15":"first","16":"instock","17":"shipping-taxable","18":"purchasable","19":"product-type-simple"},"acf":[],"_links":{"self":[{"href":"https:\/\/www.libraria-occitana.org\/oc\/wp-json\/wp\/v2\/product\/59831","targetHints":{"allow":["GET"]}}],"collection":[{"href":"https:\/\/www.libraria-occitana.org\/oc\/wp-json\/wp\/v2\/product"}],"about":[{"href":"https:\/\/www.libraria-occitana.org\/oc\/wp-json\/wp\/v2\/types\/product"}],"wp:featuredmedia":[{"embeddable":true,"href":"https:\/\/www.libraria-occitana.org\/oc\/wp-json\/wp\/v2\/media\/59834"}],"wp:attachment":[{"href":"https:\/\/www.libraria-occitana.org\/oc\/wp-json\/wp\/v2\/media?parent=59831"}],"wp:term":[{"taxonomy":"product_brand","embeddable":true,"href":"https:\/\/www.libraria-occitana.org\/oc\/wp-json\/wp\/v2\/product_brand?post=59831"},{"taxonomy":"product_cat","embeddable":true,"href":"https:\/\/www.libraria-occitana.org\/oc\/wp-json\/wp\/v2\/product_cat?post=59831"},{"taxonomy":"product_tag","embeddable":true,"href":"https:\/\/www.libraria-occitana.org\/oc\/wp-json\/wp\/v2\/product_tag?post=59831"}],"curies":[{"name":"wp","href":"https:\/\/api.w.org\/{rel}","templated":true}]}}