{"id":59837,"date":"2024-06-11T20:22:12","date_gmt":"2024-06-11T18:22:12","guid":{"rendered":"http:\/\/www.libraria-occitana.org\/?post_type=product&#038;p=59837"},"modified":"2026-04-15T21:06:13","modified_gmt":"2026-04-15T19:06:13","slug":"lo-capitani-campani","status":"publish","type":"product","link":"https:\/\/www.libraria-occitana.org\/oc\/produch\/lo-capitani-campani\/","title":{"rendered":"Lo Capitani Campani"},"content":{"rendered":"<p>Aqu\u00ed lo viatge extraordinari d\u2019un capitani vi\u00e8lh, reirevi\u00e8lh, lo Capitani Campani.<br \/>\nFiguratz-vos qu\u2019a mai de 400 ans !<br \/>\nA estralhadas totas las mars, totes los oceans, t\u00f2ca t\u00e8rra e se retira dins son monde, lo monde dels s\u00f2mis.<\/p>\n<p><em>Lo Capitani Campani<\/em>, un conte encantaire e oniric de Maria Roanet.<\/p>\n","protected":false},"excerpt":{"rendered":"<p>Aqu\u00ed lo viatge extraordinari d\u2019un capitani vi\u00e8lh, reirevi\u00e8lh, lo Capitani Campani. Figuratz-vos qu\u2019a mai de 400 ans ! A estralhadas totas las mars, totes los oceans, t\u00f2ca t\u00e8rra e se retira dins son monde, lo monde dels s\u00f2mis. Lo Capitani Campani, un conte encantaire e oniric de Maria Roanet.<\/p>\n","protected":false},"featured_media":59840,"template":"","meta":{"_acf_changed":false,"_genesis_hide_title":false,"_genesis_hide_breadcrumbs":false,"_genesis_hide_singular_image":false,"_genesis_hide_footer_widgets":false,"_genesis_custom_body_class":"","_genesis_custom_post_class":"","_genesis_layout":""},"product_brand":[],"product_cat":[7171,7165,7133],"product_tag":[],"class_list":{"0":"post-59837","1":"product","2":"type-product","3":"status-publish","4":"has-post-thumbnail","6":"product_cat-drolles-oc","7":"product_cat-jounessa-bd-umor","8":"product_cat-libres-oc","9":"pa_auteur-foenet-cl-oc","10":"pa_auteur-roanet-maria-oc","11":"pa_editeur-letras-doc-oc","12":"pa_langue-occitan-oc","13":"pa_langue-occitan-lengadocian-oc","14":"entry","16":"first","17":"outofstock","18":"shipping-taxable","19":"purchasable","20":"product-type-simple"},"acf":[],"_links":{"self":[{"href":"https:\/\/www.libraria-occitana.org\/oc\/wp-json\/wp\/v2\/product\/59837","targetHints":{"allow":["GET"]}}],"collection":[{"href":"https:\/\/www.libraria-occitana.org\/oc\/wp-json\/wp\/v2\/product"}],"about":[{"href":"https:\/\/www.libraria-occitana.org\/oc\/wp-json\/wp\/v2\/types\/product"}],"wp:featuredmedia":[{"embeddable":true,"href":"https:\/\/www.libraria-occitana.org\/oc\/wp-json\/wp\/v2\/media\/59840"}],"wp:attachment":[{"href":"https:\/\/www.libraria-occitana.org\/oc\/wp-json\/wp\/v2\/media?parent=59837"}],"wp:term":[{"taxonomy":"product_brand","embeddable":true,"href":"https:\/\/www.libraria-occitana.org\/oc\/wp-json\/wp\/v2\/product_brand?post=59837"},{"taxonomy":"product_cat","embeddable":true,"href":"https:\/\/www.libraria-occitana.org\/oc\/wp-json\/wp\/v2\/product_cat?post=59837"},{"taxonomy":"product_tag","embeddable":true,"href":"https:\/\/www.libraria-occitana.org\/oc\/wp-json\/wp\/v2\/product_tag?post=59837"}],"curies":[{"name":"wp","href":"https:\/\/api.w.org\/{rel}","templated":true}]}}