{"id":59844,"date":"2024-06-12T20:31:15","date_gmt":"2024-06-12T18:31:15","guid":{"rendered":"http:\/\/www.libraria-occitana.org\/?post_type=product&#038;p=59844"},"modified":"2026-04-14T21:06:23","modified_gmt":"2026-04-14T19:06:23","slug":"las-tres-auquetas","status":"publish","type":"product","link":"https:\/\/www.libraria-occitana.org\/oc\/produch\/las-tres-auquetas\/","title":{"rendered":"Las tres auquetas (libre + CD)"},"content":{"rendered":"<p>Las tres auquetas, un ber\u00f2i conte de b\u00e8stias.<br \/>\nUn renard, qui n\u2019a pas minjat despuish ua b\u00e8ra pausa, qu\u2019encontra tres auquetas, tres seroletas qui p\u00e8ishen erbetas a plaser.<br \/>\nM\u00e8s, quin se va passar donc dab aqueth gus de renard ?<br \/>\nLas caban\u00f2tas qui\u2019s van bastir las auquetas e van estar pro h\u00f2rtas t\u00e0 que posquian escapar aus caishaus de la b\u00e8stia ahamiada ?<br \/>\nQu\u2019ei en legent lo conte qui coneisheratz la seguida\u2026<\/p>\n<p>Las colors vivas de las illustracions originaus de Carine Freyssinet que balhan vita aus personatges deu conte.<\/p>\n<p>Las tres auquetas, un conte tradicionau adaptat en occitan gascon per Jan Dalhar\u00ed.<\/p>\n<p>T\u00e8xte dit per Francesa Saliou (CD audio).<\/p>\n","protected":false},"excerpt":{"rendered":"<p>Las tres auquetas, un ber\u00f2i conte de b\u00e8stias. Un renard, qui n\u2019a pas minjat despuish ua b\u00e8ra pausa, qu\u2019encontra tres auquetas, tres seroletas qui p\u00e8ishen erbetas a plaser. M\u00e8s, quin se va passar donc dab aqueth gus de renard ? Las caban\u00f2tas qui\u2019s van bastir las auquetas e van estar pro h\u00f2rtas t\u00e0 que posquian [&hellip;]<\/p>\n","protected":false},"featured_media":59847,"template":"","meta":{"_acf_changed":false,"_genesis_hide_title":false,"_genesis_hide_breadcrumbs":false,"_genesis_hide_singular_image":false,"_genesis_hide_footer_widgets":false,"_genesis_custom_body_class":"","_genesis_custom_post_class":"","_genesis_layout":""},"product_brand":[],"product_cat":[7171,7165,7133],"product_tag":[],"class_list":{"0":"post-59844","1":"product","2":"type-product","3":"status-publish","4":"has-post-thumbnail","6":"product_cat-drolles-oc","7":"product_cat-jounessa-bd-umor","8":"product_cat-libres-oc","9":"pa_auteur-dalhari-jan-oc","10":"pa_auteur-freyssinet-carine-oc","11":"pa_editeur-letras-doc-oc","12":"pa_langue-occitan-oc","13":"pa_langue-occitan-gascon-oc","14":"entry","16":"first","17":"instock","18":"shipping-taxable","19":"purchasable","20":"product-type-simple"},"acf":[],"_links":{"self":[{"href":"https:\/\/www.libraria-occitana.org\/oc\/wp-json\/wp\/v2\/product\/59844","targetHints":{"allow":["GET"]}}],"collection":[{"href":"https:\/\/www.libraria-occitana.org\/oc\/wp-json\/wp\/v2\/product"}],"about":[{"href":"https:\/\/www.libraria-occitana.org\/oc\/wp-json\/wp\/v2\/types\/product"}],"wp:featuredmedia":[{"embeddable":true,"href":"https:\/\/www.libraria-occitana.org\/oc\/wp-json\/wp\/v2\/media\/59847"}],"wp:attachment":[{"href":"https:\/\/www.libraria-occitana.org\/oc\/wp-json\/wp\/v2\/media?parent=59844"}],"wp:term":[{"taxonomy":"product_brand","embeddable":true,"href":"https:\/\/www.libraria-occitana.org\/oc\/wp-json\/wp\/v2\/product_brand?post=59844"},{"taxonomy":"product_cat","embeddable":true,"href":"https:\/\/www.libraria-occitana.org\/oc\/wp-json\/wp\/v2\/product_cat?post=59844"},{"taxonomy":"product_tag","embeddable":true,"href":"https:\/\/www.libraria-occitana.org\/oc\/wp-json\/wp\/v2\/product_tag?post=59844"}],"curies":[{"name":"wp","href":"https:\/\/api.w.org\/{rel}","templated":true}]}}