{"id":59865,"date":"2024-06-14T12:58:37","date_gmt":"2024-06-14T10:58:37","guid":{"rendered":"http:\/\/www.libraria-occitana.org\/product\/oratorio-pour-oradour-oratorio-per-orador\/"},"modified":"2026-04-18T06:06:47","modified_gmt":"2026-04-18T04:06:47","slug":"oratorio-pour-oradour-oratorio-per-orador","status":"publish","type":"product","link":"https:\/\/www.libraria-occitana.org\/oc\/produch\/oratorio-pour-oradour-oratorio-per-orador\/","title":{"rendered":"Oratorio pour Oradour &#8211; Oratorio per Orador"},"content":{"rendered":"<p>10 de junh de 1944 : per l'exemple, un vilatge entier ser\u00e1 destruch, sa populacion exterminada dins lo mai grand massacre civile de la Segonda Guerra Mondiala : Orador-de-Glana.<\/p>\n<p>Franck Lafossas, en amassar tesmoniatges precis e seri\u00f3s, metamorf\u00f2sa 'queu conte en franc document istoric. La forma poetica emmalurna lo lector.<br \/>\nLo ritme de l'escritura classica, la f\u00f2r\u00e7a daus imatges alian dins 'quest' <em>Oratorio<\/em> autenticitat e plaser de legir.<\/p>\n<p>Aqu\u00ed dins 'na version biling\u00fca franc\u00e9s-occitan (lemosin), linga parlada per la gent d'Orador a l'ep\u00f2ca.<br \/>\nEdicion especiala en gr\u00f2s caractaris.<\/p>\n","protected":false},"excerpt":{"rendered":"<p>10 de junh de 1944 : per l&#8217;exemple, un vilatge entier ser\u00e1 destruch, sa populacion exterminada dins lo mai grand massacre civile de la Segonda Guerra Mondiala : Orador-de-Glana. Franck Lafossas, en amassar tesmoniatges precis e seri\u00f3s, metamorf\u00f2sa &#8216;queu conte en franc document istoric. La forma poetica emmalurna lo lector. Lo ritme de l&#8217;escritura classica, [&hellip;]<\/p>\n","protected":false},"featured_media":59862,"template":"","meta":{"_acf_changed":false,"_genesis_hide_title":false,"_genesis_hide_breadcrumbs":false,"_genesis_hide_singular_image":false,"_genesis_hide_footer_widgets":false,"_genesis_custom_body_class":"","_genesis_custom_post_class":"","_genesis_layout":""},"product_brand":[],"product_cat":[7133,7175,7181],"product_tag":[],"class_list":{"0":"post-59865","1":"product","2":"type-product","3":"status-publish","4":"has-post-thumbnail","6":"product_cat-libres-oc","7":"product_cat-literatura-oc","8":"product_cat-poesia-oc","9":"pa_auteur-lafossas-franck-oc","10":"pa_editeur-les-dossiers-daquitaine-oc","11":"pa_illustrateur-morlieras-lucette-oc","12":"pa_langue-occitan-lemosin-oc","13":"pa_langue-occitan-francais-oc","14":"entry","16":"first","17":"instock","18":"shipping-taxable","19":"purchasable","20":"product-type-simple"},"acf":[],"_links":{"self":[{"href":"https:\/\/www.libraria-occitana.org\/oc\/wp-json\/wp\/v2\/product\/59865","targetHints":{"allow":["GET"]}}],"collection":[{"href":"https:\/\/www.libraria-occitana.org\/oc\/wp-json\/wp\/v2\/product"}],"about":[{"href":"https:\/\/www.libraria-occitana.org\/oc\/wp-json\/wp\/v2\/types\/product"}],"wp:featuredmedia":[{"embeddable":true,"href":"https:\/\/www.libraria-occitana.org\/oc\/wp-json\/wp\/v2\/media\/59862"}],"wp:attachment":[{"href":"https:\/\/www.libraria-occitana.org\/oc\/wp-json\/wp\/v2\/media?parent=59865"}],"wp:term":[{"taxonomy":"product_brand","embeddable":true,"href":"https:\/\/www.libraria-occitana.org\/oc\/wp-json\/wp\/v2\/product_brand?post=59865"},{"taxonomy":"product_cat","embeddable":true,"href":"https:\/\/www.libraria-occitana.org\/oc\/wp-json\/wp\/v2\/product_cat?post=59865"},{"taxonomy":"product_tag","embeddable":true,"href":"https:\/\/www.libraria-occitana.org\/oc\/wp-json\/wp\/v2\/product_tag?post=59865"}],"curies":[{"name":"wp","href":"https:\/\/api.w.org\/{rel}","templated":true}]}}