{"id":59874,"date":"2024-06-14T14:30:38","date_gmt":"2024-06-14T12:30:38","guid":{"rendered":"http:\/\/www.libraria-occitana.org\/?post_type=product&#038;p=59874"},"modified":"2026-04-16T20:56:33","modified_gmt":"2026-04-16T18:56:33","slug":"le-grand-heritage-des-gaulois","status":"publish","type":"product","link":"https:\/\/www.libraria-occitana.org\/oc\/produch\/le-grand-heritage-des-gaulois\/","title":{"rendered":"Le grand h\u00e9ritage des Gaulois"},"content":{"rendered":"<p><strong>Qui pourra dire encore qu&#8217;il ne nous reste presque rien du pass\u00e9 gaulois ?<\/strong><\/p>\n<p>Dans la France du XXIe si\u00e8cle, les Gaulois sont encore l\u00e0 ! Mais de fa\u00e7on tr\u00e8s inattendue : davantage que dans les vestiges arch\u00e9ologiques \u2013 tr\u00e8s pr\u00e9cieux \u2013, dans les noms de lieux familiers qu\u2019ils nous ont transmis. On en compte plus de 10 000, non seulement dans l\u2019Hexagone mais aussi en Belgique, en Allemagne du sud, en Suisse, en Italie du nord.<\/p>\n<p>De nombreuses grandes villes, une multitude de communes, de hameaux, de lieux-dits ; \u00e9galement bien des hauteurs, des cours d\u2019eau et des for\u00eats, des d\u00e9partements, des petits pays, des r\u00e9gions, doivent aujourd\u2019hui leurs appellations aux noms de \u00ab nos anc\u00eatres \u00bb : Paris, Lyon, Milan, Toulon, N\u00eemes, Besan\u00e7on, Dijon, Bonn, Chamb\u00e9ry ; Limoges, Rennes, Tournai, Brive, Boulogne, Gen\u00e8ve, Nim\u00e8gue, Rouen ; le M\u00e9doc, le Mercantour, la Vend\u00e9e, les Vosges, le Cantal, la Savoie, le P\u00e9rigord, la Beauce, les Flandres, le Rh\u00f4ne, la Garonne, le Rhin, la Gironde&#8230;, on en rencontre un peu partout.<\/p>\n<p>Se d\u00e9voile un riche patrimoine, un grand h\u00e9ritage dont nous n\u2019avions pas conscience alors que nous le c\u00f4toyons chaque jour. L\u2019ouvrage ne se contente pas d\u2019inventorier ces t\u00e9moins du pass\u00e9, il \u00e9claire leur sens. Les noms restituent les principaux aspects d\u2019une civilisation o\u00f9 notre pays trouve indubitablement certaines de ses racines. Le pass\u00e9 des Celtes est toujours pr\u00e9sent.<\/p>\n","protected":false},"excerpt":{"rendered":"<p>Qui pourra dire encore qu&#8217;il ne nous reste presque rien du pass\u00e9 gaulois ? Dans la France du XXIe si\u00e8cle, les Gaulois sont encore l\u00e0 ! Mais de fa\u00e7on tr\u00e8s inattendue : davantage que dans les vestiges arch\u00e9ologiques \u2013 tr\u00e8s pr\u00e9cieux \u2013, dans les noms de lieux familiers qu\u2019ils nous ont transmis. On en compte [&hellip;]<\/p>\n","protected":false},"featured_media":59877,"template":"","meta":{"_acf_changed":false,"_genesis_hide_title":false,"_genesis_hide_breadcrumbs":false,"_genesis_hide_singular_image":false,"_genesis_hide_footer_widgets":false,"_genesis_custom_body_class":"","_genesis_custom_post_class":"","_genesis_layout":""},"product_brand":[],"product_cat":[7149,7133,7163],"product_tag":[],"class_list":{"0":"post-59874","1":"product","2":"type-product","3":"status-publish","4":"has-post-thumbnail","6":"product_cat-istoria-geografia-oc","7":"product_cat-libres-oc","8":"product_cat-noms-de-luocs-noms-de-personas-oc","9":"pa_auteur-lacroix-jacques-oc","10":"pa_editeur-yoran-embanner-oc","11":"pa_langue-francais-oc","12":"entry","14":"first","15":"instock","16":"shipping-taxable","17":"purchasable","18":"product-type-simple"},"acf":[],"_links":{"self":[{"href":"https:\/\/www.libraria-occitana.org\/oc\/wp-json\/wp\/v2\/product\/59874","targetHints":{"allow":["GET"]}}],"collection":[{"href":"https:\/\/www.libraria-occitana.org\/oc\/wp-json\/wp\/v2\/product"}],"about":[{"href":"https:\/\/www.libraria-occitana.org\/oc\/wp-json\/wp\/v2\/types\/product"}],"wp:featuredmedia":[{"embeddable":true,"href":"https:\/\/www.libraria-occitana.org\/oc\/wp-json\/wp\/v2\/media\/59877"}],"wp:attachment":[{"href":"https:\/\/www.libraria-occitana.org\/oc\/wp-json\/wp\/v2\/media?parent=59874"}],"wp:term":[{"taxonomy":"product_brand","embeddable":true,"href":"https:\/\/www.libraria-occitana.org\/oc\/wp-json\/wp\/v2\/product_brand?post=59874"},{"taxonomy":"product_cat","embeddable":true,"href":"https:\/\/www.libraria-occitana.org\/oc\/wp-json\/wp\/v2\/product_cat?post=59874"},{"taxonomy":"product_tag","embeddable":true,"href":"https:\/\/www.libraria-occitana.org\/oc\/wp-json\/wp\/v2\/product_tag?post=59874"}],"curies":[{"name":"wp","href":"https:\/\/api.w.org\/{rel}","templated":true}]}}