{"id":59881,"date":"2022-01-14T15:49:29","date_gmt":"2022-01-14T14:49:29","guid":{"rendered":"http:\/\/www.libraria-occitana.org\/?post_type=product&#038;p=59881"},"modified":"2026-04-12T20:46:28","modified_gmt":"2026-04-12T18:46:28","slug":"quand-je-serai-grand-je-serai-bilingue","status":"publish","type":"product","link":"https:\/\/www.libraria-occitana.org\/oc\/produch\/quand-je-serai-grand-je-serai-bilingue\/","title":{"rendered":"Quand je serai grand, je serai bilingue !"},"content":{"rendered":"<p>Franchement, si vous aviez le choix, vous enverriez votre gamin dans une \u00e9cole monolingue, o\u00f9 l&#8217;apprentissage des langues commence quand il est d\u00e9j\u00e0 trop tard ?<br \/>\nOu vous pr\u00e9f\u00e9reriez l&#8217;inscrire dans une \u00e9cole bilingue, o\u00f9 il aurait la chance d&#8217;apprendre, d\u00e8s la maternelle, en plus du fran\u00e7ais, une autre langue qui lui ouvrirait d&#8217;autres horizons ?<br \/>\nRichard Weiss fait partie de ces parents d&#8217;\u00e9l\u00e8ves qui ont choisi la seconde solution, parce qu&#8217;il voulait le meilleur pour ses enfants.<br \/>\nEt c&#8217;est l\u00e0 qu&#8217;il s&#8217;est retrouv\u00e9 face \u00e0 un titan, un mammouth&#8230;<br \/>\nFace \u00e0 la rigidit\u00e9 de l&#8217;\u00c9ducation nationale, il a alors d\u00e9cid\u00e9 de cr\u00e9er une nouvelle \u00e9cole et a r\u00e9ussi \u00e0 entra\u00eener d&#8217;autres familles ainsi que des \u00e9lus d&#8217;Alsace et de Moselle. En 1990, avec Tomi Ungerer, il lance l&#8217;Association \u00ab ABCM-ZWEISPRACHIGKEIT \u00bb qui applique la p\u00e9dagogie de l&#8217;immersion. Celle-ci a d\u00e9j\u00e0 fait ses preuves en Bretagne, au Pays basque, en Catalogne, en Occitanie&#8230; (et dans le monde entier&#8230; pour la langue fran\u00e7aise).<br \/>\nLe pr\u00e9sent livre raconte cette incroyable lutte contre une administration fig\u00e9e, dont le seul but est de ne rien changer \u00e0 ses habitudes, au d\u00e9triment des enfants.<br \/>\nRichard Weiss milite depuis ses dix-huit ans pour une Alsace bilingue. Il est co-fondateur avec Tomi Ungerer, des \u00e9coles ABCM qui pratiquent l\u2019enseignement en allemand (dialectal et standard) par immersion.<\/p>\n","protected":false},"excerpt":{"rendered":"<p>Franchement, si vous aviez le choix, vous enverriez votre gamin dans une \u00e9cole monolingue, o\u00f9 l&#8217;apprentissage des langues commence quand il est d\u00e9j\u00e0 trop tard ? Ou vous pr\u00e9f\u00e9reriez l&#8217;inscrire dans une \u00e9cole bilingue, o\u00f9 il aurait la chance d&#8217;apprendre, d\u00e8s la maternelle, en plus du fran\u00e7ais, une autre langue qui lui ouvrirait d&#8217;autres horizons [&hellip;]<\/p>\n","protected":false},"featured_media":59884,"template":"","meta":{"_acf_changed":false,"_genesis_hide_title":false,"_genesis_hide_breadcrumbs":false,"_genesis_hide_singular_image":false,"_genesis_hide_footer_widgets":false,"_genesis_custom_body_class":"","_genesis_custom_post_class":"","_genesis_layout":""},"product_brand":[],"product_cat":[7133,7203],"product_tag":[],"class_list":{"0":"post-59881","1":"product","2":"type-product","3":"status-publish","4":"has-post-thumbnail","6":"product_cat-libres-oc","7":"product_cat-politica-sociologia-actualitat-oc","8":"pa_auteur-weiss-richard-oc","9":"pa_editeur-yoran-embanner-oc","10":"pa_langue-francais-oc","11":"entry","13":"first","14":"instock","15":"shipping-taxable","16":"purchasable","17":"product-type-simple"},"acf":[],"_links":{"self":[{"href":"https:\/\/www.libraria-occitana.org\/oc\/wp-json\/wp\/v2\/product\/59881","targetHints":{"allow":["GET"]}}],"collection":[{"href":"https:\/\/www.libraria-occitana.org\/oc\/wp-json\/wp\/v2\/product"}],"about":[{"href":"https:\/\/www.libraria-occitana.org\/oc\/wp-json\/wp\/v2\/types\/product"}],"wp:featuredmedia":[{"embeddable":true,"href":"https:\/\/www.libraria-occitana.org\/oc\/wp-json\/wp\/v2\/media\/59884"}],"wp:attachment":[{"href":"https:\/\/www.libraria-occitana.org\/oc\/wp-json\/wp\/v2\/media?parent=59881"}],"wp:term":[{"taxonomy":"product_brand","embeddable":true,"href":"https:\/\/www.libraria-occitana.org\/oc\/wp-json\/wp\/v2\/product_brand?post=59881"},{"taxonomy":"product_cat","embeddable":true,"href":"https:\/\/www.libraria-occitana.org\/oc\/wp-json\/wp\/v2\/product_cat?post=59881"},{"taxonomy":"product_tag","embeddable":true,"href":"https:\/\/www.libraria-occitana.org\/oc\/wp-json\/wp\/v2\/product_tag?post=59881"}],"curies":[{"name":"wp","href":"https:\/\/api.w.org\/{rel}","templated":true}]}}