{"id":59913,"date":"2024-07-01T18:33:50","date_gmt":"2024-07-01T16:33:50","guid":{"rendered":"http:\/\/www.libraria-occitana.org\/product\/entre-les-ronces-de-la-fontaine\/"},"modified":"2026-04-15T23:46:21","modified_gmt":"2026-04-15T21:46:21","slug":"entre-les-ronces-de-la-fontaine","status":"publish","type":"product","link":"https:\/\/www.libraria-occitana.org\/oc\/produch\/entre-les-ronces-de-la-fontaine\/","title":{"rendered":"Entre les ronces de la fontaine"},"content":{"rendered":"<p><em>Entre les ronces de la fontaine<\/em>\u00a0est le r\u00e9cit plein de po\u00e9sie d&#8217;une enfance aussi rude qu&#8217;heureuse dans un village cern\u00e9 de p\u00e2tures et de bois, aux c\u00f4t\u00e9s de deux fr\u00e8res intr\u00e9pides, parmi vaches, poules et pintades et en compagnie de la jument Fricka qui emporte la fille des lieux \u00e0 travers la campagne.<\/p>\n<p>Agn\u00e8s Nouaille raconte l&#8217;agnelle Albertine, perdue et recueillie, la mort du grand ch\u00eane sacrifi\u00e9, les arbres qui lui parlent. Elle raconte les chiens, ces braves, qui menaient les troupeaux, levaient le gibier, gardaient les maisons ; le p\u00e9p\u00e9 qui tordait le vime pour faire les paniers ; les m\u00e9m\u00e9s toujours actives.<br \/>\nElle dit la chanson lumineuse que l&#8217;eau d\u00e9roulait dans les pr\u00e9s, avant de se faufiler jusqu&#8217;\u00e0 la fontaine pour y abreuver animaux et humains, laver le linge, la laine.<br \/>\nC&#8217;\u00e9tait un temps o\u00f9 les ronces vivaient en paix avec les femmes, elles qui savaient encore en pr\u00e9lever quelques boutons, pour apaiser la gorge.<\/p>\n<p>C&#8217;\u00e9tait hier.<\/p>\n<p>&nbsp;<\/p>\n","protected":false},"excerpt":{"rendered":"<p>Entre les ronces de la fontaine\u00a0est le r\u00e9cit plein de po\u00e9sie d&#8217;une enfance aussi rude qu&#8217;heureuse dans un village cern\u00e9 de p\u00e2tures et de bois, aux c\u00f4t\u00e9s de deux fr\u00e8res intr\u00e9pides, parmi vaches, poules et pintades et en compagnie de la jument Fricka qui emporte la fille des lieux \u00e0 travers la campagne. Agn\u00e8s Nouaille [&hellip;]<\/p>\n","protected":false},"featured_media":59911,"template":"","meta":{"_acf_changed":false,"_genesis_hide_title":false,"_genesis_hide_breadcrumbs":false,"_genesis_hide_singular_image":false,"_genesis_hide_footer_widgets":false,"_genesis_custom_body_class":"","_genesis_custom_post_class":"","_genesis_layout":""},"product_brand":[],"product_cat":[7133,7175,7187],"product_tag":[],"class_list":{"0":"post-59913","1":"product","2":"type-product","3":"status-publish","4":"has-post-thumbnail","6":"product_cat-libres-oc","7":"product_cat-literatura-oc","8":"product_cat-temonhatges-memoris-oc","9":"pa_auteur-nouaille-agnes-oc","10":"pa_editeur-maiade-oc","11":"pa_langue-francais-oc","12":"entry","14":"first","15":"instock","16":"shipping-taxable","17":"purchasable","18":"product-type-simple"},"acf":[],"_links":{"self":[{"href":"https:\/\/www.libraria-occitana.org\/oc\/wp-json\/wp\/v2\/product\/59913","targetHints":{"allow":["GET"]}}],"collection":[{"href":"https:\/\/www.libraria-occitana.org\/oc\/wp-json\/wp\/v2\/product"}],"about":[{"href":"https:\/\/www.libraria-occitana.org\/oc\/wp-json\/wp\/v2\/types\/product"}],"wp:featuredmedia":[{"embeddable":true,"href":"https:\/\/www.libraria-occitana.org\/oc\/wp-json\/wp\/v2\/media\/59911"}],"wp:attachment":[{"href":"https:\/\/www.libraria-occitana.org\/oc\/wp-json\/wp\/v2\/media?parent=59913"}],"wp:term":[{"taxonomy":"product_brand","embeddable":true,"href":"https:\/\/www.libraria-occitana.org\/oc\/wp-json\/wp\/v2\/product_brand?post=59913"},{"taxonomy":"product_cat","embeddable":true,"href":"https:\/\/www.libraria-occitana.org\/oc\/wp-json\/wp\/v2\/product_cat?post=59913"},{"taxonomy":"product_tag","embeddable":true,"href":"https:\/\/www.libraria-occitana.org\/oc\/wp-json\/wp\/v2\/product_tag?post=59913"}],"curies":[{"name":"wp","href":"https:\/\/api.w.org\/{rel}","templated":true}]}}