{"id":59970,"date":"2024-07-09T17:36:42","date_gmt":"2024-07-09T15:36:42","guid":{"rendered":"http:\/\/www.libraria-occitana.org\/?post_type=product&#038;p=59970"},"modified":"2026-04-29T10:13:13","modified_gmt":"2026-04-29T08:13:13","slug":"linguistique-et-colonialisme-petit-traite-de-glottophagie","status":"publish","type":"product","link":"https:\/\/www.libraria-occitana.org\/oc\/produch\/linguistique-et-colonialisme-petit-traite-de-glottophagie\/","title":{"rendered":"Linguistique et colonialisme : Petit trait\u00e9 de glottophagie"},"content":{"rendered":"<p>Ouvrage classique de la politologie plus encore que de la sociologie des langues, <em>Linguistique et colonialisme<\/em> a paru pour la premi\u00e8re fois en 1974 et c\u00e9l\u00e8bre par cette cinqui\u00e8me \u00e9dition son cinquanti\u00e8me anniversaire. Il s\u2019int\u00e9resse aux politiques des langues, que ce soit entre langues diff\u00e9rentes \u2013 par exemple avec la pr\u00e9\u00e9minence du <em>globish<\/em> dans les \u00e9changes scientifiques mondiaux \u2013 ou au sein d\u2019une m\u00eame langue par exemple lorsqu\u2019il s\u2019agit de r\u00e9duire des variantes r\u00e9gionales ou de r\u00e9former l\u2019orthographe. \u00c9crivant dans le contexte de la d\u00e9colonisation de l\u2019Afrique et de l\u2019Extr\u00eame-Orient, Louis-Jean Calvet s\u2019attache \u00e0 d\u00e9crire et illustrer la \u00ab glottophagie \u00bb, c\u2019est-\u00e0-dire ce qui se passe quand une langue en \u00ab\u2009mange\u00bb une autre comme c\u2019est le cas du fran\u00e7ais, de l\u2019anglais, de l\u2019espagnol et du portugais \u00e9liminant les langues natives par centaines sur le continent am\u00e9ricain. De pair avec l\u2019anthropologie physique, m\u00ealant les int\u00e9r\u00eats politiques, \u00e9conomiques et id\u00e9ologiques, la science des langues \u00e0 laquelle travaillent les linguistes a longtemps servi \u00e0 justifier l\u2019entreprise coloniale, non sans laisser d\u2019importantes s\u00e9quelles.<\/p>\n<p><a href=\"https:\/\/www.libraria-occitana.org\/wp-content\/uploads\/2024\/07\/tdm-de-1974.pdf\">\u2192 Consulter la table des mati\u00e8res de 1974<\/a><br \/>\n<a href=\"https:\/\/www.libraria-occitana.org\/wp-content\/uploads\/2024\/07\/tdm-de-2024.pdf\">\u2192 Consulter la table des mati\u00e8res de 2024<\/a><\/p>\n","protected":false},"excerpt":{"rendered":"<p>Ouvrage classique de la politologie plus encore que de la sociologie des langues, Linguistique et colonialisme a paru pour la premi\u00e8re fois en 1974 et c\u00e9l\u00e8bre par cette cinqui\u00e8me \u00e9dition son cinquanti\u00e8me anniversaire. Il s\u2019int\u00e9resse aux politiques des langues, que ce soit entre langues diff\u00e9rentes \u2013 par exemple avec la pr\u00e9\u00e9minence du globish dans les [&hellip;]<\/p>\n","protected":false},"featured_media":59973,"template":"","meta":{"_acf_changed":false,"_genesis_hide_title":false,"_genesis_hide_breadcrumbs":false,"_genesis_hide_singular_image":false,"_genesis_hide_footer_widgets":false,"_genesis_custom_body_class":"","_genesis_custom_post_class":"","_genesis_layout":""},"product_brand":[],"product_cat":[7133,7203],"product_tag":[],"class_list":{"0":"post-59970","1":"product","2":"type-product","3":"status-publish","4":"has-post-thumbnail","6":"product_cat-libres-oc","7":"product_cat-politica-sociologia-actualitat-oc","8":"pa_auteur-calvet-louis-jean-oc","9":"pa_editeur-lambert-lucas-oc","10":"pa_langue-francais-oc","11":"entry","13":"first","14":"outofstock","15":"shipping-taxable","16":"purchasable","17":"product-type-simple"},"acf":[],"_links":{"self":[{"href":"https:\/\/www.libraria-occitana.org\/oc\/wp-json\/wp\/v2\/product\/59970","targetHints":{"allow":["GET"]}}],"collection":[{"href":"https:\/\/www.libraria-occitana.org\/oc\/wp-json\/wp\/v2\/product"}],"about":[{"href":"https:\/\/www.libraria-occitana.org\/oc\/wp-json\/wp\/v2\/types\/product"}],"wp:featuredmedia":[{"embeddable":true,"href":"https:\/\/www.libraria-occitana.org\/oc\/wp-json\/wp\/v2\/media\/59973"}],"wp:attachment":[{"href":"https:\/\/www.libraria-occitana.org\/oc\/wp-json\/wp\/v2\/media?parent=59970"}],"wp:term":[{"taxonomy":"product_brand","embeddable":true,"href":"https:\/\/www.libraria-occitana.org\/oc\/wp-json\/wp\/v2\/product_brand?post=59970"},{"taxonomy":"product_cat","embeddable":true,"href":"https:\/\/www.libraria-occitana.org\/oc\/wp-json\/wp\/v2\/product_cat?post=59970"},{"taxonomy":"product_tag","embeddable":true,"href":"https:\/\/www.libraria-occitana.org\/oc\/wp-json\/wp\/v2\/product_tag?post=59970"}],"curies":[{"name":"wp","href":"https:\/\/api.w.org\/{rel}","templated":true}]}}