{"id":60048,"date":"2023-11-12T17:30:47","date_gmt":"2023-11-12T16:30:47","guid":{"rendered":"http:\/\/www.libraria-occitana.org\/?post_type=product&#038;p=60048"},"modified":"2026-04-25T03:21:42","modified_gmt":"2026-04-25T01:21:42","slug":"emile-grimal-cancons-de-la-barraqueta-rouergue","status":"publish","type":"product","link":"https:\/\/www.libraria-occitana.org\/oc\/produch\/emile-grimal-cancons-de-la-barraqueta-rouergue\/","title":{"rendered":"\u00c9mile Grimal : Can\u00e7ons de la Barraqueta (Rouergue)"},"content":{"rendered":"<p>D\u00e9cid\u00e9ment le Rouergue est un sacr\u00e9 pays de chanteurs ! Apr\u00e8s les disques consacr\u00e9s \u00e0 F\u00e9lix Tr\u00e9bosc puis \u00e0 <a href=\"http:\/\/www.libraria-occitana.org\/produit\/joseph-couderc-chanteur-du-segala-una-vida-de-cancons\/\">Joseph Couderc<\/a>, c\u2019est \u00e0 un nouveau voyage musical que nous vous invitons, avec \u00c9mile Grimal et ses amis.<\/p>\n<p>Nous avons rencontr\u00e9 \u00c9mile, dit Milou, en d\u00e9cembre 1994. Quelques mois plus tard, il a nous invit\u00e9 \u00e0 venir manger chez lui, \u00e0 la Baraquette (Tr\u00e9mouilles), avec plusieurs de ses amis chanteurs dont Louis son fr\u00e8re, F\u00e9lix Tr\u00e9bosc, Amans Durand, Ren\u00e9 Marty et Henri Jammes. Nous avons enregistr\u00e9 ce jour-l\u00e0, plus de cinq heures de chansons dans un ch\u0153ur spontan\u00e9 d\u2019hommes et de femmes, heureux de se retrouver autour d\u2019un bon repas.<\/p>\n<p>\u00c9mile \u00e9tait n\u00e9 en 1927 \u00e0 Arvieu (Aveyron) dans une famille o\u00f9 tout le monde chantait ensemble \u00e0 la moindre occasion (repas de f\u00eate, travaux agricoles, tuerie du cochon, etc.). Cette passion, Milou la perp\u00e9tua une grande partie de sa vie avec certains de ses fr\u00e8res et des amis dont beaucoup fr\u00e9quentaient comme lui les concours de quilles.<\/p>\n<p>Nous avons pens\u00e9 important de faire partager son talent et celui de ses amis, et de faire d\u00e9couvrir la richesse et la puissance du chant \u00e0 l\u2019unisson dans un petit coin du Rouergue.<\/p>\n<p>Car si l\u2019on pratique rarement la polyphonie en Occitanie, on n\u2019y d\u00e9veloppe pas moins un style et une esth\u00e9tique \u00e0 vous couper le souffle.<\/p>\n<p><strong>Titres :<\/strong><br \/>\n1. La can\u00e7on de Sant Joan. La chanson de Saint-Jean 4&#8217;21<br \/>\n2. Au fond de son jardin 2&#8217;33<br \/>\n3. Depuis Paris jusqu&#8217;\u00e0 Marseille 2&#8217;53<br \/>\n4. La quadreta 54&#8243;<br \/>\n5. Los dalhaires. Les faucheurs 4&#8217;20<br \/>\n6. Je suis fillette \u00e0 plaindre 4&#8217;02<br \/>\n7. La belle flamande 2&#8217;50<br \/>\n8. La calha 1&#8217;08<br \/>\n9. Quand lo pastor va deslargar. Quand le berger sort les brebis 4&#8217;28<br \/>\n10. La filha del pescaire. La fille du p\u00eacheur 2&#8217;41<br \/>\n11. Lo branlon 1&#8217;23<br \/>\n12. Lo boi\u00e8r. Le bouvier 3&#8217;36<br \/>\n13. J&#8217;ai fait une ma\u00eetresse 2&#8217;56<br \/>\n14. Dansez pas tant 40&#8243;<br \/>\n15. Mon p\u00e8re m&#8217;a nourri 3&#8242;<br \/>\n16. Aval lo l\u00f2ng del ribat\u00e8l. L\u00e0-bas le long de la rive 2&#8217;05<br \/>\n17. Passant et repassant cent fois devant sa porte 2&#8217;49<br \/>\n18. R\u00e9veillez-vous belle endormie 1&#8217;28<br \/>\n19. S&#8217;\u00e8ras polida. Si tu \u00e9tais jolie 1&#8217;03<br \/>\n20. Qui veut entendre une chanson 2&#8217;07<br \/>\n21. L&#8217;ermite 4&#8217;28<br \/>\n22. Son davalats. Ils sont descendus 54&#8243;<br \/>\n23. I a de damas qu&#8217;en las vegent. Il y a des dames qui quand on les voit 2&#8217;07<br \/>\n24. Pr\u00e8sta lo me ton taure. Pr\u00eate-moi ton taureau 27&#8243;<br \/>\n25. Trois rouliers de Provence 3&#8217;28<br \/>\n26. Escodrem quand nos plair\u00e0. Nous d\u00e9piquerons quand \u00e7a nous plaira 1&#8217;25<br \/>\n27. Que siasca l&#8217;iv\u00e8rn o l&#8217;estiu. Que ce soit l&#8217;hiver ou l&#8217;\u00e9t\u00e9 49&#8243;<br \/>\n28. Nous sommes trois gaillards conscrits 3&#8217;53<br \/>\n29. La bufati\u00e8ira. La danse des soufflets 24&#8243;<br \/>\n30. Borr\u00e8ias. Bourr\u00e9es 26&#8243;<br \/>\n31. En revenant de noces 2&#8217;59<\/p>\n","protected":false},"excerpt":{"rendered":"<p>D\u00e9cid\u00e9ment le Rouergue est un sacr\u00e9 pays de chanteurs ! Apr\u00e8s les disques consacr\u00e9s \u00e0 F\u00e9lix Tr\u00e9bosc puis \u00e0 Joseph Couderc, c\u2019est \u00e0 un nouveau voyage musical que nous vous invitons, avec \u00c9mile Grimal et ses amis. Nous avons rencontr\u00e9 \u00c9mile, dit Milou, en d\u00e9cembre 1994. Quelques mois plus tard, il a nous invit\u00e9 \u00e0 [&hellip;]<\/p>\n","protected":false},"featured_media":60053,"template":"","meta":{"_acf_changed":false,"_genesis_hide_title":false,"_genesis_hide_breadcrumbs":false,"_genesis_hide_singular_image":false,"_genesis_hide_footer_widgets":false,"_genesis_custom_body_class":"","_genesis_custom_post_class":"","_genesis_layout":""},"product_brand":[],"product_cat":[16683,7237],"product_tag":[],"class_list":{"0":"post-60048","1":"product","2":"type-product","3":"status-publish","4":"has-post-thumbnail","6":"product_cat-musica-oc","7":"product_cat-tradicion-oc","8":"pa_auteur-grimal-emile-oc","9":"pa_auteur-loddo-daniel-oc","10":"pa_auteur-ricard-celine-oc","11":"pa_editeur-cordae-la-talvera-oc","12":"pa_langue-francais-oc","13":"pa_langue-occitan-oc","14":"pa_langue-occitan-lengadocian-oc","15":"entry","17":"first","18":"instock","19":"shipping-taxable","20":"purchasable","21":"product-type-simple"},"acf":[],"_links":{"self":[{"href":"https:\/\/www.libraria-occitana.org\/oc\/wp-json\/wp\/v2\/product\/60048","targetHints":{"allow":["GET"]}}],"collection":[{"href":"https:\/\/www.libraria-occitana.org\/oc\/wp-json\/wp\/v2\/product"}],"about":[{"href":"https:\/\/www.libraria-occitana.org\/oc\/wp-json\/wp\/v2\/types\/product"}],"wp:featuredmedia":[{"embeddable":true,"href":"https:\/\/www.libraria-occitana.org\/oc\/wp-json\/wp\/v2\/media\/60053"}],"wp:attachment":[{"href":"https:\/\/www.libraria-occitana.org\/oc\/wp-json\/wp\/v2\/media?parent=60048"}],"wp:term":[{"taxonomy":"product_brand","embeddable":true,"href":"https:\/\/www.libraria-occitana.org\/oc\/wp-json\/wp\/v2\/product_brand?post=60048"},{"taxonomy":"product_cat","embeddable":true,"href":"https:\/\/www.libraria-occitana.org\/oc\/wp-json\/wp\/v2\/product_cat?post=60048"},{"taxonomy":"product_tag","embeddable":true,"href":"https:\/\/www.libraria-occitana.org\/oc\/wp-json\/wp\/v2\/product_tag?post=60048"}],"curies":[{"name":"wp","href":"https:\/\/api.w.org\/{rel}","templated":true}]}}