{"id":60070,"date":"2024-07-15T18:27:43","date_gmt":"2024-07-15T16:27:43","guid":{"rendered":"http:\/\/www.libraria-occitana.org\/?post_type=product&#038;p=60070"},"modified":"2026-04-25T07:57:01","modified_gmt":"2026-04-25T05:57:01","slug":"nos-ancetres-les-peuples-de-la-protohistoire-grecs-ligures-etrusques-phenico-carthaginois-iberes-aquitains-celtes-tectosages-arecomiques","status":"publish","type":"product","link":"https:\/\/www.libraria-occitana.org\/oc\/produch\/nos-ancetres-les-peuples-de-la-protohistoire-grecs-ligures-etrusques-phenico-carthaginois-iberes-aquitains-celtes-tectosages-arecomiques\/","title":{"rendered":"Nos anc\u00eatres les Peuples de la Protohistoire : Grecs, Ligures, \u00c9trusques, Ph\u00e9nico-Carthaginois, Ib\u00e8res, Aquitains, Celtes, Tectosages, Ar\u00e9comiques"},"content":{"rendered":"<p>Les bouleversements sociaux, \u00e9conomiques, politiques ont agit\u00e9 les soci\u00e9t\u00e9s europ\u00e9ennes et m\u00e9diterran\u00e9ennes depuis des temps imm\u00e9moriaux.<\/p>\n<p>\u00c0 la crois\u00e9e des grands axes europ\u00e9ens entre deux mers et deux montagnes et ouverte sur l&#8217;arc latin, l&#8217;Occitanie est un espace essentiel pour les relations maritimes, dans une M\u00e9diterran\u00e9e qui fut le &#8220;nombril&#8221; du commerce international et des relations entre les peuples depuis la Protohistoire.<\/p>\n<p>Nous allons voir ici quels sont les principaux peuples implant\u00e9s sur ces terres d&#8217;Oc ou qui les ont fortement impr\u00e9gn\u00e9es et dont nous sommes issus.<\/p>\n","protected":false},"excerpt":{"rendered":"<p>Les bouleversements sociaux, \u00e9conomiques, politiques ont agit\u00e9 les soci\u00e9t\u00e9s europ\u00e9ennes et m\u00e9diterran\u00e9ennes depuis des temps imm\u00e9moriaux. \u00c0 la crois\u00e9e des grands axes europ\u00e9ens entre deux mers et deux montagnes et ouverte sur l&#8217;arc latin, l&#8217;Occitanie est un espace essentiel pour les relations maritimes, dans une M\u00e9diterran\u00e9e qui fut le &#8220;nombril&#8221; du commerce international et des [&hellip;]<\/p>\n","protected":false},"featured_media":60067,"template":"","meta":{"_acf_changed":false,"_genesis_hide_title":false,"_genesis_hide_breadcrumbs":false,"_genesis_hide_singular_image":false,"_genesis_hide_footer_widgets":false,"_genesis_custom_body_class":"","_genesis_custom_post_class":"","_genesis_layout":""},"product_brand":[],"product_cat":[7155,7149,7133],"product_tag":[],"class_list":{"0":"post-60070","1":"product","2":"type-product","3":"status-publish","4":"has-post-thumbnail","6":"product_cat-istoria-antica-oc","7":"product_cat-istoria-geografia-oc","8":"product_cat-libres-oc","9":"pa_auteur-labouysse-georges-oc","10":"pa_editeur-infoc-occitania-oc","11":"pa_langue-francais-oc","12":"entry","14":"first","15":"instock","16":"shipping-taxable","17":"purchasable","18":"product-type-simple"},"acf":[],"_links":{"self":[{"href":"https:\/\/www.libraria-occitana.org\/oc\/wp-json\/wp\/v2\/product\/60070","targetHints":{"allow":["GET"]}}],"collection":[{"href":"https:\/\/www.libraria-occitana.org\/oc\/wp-json\/wp\/v2\/product"}],"about":[{"href":"https:\/\/www.libraria-occitana.org\/oc\/wp-json\/wp\/v2\/types\/product"}],"wp:featuredmedia":[{"embeddable":true,"href":"https:\/\/www.libraria-occitana.org\/oc\/wp-json\/wp\/v2\/media\/60067"}],"wp:attachment":[{"href":"https:\/\/www.libraria-occitana.org\/oc\/wp-json\/wp\/v2\/media?parent=60070"}],"wp:term":[{"taxonomy":"product_brand","embeddable":true,"href":"https:\/\/www.libraria-occitana.org\/oc\/wp-json\/wp\/v2\/product_brand?post=60070"},{"taxonomy":"product_cat","embeddable":true,"href":"https:\/\/www.libraria-occitana.org\/oc\/wp-json\/wp\/v2\/product_cat?post=60070"},{"taxonomy":"product_tag","embeddable":true,"href":"https:\/\/www.libraria-occitana.org\/oc\/wp-json\/wp\/v2\/product_tag?post=60070"}],"curies":[{"name":"wp","href":"https:\/\/api.w.org\/{rel}","templated":true}]}}