{"id":60102,"date":"2024-07-19T13:05:50","date_gmt":"2024-07-19T11:05:50","guid":{"rendered":"http:\/\/www.libraria-occitana.org\/product\/le-bois-loutil-le-geste-guide-pratique-de-fabrication-dobjets-usuels-en-bo\/"},"modified":"2026-04-29T10:13:48","modified_gmt":"2026-04-29T08:13:48","slug":"le-bois-loutil-le-geste-guide-pratique-de-fabrication-dobjets-usuels-en-bo","status":"publish","type":"product","link":"https:\/\/www.libraria-occitana.org\/oc\/produch\/le-bois-loutil-le-geste-guide-pratique-de-fabrication-dobjets-usuels-en-bo\/","title":{"rendered":"Le bois, l&#8217;outil, le geste : guide pratique de fabrication d&#8217;objets usuels en bois"},"content":{"rendered":"<p><strong>Le livre de r\u00e9f\u00e9rence pour r\u00e9aliser de beaux objets en bois !<\/strong><\/p>\n<p>Cet ouvrage richement illustr\u00e9 vous permettra de <strong>choisir le bois<\/strong> n\u00e9cessaire pour <strong>concevoir l\u2019objet usuel que vous souhaitez r\u00e9aliser<\/strong>. Vous apprendrez comment et quand couper le bois, mais aussi comment le stocker.<\/p>\n<p>Du louchet au coquetier, en passant par les peignes et les barrettes \u00e0 cheveux, apprenez une <strong>discipline simple, accessible \u00e0 tous<\/strong> d\u00e8s l\u2019adolescence. D\u00e9couvrez quels outils sont les plus adapt\u00e9s, mais aussi comment <strong>appr\u00e9hender l\u2019objet, son volume, tout en respectant le fil du bois<\/strong>.<\/p>\n<p>Dans ce livre clair et d\u00e9taill\u00e9, Bernard Bertrand vous guide \u00e9tape par \u00e9tape dans la confection de nombreux objets en bois qui enrichiront votre quotidien, pour vous permettre de <strong>renouer avec des techniques et gestes ancestraux<\/strong>.<\/p>\n<p>Cette activit\u00e9, <strong>un savoir-faire que vous pouvez acqu\u00e9rir en peu de temps et \u00e0 peu de frais<\/strong>, est extr\u00eamement valorisante et apporte beaucoup de satisfactions. Vous pourrez ainsi offrir \u00e0 vos proches un objet unique et pr\u00e9cieux que vous aurez cr\u00e9\u00e9.<\/p>\n","protected":false},"excerpt":{"rendered":"<p>Le livre de r\u00e9f\u00e9rence pour r\u00e9aliser de beaux objets en bois ! Cet ouvrage richement illustr\u00e9 vous permettra de choisir le bois n\u00e9cessaire pour concevoir l\u2019objet usuel que vous souhaitez r\u00e9aliser. Vous apprendrez comment et quand couper le bois, mais aussi comment le stocker. Du louchet au coquetier, en passant par les peignes et les [&hellip;]<\/p>\n","protected":false},"featured_media":60100,"template":"","meta":{"_acf_changed":false,"_genesis_hide_title":false,"_genesis_hide_breadcrumbs":false,"_genesis_hide_singular_image":false,"_genesis_hide_footer_widgets":false,"_genesis_custom_body_class":"","_genesis_custom_post_class":"","_genesis_layout":""},"product_brand":[],"product_cat":[7133,7213,7207],"product_tag":[],"class_list":{"0":"post-60102","1":"product","2":"type-product","3":"status-publish","4":"has-post-thumbnail","6":"product_cat-libres-oc","7":"product_cat-metiers-saubre-far-oc","8":"product_cat-tradicions-patrimoni-oc","9":"pa_auteur-bertrand-bernard-oc","10":"pa_editeur-editions-de-terran-oc","11":"pa_langue-francais-oc","12":"entry","14":"first","15":"instock","16":"shipping-taxable","17":"purchasable","18":"product-type-simple"},"acf":[],"_links":{"self":[{"href":"https:\/\/www.libraria-occitana.org\/oc\/wp-json\/wp\/v2\/product\/60102","targetHints":{"allow":["GET"]}}],"collection":[{"href":"https:\/\/www.libraria-occitana.org\/oc\/wp-json\/wp\/v2\/product"}],"about":[{"href":"https:\/\/www.libraria-occitana.org\/oc\/wp-json\/wp\/v2\/types\/product"}],"wp:featuredmedia":[{"embeddable":true,"href":"https:\/\/www.libraria-occitana.org\/oc\/wp-json\/wp\/v2\/media\/60100"}],"wp:attachment":[{"href":"https:\/\/www.libraria-occitana.org\/oc\/wp-json\/wp\/v2\/media?parent=60102"}],"wp:term":[{"taxonomy":"product_brand","embeddable":true,"href":"https:\/\/www.libraria-occitana.org\/oc\/wp-json\/wp\/v2\/product_brand?post=60102"},{"taxonomy":"product_cat","embeddable":true,"href":"https:\/\/www.libraria-occitana.org\/oc\/wp-json\/wp\/v2\/product_cat?post=60102"},{"taxonomy":"product_tag","embeddable":true,"href":"https:\/\/www.libraria-occitana.org\/oc\/wp-json\/wp\/v2\/product_tag?post=60102"}],"curies":[{"name":"wp","href":"https:\/\/api.w.org\/{rel}","templated":true}]}}