{"id":60105,"date":"2022-06-19T13:10:35","date_gmt":"2022-06-19T11:10:35","guid":{"rendered":"http:\/\/www.libraria-occitana.org\/?post_type=product&#038;p=60105"},"modified":"2026-04-16T20:46:16","modified_gmt":"2026-04-16T18:46:16","slug":"guide-du-travail-manuel-du-bois-a-la-plane-et-au-banc-a-planer","status":"publish","type":"product","link":"https:\/\/www.libraria-occitana.org\/oc\/produch\/guide-du-travail-manuel-du-bois-a-la-plane-et-au-banc-a-planer\/","title":{"rendered":"Guide du travail manuel du bois \u00e0 la plane et au banc \u00e0 planer"},"content":{"rendered":"<p>\u00c0 l\u2019heure de la d\u00e9pendance au tout-\u00e9lectrique, ce guide unique est une v\u00e9ritable bouff\u00e9e d\u2019oxyg\u00e8ne pour tous les amoureux de l\u2019ouvrage \u00ab fait main \u00bb. Magnifiquement illustr\u00e9, il pr\u00e9sente des plans simples et des tutoriels d\u00e9taill\u00e9s, pour r\u00e9aliser pas \u00e0 pas \u00ab vos \u00bb bancs \u2013 ceux qui seront adapt\u00e9s \u00e0 vos besoins \u2013 et de multiples objets en bois vert personnalis\u00e9s : petits couverts, bol, \u00e9chelle, tabouret, manches d\u2019outils, fendoir de vannerie, etc. Tous les ingr\u00e9dients sont r\u00e9unis pour satisfaire les plus exigeants et r\u00e9ussir cette nouvelle initiation artisanale, ou pour vous perfectionner. Ce <em>Guide du travail manuel du bois, \u00e0 la plane et au banc \u00e0 planer<\/em> est un outil irrempla\u00e7able pour retrouver une vraie autonomie cr\u00e9atrice.<\/p>\n","protected":false},"excerpt":{"rendered":"<p>\u00c0 l\u2019heure de la d\u00e9pendance au tout-\u00e9lectrique, ce guide unique est une v\u00e9ritable bouff\u00e9e d\u2019oxyg\u00e8ne pour tous les amoureux de l\u2019ouvrage \u00ab fait main \u00bb. Magnifiquement illustr\u00e9, il pr\u00e9sente des plans simples et des tutoriels d\u00e9taill\u00e9s, pour r\u00e9aliser pas \u00e0 pas \u00ab vos \u00bb bancs \u2013 ceux qui seront adapt\u00e9s \u00e0 vos besoins \u2013 et [&hellip;]<\/p>\n","protected":false},"featured_media":60108,"template":"","meta":{"_acf_changed":false,"_genesis_hide_title":false,"_genesis_hide_breadcrumbs":false,"_genesis_hide_singular_image":false,"_genesis_hide_footer_widgets":false,"_genesis_custom_body_class":"","_genesis_custom_post_class":"","_genesis_layout":""},"product_brand":[],"product_cat":[7133,7213,7207],"product_tag":[],"class_list":{"0":"post-60105","1":"product","2":"type-product","3":"status-publish","4":"has-post-thumbnail","6":"product_cat-libres-oc","7":"product_cat-metiers-saubre-far-oc","8":"product_cat-tradicions-patrimoni-oc","9":"pa_auteur-bertrand-bernard-oc","10":"pa_editeur-editions-de-terran-oc","11":"pa_langue-francais-oc","12":"entry","14":"first","15":"outofstock","16":"shipping-taxable","17":"purchasable","18":"product-type-simple"},"acf":[],"_links":{"self":[{"href":"https:\/\/www.libraria-occitana.org\/oc\/wp-json\/wp\/v2\/product\/60105","targetHints":{"allow":["GET"]}}],"collection":[{"href":"https:\/\/www.libraria-occitana.org\/oc\/wp-json\/wp\/v2\/product"}],"about":[{"href":"https:\/\/www.libraria-occitana.org\/oc\/wp-json\/wp\/v2\/types\/product"}],"wp:featuredmedia":[{"embeddable":true,"href":"https:\/\/www.libraria-occitana.org\/oc\/wp-json\/wp\/v2\/media\/60108"}],"wp:attachment":[{"href":"https:\/\/www.libraria-occitana.org\/oc\/wp-json\/wp\/v2\/media?parent=60105"}],"wp:term":[{"taxonomy":"product_brand","embeddable":true,"href":"https:\/\/www.libraria-occitana.org\/oc\/wp-json\/wp\/v2\/product_brand?post=60105"},{"taxonomy":"product_cat","embeddable":true,"href":"https:\/\/www.libraria-occitana.org\/oc\/wp-json\/wp\/v2\/product_cat?post=60105"},{"taxonomy":"product_tag","embeddable":true,"href":"https:\/\/www.libraria-occitana.org\/oc\/wp-json\/wp\/v2\/product_tag?post=60105"}],"curies":[{"name":"wp","href":"https:\/\/api.w.org\/{rel}","templated":true}]}}