{"id":60114,"date":"2023-12-19T13:29:06","date_gmt":"2023-12-19T12:29:06","guid":{"rendered":"http:\/\/www.libraria-occitana.org\/product\/faire-peau-neuve-redonner-vie-aux-livres-anciens\/"},"modified":"2026-04-02T22:56:52","modified_gmt":"2026-04-02T20:56:52","slug":"faire-peau-neuve-redonner-vie-aux-livres-anciens","status":"publish","type":"product","link":"https:\/\/www.libraria-occitana.org\/oc\/produch\/faire-peau-neuve-redonner-vie-aux-livres-anciens\/","title":{"rendered":"Faire peau neuve : Redonner vie aux livres anciens"},"content":{"rendered":"<p>Depuis sa cr\u00e9ation, en 2004, le Centre Fran\u00e7ois-Garnier a toujours eu \u00e0 c\u0153ur de faire restaurer les tr\u00e9sors du patrimoine \u00e9crit et graphique qu\u2019il conserve. En 2021, une exposition avait permis de mettre en regard des ouvrages restaur\u00e9s avec des photographies artistiques, r\u00e9alis\u00e9es par Anthony Perrot au sein d\u2019un atelier de reliure.<br \/>\nCe projet devient aujourd\u2019hui un livre. Gr\u00e2ce \u00e0 un partenariat avec La Reliure du Limousin, <em>Faire Peau Neuve<\/em> propose une approche sensible des m\u00e9tiers de la restauration des livres et documents anciens, par la mise en lumi\u00e8re des gestes, des mati\u00e8res et des outils utilis\u00e9s en reliure. Les mots du m\u00e9tier, qui donnent \u00e0 entendre sa langue propre, ne sont pas oubli\u00e9s.<\/p>\n<p>Sans ambitionner d\u2019\u00eatre un manuel de reliure, ni de proposer une histoire du livre, cet ouvrage entend contribuer \u00e0 la transmission de savoir-faire traditionnels, qui constituent une part essentielle de notre patrimoine culturel.<\/p>\n","protected":false},"excerpt":{"rendered":"<p>Depuis sa cr\u00e9ation, en 2004, le Centre Fran\u00e7ois-Garnier a toujours eu \u00e0 c\u0153ur de faire restaurer les tr\u00e9sors du patrimoine \u00e9crit et graphique qu\u2019il conserve. En 2021, une exposition avait permis de mettre en regard des ouvrages restaur\u00e9s avec des photographies artistiques, r\u00e9alis\u00e9es par Anthony Perrot au sein d\u2019un atelier de reliure. Ce projet devient [&hellip;]<\/p>\n","protected":false},"featured_media":60112,"template":"","meta":{"_acf_changed":false,"_genesis_hide_title":false,"_genesis_hide_breadcrumbs":false,"_genesis_hide_singular_image":false,"_genesis_hide_footer_widgets":false,"_genesis_custom_body_class":"","_genesis_custom_post_class":"","_genesis_layout":""},"product_brand":[],"product_cat":[7133,7207,7213],"product_tag":[],"class_list":{"0":"post-60114","1":"product","2":"type-product","3":"status-publish","4":"has-post-thumbnail","6":"product_cat-libres-oc","7":"product_cat-tradicions-patrimoni-oc","8":"product_cat-metiers-saubre-far-oc","9":"pa_auteur-collectiu-oc-2","10":"pa_auteur-geneste-olivier-oc","11":"pa_auteur-perrot-anthony-fr-oc","12":"pa_editeur-rencontre-avec-le-patrimoine-religieux-oc","13":"pa_langue-francais-oc","14":"entry","16":"first","17":"outofstock","18":"shipping-taxable","19":"purchasable","20":"product-type-simple"},"acf":[],"_links":{"self":[{"href":"https:\/\/www.libraria-occitana.org\/oc\/wp-json\/wp\/v2\/product\/60114","targetHints":{"allow":["GET"]}}],"collection":[{"href":"https:\/\/www.libraria-occitana.org\/oc\/wp-json\/wp\/v2\/product"}],"about":[{"href":"https:\/\/www.libraria-occitana.org\/oc\/wp-json\/wp\/v2\/types\/product"}],"wp:featuredmedia":[{"embeddable":true,"href":"https:\/\/www.libraria-occitana.org\/oc\/wp-json\/wp\/v2\/media\/60112"}],"wp:attachment":[{"href":"https:\/\/www.libraria-occitana.org\/oc\/wp-json\/wp\/v2\/media?parent=60114"}],"wp:term":[{"taxonomy":"product_brand","embeddable":true,"href":"https:\/\/www.libraria-occitana.org\/oc\/wp-json\/wp\/v2\/product_brand?post=60114"},{"taxonomy":"product_cat","embeddable":true,"href":"https:\/\/www.libraria-occitana.org\/oc\/wp-json\/wp\/v2\/product_cat?post=60114"},{"taxonomy":"product_tag","embeddable":true,"href":"https:\/\/www.libraria-occitana.org\/oc\/wp-json\/wp\/v2\/product_tag?post=60114"}],"curies":[{"name":"wp","href":"https:\/\/api.w.org\/{rel}","templated":true}]}}