{"id":60125,"date":"2022-11-19T16:38:20","date_gmt":"2022-11-19T15:38:20","guid":{"rendered":"http:\/\/www.libraria-occitana.org\/product\/istoria-dun-sauvatjot-je-suis-cet-enfant\/"},"modified":"2026-04-25T21:36:49","modified_gmt":"2026-04-25T19:36:49","slug":"istoria-dun-sauvatjot-je-suis-cet-enfant","status":"publish","type":"product","link":"https:\/\/www.libraria-occitana.org\/oc\/produch\/istoria-dun-sauvatjot-je-suis-cet-enfant\/","title":{"rendered":"Ist\u00f2ria d&#8217;un sauvatj\u00f2t &#8211; Je suis cet enfant"},"content":{"rendered":"<p><em>Ist\u00f2ria d\u2019un sauvatj\u00f2t<\/em> es un camin d\u2019enfan\u00e7a, vist amb los u\u00e8lhs d\u2019un dr\u00f2lle.<br \/>\nA la descob\u00e8rta del monde : l\u2019ostal, lo vesinatge, l\u2019esc\u00f2la, los plasers e las penas, la vida de cada jorn viscuda entre doas lengas, l\u2019occitan (lo pato\u00e8s, coma lo monde disi\u00e1n) e lo franc\u00e9s\u2026<\/p>\n<p>S\u00e8rgi Carles nos conta son caminament fins a l\u2019entrada a l\u2019Esc\u00f2la Normala dins una escritura autobiografica sensibla e generosa.<\/p>\n<p>Seguit d\u2019ua version francesa de l\u2019autor.<br \/>\nAmb un lexic occitan-franc\u00e9s.<\/p>\n","protected":false},"excerpt":{"rendered":"<p>Ist\u00f2ria d\u2019un sauvatj\u00f2t es un camin d\u2019enfan\u00e7a, vist amb los u\u00e8lhs d\u2019un dr\u00f2lle. A la descob\u00e8rta del monde : l\u2019ostal, lo vesinatge, l\u2019esc\u00f2la, los plasers e las penas, la vida de cada jorn viscuda entre doas lengas, l\u2019occitan (lo pato\u00e8s, coma lo monde disi\u00e1n) e lo franc\u00e9s\u2026 S\u00e8rgi Carles nos conta son caminament fins a [&hellip;]<\/p>\n","protected":false},"featured_media":60122,"template":"","meta":{"_acf_changed":false,"_genesis_hide_title":false,"_genesis_hide_breadcrumbs":false,"_genesis_hide_singular_image":false,"_genesis_hide_footer_widgets":false,"_genesis_custom_body_class":"","_genesis_custom_post_class":"","_genesis_layout":""},"product_brand":[],"product_cat":[7133,7175,7187],"product_tag":[],"class_list":{"0":"post-60125","1":"product","2":"type-product","3":"status-publish","4":"has-post-thumbnail","6":"product_cat-libres-oc","7":"product_cat-literatura-oc","8":"product_cat-temonhatges-memoris-oc","9":"pa_auteur-carles-sergi-carles-serge-oc","10":"pa_editeur-letras-doc-oc","11":"pa_langue-occitan-lengadocian-oc","12":"pa_langue-occitan-francais-oc","13":"entry","15":"first","16":"instock","17":"shipping-taxable","18":"purchasable","19":"product-type-simple"},"acf":[],"_links":{"self":[{"href":"https:\/\/www.libraria-occitana.org\/oc\/wp-json\/wp\/v2\/product\/60125","targetHints":{"allow":["GET"]}}],"collection":[{"href":"https:\/\/www.libraria-occitana.org\/oc\/wp-json\/wp\/v2\/product"}],"about":[{"href":"https:\/\/www.libraria-occitana.org\/oc\/wp-json\/wp\/v2\/types\/product"}],"wp:featuredmedia":[{"embeddable":true,"href":"https:\/\/www.libraria-occitana.org\/oc\/wp-json\/wp\/v2\/media\/60122"}],"wp:attachment":[{"href":"https:\/\/www.libraria-occitana.org\/oc\/wp-json\/wp\/v2\/media?parent=60125"}],"wp:term":[{"taxonomy":"product_brand","embeddable":true,"href":"https:\/\/www.libraria-occitana.org\/oc\/wp-json\/wp\/v2\/product_brand?post=60125"},{"taxonomy":"product_cat","embeddable":true,"href":"https:\/\/www.libraria-occitana.org\/oc\/wp-json\/wp\/v2\/product_cat?post=60125"},{"taxonomy":"product_tag","embeddable":true,"href":"https:\/\/www.libraria-occitana.org\/oc\/wp-json\/wp\/v2\/product_tag?post=60125"}],"curies":[{"name":"wp","href":"https:\/\/api.w.org\/{rel}","templated":true}]}}