{"id":60134,"date":"2022-05-19T17:44:42","date_gmt":"2022-05-19T15:44:42","guid":{"rendered":"http:\/\/www.libraria-occitana.org\/?post_type=product&#038;p=60134"},"modified":"2026-04-08T21:36:30","modified_gmt":"2026-04-08T19:36:30","slug":"les-materiaux-naturels-decorer-restaurer-et-construire","status":"publish","type":"product","link":"https:\/\/www.libraria-occitana.org\/oc\/produch\/les-materiaux-naturels-decorer-restaurer-et-construire\/","title":{"rendered":"Les mat\u00e9riaux naturels : D\u00e9corer, restaurer et construire"},"content":{"rendered":"<p>La chaux, le pl\u00e2tre, la terre, le bois, la laine, le chanvre\u2026 Autant de mat\u00e9riaux naturels respectueux de l\u2019environnement qui retrouvent aujourd\u2019hui leurs lettres de noblesse et la faveur des bricoleurs et des professionnels. Mais encore faut-il savoir les utiliser.<\/p>\n<ul>\n<li>Comment r\u00e9aliser une ma\u00e7onnerie de moellons, de pierres de taille, de briques ou de terre ?<\/li>\n<li>Quels mat\u00e9riaux choisir pour les enduits int\u00e9rieurs et ext\u00e9rieurs ?<\/li>\n<li>Comment cr\u00e9er des ouvertures ?<\/li>\n<li>Comment r\u00e9aliser une dalle ou poser un carrelage en terre ?<\/li>\n<li>Quelles essences de bois privil\u00e9gier selon l\u2019utilisation ?<\/li>\n<\/ul>\n<p>Dans cet ouvrage p\u00e9dagogique et pratique, Jean-Fran\u00e7ois Bertoncello et Julien Fouin consignent le fruit de leur exp\u00e9rience et pr\u00e9sentent d\u2019une fa\u00e7on claire et d\u00e9taill\u00e9e tout ce qu\u2019il faut savoir lorsque l\u2019on veut construire, restaurer ou d\u00e9corer sa maison avec des mat\u00e9riaux naturels.<\/p>\n","protected":false},"excerpt":{"rendered":"<p>La chaux, le pl\u00e2tre, la terre, le bois, la laine, le chanvre\u2026 Autant de mat\u00e9riaux naturels respectueux de l\u2019environnement qui retrouvent aujourd\u2019hui leurs lettres de noblesse et la faveur des bricoleurs et des professionnels. Mais encore faut-il savoir les utiliser. Comment r\u00e9aliser une ma\u00e7onnerie de moellons, de pierres de taille, de briques ou de terre [&hellip;]<\/p>\n","protected":false},"featured_media":60137,"template":"","meta":{"_acf_changed":false,"_genesis_hide_title":false,"_genesis_hide_breadcrumbs":false,"_genesis_hide_singular_image":false,"_genesis_hide_footer_widgets":false,"_genesis_custom_body_class":"","_genesis_custom_post_class":"","_genesis_layout":""},"product_brand":[],"product_cat":[7133,7213,7207],"product_tag":[],"class_list":{"0":"post-60134","1":"product","2":"type-product","3":"status-publish","4":"has-post-thumbnail","6":"product_cat-libres-oc","7":"product_cat-metiers-saubre-far-oc","8":"product_cat-tradicions-patrimoni-oc","9":"pa_auteur-bertoncello-jean-francois-oc","10":"pa_auteur-fouin-julien-oc","11":"pa_editeur-editions-du-rouergue-oc","12":"pa_langue-francais-oc","13":"entry","15":"first","16":"instock","17":"shipping-taxable","18":"purchasable","19":"product-type-simple"},"acf":[],"_links":{"self":[{"href":"https:\/\/www.libraria-occitana.org\/oc\/wp-json\/wp\/v2\/product\/60134","targetHints":{"allow":["GET"]}}],"collection":[{"href":"https:\/\/www.libraria-occitana.org\/oc\/wp-json\/wp\/v2\/product"}],"about":[{"href":"https:\/\/www.libraria-occitana.org\/oc\/wp-json\/wp\/v2\/types\/product"}],"wp:featuredmedia":[{"embeddable":true,"href":"https:\/\/www.libraria-occitana.org\/oc\/wp-json\/wp\/v2\/media\/60137"}],"wp:attachment":[{"href":"https:\/\/www.libraria-occitana.org\/oc\/wp-json\/wp\/v2\/media?parent=60134"}],"wp:term":[{"taxonomy":"product_brand","embeddable":true,"href":"https:\/\/www.libraria-occitana.org\/oc\/wp-json\/wp\/v2\/product_brand?post=60134"},{"taxonomy":"product_cat","embeddable":true,"href":"https:\/\/www.libraria-occitana.org\/oc\/wp-json\/wp\/v2\/product_cat?post=60134"},{"taxonomy":"product_tag","embeddable":true,"href":"https:\/\/www.libraria-occitana.org\/oc\/wp-json\/wp\/v2\/product_tag?post=60134"}],"curies":[{"name":"wp","href":"https:\/\/api.w.org\/{rel}","templated":true}]}}