{"id":60145,"date":"2022-11-19T17:51:33","date_gmt":"2022-11-19T16:51:33","guid":{"rendered":"http:\/\/www.libraria-occitana.org\/product\/murtres-en-cadena\/"},"modified":"2026-04-17T23:31:59","modified_gmt":"2026-04-17T21:31:59","slug":"murtres-en-cadena","status":"publish","type":"product","link":"https:\/\/www.libraria-occitana.org\/oc\/produch\/murtres-en-cadena\/","title":{"rendered":"Murtres en cadena"},"content":{"rendered":"<blockquote><p>E quan s'est\u00f3 sedut, la cara que'u s'illumin\u00e8 d'un gran arrisolet\u00e0s. Issa que sab\u00e8 en ef\u00e8it, dab tot \u00e7\u00f2 qui av\u00e8 podut pescar o subodorar a la botiga, maugrat lo netejatge complet de la sc\u00e8na de crimi, ua causa qu'\u00e8ra segura, tot ne s'\u00e8ra pas exactament passat com ac av\u00e8 dit lo ministre.<\/p><\/blockquote>\n<p>Joan-Miqu\u00e8u Dordeins que'ns balha un polici\u00e8r en gascon qui debuta dab la descob\u00e8rta de dus m\u00f2rts, a costat d'ua manifestacion en la Republica deu Banthana. L'ahar qu'ei viste classat mes qu'ei shens comptar sus ua jornalista capborruda e un comissari drin despassat.<\/p>\n","protected":false},"excerpt":{"rendered":"<p>E quan s&#8217;est\u00f3 sedut, la cara que&#8217;u s&#8217;illumin\u00e8 d&#8217;un gran arrisolet\u00e0s. Issa que sab\u00e8 en ef\u00e8it, dab tot \u00e7\u00f2 qui av\u00e8 podut pescar o subodorar a la botiga, maugrat lo netejatge complet de la sc\u00e8na de crimi, ua causa qu&#8217;\u00e8ra segura, tot ne s&#8217;\u00e8ra pas exactament passat com ac av\u00e8 dit lo ministre. Joan-Miqu\u00e8u Dordeins [&hellip;]<\/p>\n","protected":false},"featured_media":60142,"template":"","meta":{"_acf_changed":false,"_genesis_hide_title":false,"_genesis_hide_breadcrumbs":false,"_genesis_hide_singular_image":false,"_genesis_hide_footer_widgets":false,"_genesis_custom_body_class":"","_genesis_custom_post_class":"","_genesis_layout":""},"product_brand":[],"product_cat":[7133,7175,7183],"product_tag":[],"class_list":{"0":"post-60145","1":"product","2":"type-product","3":"status-publish","4":"has-post-thumbnail","6":"product_cat-libres-oc","7":"product_cat-literatura-oc","8":"product_cat-romans-novelas-oc","9":"pa_auteur-dordeins-joan-miqueu-oc","10":"pa_editeur-reclams-oc","11":"pa_langue-occitan-oc","12":"pa_langue-occitan-gascon-oc","13":"entry","15":"first","16":"instock","17":"shipping-taxable","18":"purchasable","19":"product-type-simple"},"acf":[],"_links":{"self":[{"href":"https:\/\/www.libraria-occitana.org\/oc\/wp-json\/wp\/v2\/product\/60145","targetHints":{"allow":["GET"]}}],"collection":[{"href":"https:\/\/www.libraria-occitana.org\/oc\/wp-json\/wp\/v2\/product"}],"about":[{"href":"https:\/\/www.libraria-occitana.org\/oc\/wp-json\/wp\/v2\/types\/product"}],"wp:featuredmedia":[{"embeddable":true,"href":"https:\/\/www.libraria-occitana.org\/oc\/wp-json\/wp\/v2\/media\/60142"}],"wp:attachment":[{"href":"https:\/\/www.libraria-occitana.org\/oc\/wp-json\/wp\/v2\/media?parent=60145"}],"wp:term":[{"taxonomy":"product_brand","embeddable":true,"href":"https:\/\/www.libraria-occitana.org\/oc\/wp-json\/wp\/v2\/product_brand?post=60145"},{"taxonomy":"product_cat","embeddable":true,"href":"https:\/\/www.libraria-occitana.org\/oc\/wp-json\/wp\/v2\/product_cat?post=60145"},{"taxonomy":"product_tag","embeddable":true,"href":"https:\/\/www.libraria-occitana.org\/oc\/wp-json\/wp\/v2\/product_tag?post=60145"}],"curies":[{"name":"wp","href":"https:\/\/api.w.org\/{rel}","templated":true}]}}