{"id":60170,"date":"2024-07-23T18:49:53","date_gmt":"2024-07-23T16:49:53","guid":{"rendered":"http:\/\/www.libraria-occitana.org\/?post_type=product&#038;p=60170"},"modified":"2026-04-25T02:26:51","modified_gmt":"2026-04-25T00:26:51","slug":"ati-me-care","status":"publish","type":"product","link":"https:\/\/www.libraria-occitana.org\/oc\/produch\/ati-me-care\/","title":{"rendered":"Ati me care"},"content":{"rendered":"<p><strong>Guillaume Bouteloup :<\/strong> Vielle \u00e0 roue<br \/>\n<strong>C\u00e9dric Bach\u00e8lerie :<\/strong> Cabrette, pieds<br \/>\n<strong>Thomas Restoin :<\/strong> Accord\u00e9on chromatique<br \/>\nInvit\u00e9s : La Bresse et la Gascogne (plage 5), les danseurs et les danseuses de la Grange de Duminiac (plages 1 \u00e0 17).<\/p>\n<p>Traditionnel : Auvergne (12 titres), Auvergnats de Paris (2 titres), Limousin (4 titres), Aubrac (1 titre), Rouergue (1 titre), Bresse (1 titre), Gascogne (1 titre).<br \/>\nCompositions : C\u00e9dric Bach\u00e8lerie (2 titres), Michel Dalle (1 titre), Marcel Piaud (1 titre), Jean-Claude Rieu (1 titre), Tonin Troupel (1 titre).<br \/>\nLivret 8 pages. Indication des sources.<\/p>\n<p>Ati me care : l\u2019efficacit\u00e9 et le charme d\u2019une musique \u00e0 danser prise sur le vif, le soir au cours d\u2019un bal \u00e0 Duminiac-La-Grange, en Haute-Loire, lieu \u00f4 combien chaleureux et propice \u00e0 la danse. Un r\u00e9pertoire finement construit et tr\u00e8s bien inform\u00e9, C\u00e9dric Bach\u00e8lerie \u00e0 la cabrette, Guillaume Bouteloup \u00e0 la vielle et Thomas Restoin \u00e0 l\u2019accord\u00e9on : ne vous \u00e9tonnez pas si vos jambes fourmillent, il est d\u00e9di\u00e9 \u00ab aux frapp\u00e9s des danseurs\u2026 \u00bb Et vous comprendrez \u00e0 l\u2019\u00e9coute ce qu\u2019<em>ati me care<\/em> veut dire\u2026<\/p>\n<p style=\"text-align: right;\">AEPEM<\/p>\n<p><strong>Titres :<\/strong><br \/>\n1. Bourre\u0301e d\u2019Aumont \/ La Bardoise \/ Ma No de Boulamoy 4\u201904 (Bourre\u0301es a\u0300 3 temps, Auvergnats de Paris \/ M. Dalle \/ C. Bache\u0300lerie) 4&#8217;04<br \/>\n2. Polka d\u2019Albespy \/ Le Vaillantinou (Polkas, Rouergue \/ T. Troupel) 3\u201948<br \/>\n3. La Cornadelle \/ Les forgerons aiment le vin (Bourre\u0301es a\u0300 3 temps, M. Piaud \/ Auvergne) 4\u201902<br \/>\n4. Fai\u0308 ton tra \/ Vicaire (Scottishs, Limousin) 2\u201957<br \/>\n5. Sous ta fene\u0302tre \/ La berge\u0300re seulette (Valses, Bresse \/ Gascogne) 5\u201910<br \/>\n6. La Marguerite \/ Bourre\u0301e a\u0300 Tournadre (Bourre\u0301es a\u0300 3 temps, Auvergne) 3\u201924<br \/>\n7. Mazurka a\u0300 Laurent Richard \/ La Francinette (Mazurkas, Auvergne \/ J.-C. Rieu) 4\u201946<br \/>\n8. La jolie Flamande (Marche, Auvergne) 2\u201934<br \/>\n9. Le cure\u0301 que le\u0301 maridave \/ Boubou des Gayores (Bourre\u0301es a\u0300 3 temps, Auvergne \/ C. Bache\u0300lerie) 3\u201931<br \/>\n10. A Saint-Pardoux (Valse, Limousin) 3\u201954<br \/>\n11. Bourre\u0301e a\u0300 Lachaize \/ La Planquette \/ La tsabreute de Dzouze\u0301 (Bourre\u0301es a\u0300 3 temps, Auvergne) 3&#8217;17<br \/>\n12. Ati Me Care (Polka, Auvergnats de Paris) 2&#8217;27<br \/>\n13. Juliette (Mazurka, Auvergne) 3&#8217;20<br \/>\n14. Bourre\u0300i\u0308o a\u0300 Nanette \/ Maridon l\u2019inade (Bourre\u0301es a\u0300 3 temps, Auvergne) 3&#8217;56<br \/>\n15. Scottish a\u0300 Marliac \/ La glissante (Scottishs, Limousin \/ Auvergnats de Paris) 3&#8217;40<br \/>\n16. Moun Annetto (Valse, Aubrac) 4&#8217;33<br \/>\n17. Bourre\u0301e de Saint-Gervais (Bourre\u0301e a\u0300 3 temps, Rouergue) 5&#8217;04<\/p>\n","protected":false},"excerpt":{"rendered":"<p>Guillaume Bouteloup : Vielle \u00e0 roue C\u00e9dric Bach\u00e8lerie : Cabrette, pieds Thomas Restoin : Accord\u00e9on chromatique Invit\u00e9s : La Bresse et la Gascogne (plage 5), les danseurs et les danseuses de la Grange de Duminiac (plages 1 \u00e0 17). Traditionnel : Auvergne (12 titres), Auvergnats de Paris (2 titres), Limousin (4 titres), Aubrac (1 titre), [&hellip;]<\/p>\n","protected":false},"featured_media":60173,"template":"","meta":{"_acf_changed":false,"_genesis_hide_title":false,"_genesis_hide_breadcrumbs":false,"_genesis_hide_singular_image":false,"_genesis_hide_footer_widgets":false,"_genesis_custom_body_class":"","_genesis_custom_post_class":"","_genesis_layout":""},"product_brand":[],"product_cat":[16683,7229],"product_tag":[],"class_list":{"0":"post-60170","1":"product","2":"type-product","3":"status-publish","4":"has-post-thumbnail","6":"product_cat-musica-oc","7":"product_cat-novela-tradicion-oc","8":"pa_auteur-ati-me-care-oc","9":"pa_editeur-aepem-oc","10":"pa_langue-francais-oc","11":"entry","13":"first","14":"instock","15":"shipping-taxable","16":"purchasable","17":"product-type-simple"},"acf":[],"_links":{"self":[{"href":"https:\/\/www.libraria-occitana.org\/oc\/wp-json\/wp\/v2\/product\/60170","targetHints":{"allow":["GET"]}}],"collection":[{"href":"https:\/\/www.libraria-occitana.org\/oc\/wp-json\/wp\/v2\/product"}],"about":[{"href":"https:\/\/www.libraria-occitana.org\/oc\/wp-json\/wp\/v2\/types\/product"}],"wp:featuredmedia":[{"embeddable":true,"href":"https:\/\/www.libraria-occitana.org\/oc\/wp-json\/wp\/v2\/media\/60173"}],"wp:attachment":[{"href":"https:\/\/www.libraria-occitana.org\/oc\/wp-json\/wp\/v2\/media?parent=60170"}],"wp:term":[{"taxonomy":"product_brand","embeddable":true,"href":"https:\/\/www.libraria-occitana.org\/oc\/wp-json\/wp\/v2\/product_brand?post=60170"},{"taxonomy":"product_cat","embeddable":true,"href":"https:\/\/www.libraria-occitana.org\/oc\/wp-json\/wp\/v2\/product_cat?post=60170"},{"taxonomy":"product_tag","embeddable":true,"href":"https:\/\/www.libraria-occitana.org\/oc\/wp-json\/wp\/v2\/product_tag?post=60170"}],"curies":[{"name":"wp","href":"https:\/\/api.w.org\/{rel}","templated":true}]}}